{"id":4738,"date":"2024-11-01T09:08:19","date_gmt":"2024-11-01T09:08:19","guid":{"rendered":"https:\/\/ruumistruumi.ee\/pood\/beez-kummut-rimini-ri08-paulownia-puidust\/"},"modified":"2025-07-22T17:46:30","modified_gmt":"2025-07-22T17:46:30","slug":"beez-kummut-rimini-ri08-lehtpuu-puidust","status":"publish","type":"product","link":"https:\/\/blankpage.ee\/_ruumist-ruumi\/pood\/beez-kummut-rimini-ri08-lehtpuu-puidust\/","title":{"rendered":"Bee\u017e kummut Rimini RI08, lehtpuu puidust"},"content":{"rendered":"<p>Rimini RI08 kapp elutuppa. See Provencal stiilis vitriinkapp on elegantne lisand teie elutuppa, \u00fchendades endas praktilisuse ja klassikalise ilu. Kapi kreemjas toon koos heleda pruuni pealispinnaga loob rahuliku ja kutsuva atmosf\u00e4\u00e4ri. Kapi metallist karbikujulised k\u00e4epidemed ja kumerad jalad lisavad sellele unikaalset v\u00f5lu.<\/p>\n<p>Omadused:<br \/>\n<strong>Materjal:<\/strong> Paulownia puit ja MDF.<br \/>\n<strong>V\u00e4rv:<\/strong> Kreemjas korpus, hele pruun pealispind.<br \/>\n<strong>M\u00f5\u00f5tmed:<\/strong> Laius 120 cm, s\u00fcgavus 40 cm, k\u00f5rgus 85 cm.<br \/>\n<strong>T\u00e4iendavad detailid:<\/strong> 3 ust ja 2 riiulit, mis pakuvad rohkelt hoiuruumi. Metallist k\u00e4epidemed lisavad stiilset viimistlust.<br \/>\n<strong>Kokkupanek:<\/strong> Kokkupandud, ei vaja paigaldust. S\u00e4\u00e4stab aega ja vaeva.<\/p>\n<p>&nbsp;<\/p>\n","protected":false},"excerpt":{"rendered":"<p>Rimini RI08 kapp elutuppa. See Provencal stiilis vitriinkapp on elegantne lisand teie elutuppa, \u00fchendades endas praktilisuse ja klassikalise ilu. Kapi kreemjas toon koos heleda pruuni pealispinnaga loob rahuliku ja kutsuva atmosf\u00e4\u00e4ri. Kapi metallist karbikujulised k\u00e4epidemed ja kumerad jalad lisavad sellele unikaalset v\u00f5lu. Omadused: Materjal: Paulownia puit ja MDF. V\u00e4rv: Kreemjas korpus, hele pruun pealispind. M\u00f5\u00f5tmed: [&hellip;]<\/p>\n","protected":false},"featured_media":4739,"comment_status":"open","ping_status":"closed","template":"","meta":[],"product_brand":[],"product_cat":[81],"product_tag":[],"class_list":{"0":"post-4738","1":"product","2":"type-product","3":"status-publish","4":"has-post-thumbnail","6":"product_cat-kapid-riiulid-ja-kummutid","7":"product_shipping_class-livin-hill","8":"pa_kaepidemed-metall","9":"pa_kollektsioon-rimini","10":"pa_materjal-paulownia-puit","11":"pa_riiulite-arv-76","12":"pa_sahtlite-arv-95","13":"pa_uste-arv-84","14":"pa_varv-beez","16":"first","17":"outofstock","18":"sale","19":"taxable","20":"shipping-taxable","21":"purchasable","22":"product-type-simple"},"_links":{"self":[{"href":"https:\/\/blankpage.ee\/_ruumist-ruumi\/wp-json\/wp\/v2\/product\/4738","targetHints":{"allow":["GET"]}}],"collection":[{"href":"https:\/\/blankpage.ee\/_ruumist-ruumi\/wp-json\/wp\/v2\/product"}],"about":[{"href":"https:\/\/blankpage.ee\/_ruumist-ruumi\/wp-json\/wp\/v2\/types\/product"}],"replies":[{"embeddable":true,"href":"https:\/\/blankpage.ee\/_ruumist-ruumi\/wp-json\/wp\/v2\/comments?post=4738"}],"wp:featuredmedia":[{"embeddable":true,"href":"https:\/\/blankpage.ee\/_ruumist-ruumi\/wp-json\/wp\/v2\/media\/4739"}],"wp:attachment":[{"href":"https:\/\/blankpage.ee\/_ruumist-ruumi\/wp-json\/wp\/v2\/media?parent=4738"}],"wp:term":[{"taxonomy":"product_brand","embeddable":true,"href":"https:\/\/blankpage.ee\/_ruumist-ruumi\/wp-json\/wp\/v2\/product_brand?post=4738"},{"taxonomy":"product_cat","embeddable":true,"href":"https:\/\/blankpage.ee\/_ruumist-ruumi\/wp-json\/wp\/v2\/product_cat?post=4738"},{"taxonomy":"product_tag","embeddable":true,"href":"https:\/\/blankpage.ee\/_ruumist-ruumi\/wp-json\/wp\/v2\/product_tag?post=4738"}],"curies":[{"name":"wp","href":"https:\/\/api.w.org\/{rel}","templated":true}]}}