{"id":4754,"date":"2024-11-01T09:09:24","date_gmt":"2024-11-01T09:09:24","guid":{"rendered":"https:\/\/ruumistruumi.ee\/pood\/valge-raamaturiiul-latina-la02-paulownia-puidust-mdf-st\/"},"modified":"2025-07-15T18:41:26","modified_gmt":"2025-07-15T18:41:26","slug":"valge-raamaturiiul-latina-la02-lehtpuu-puidust","status":"publish","type":"product","link":"https:\/\/blankpage.ee\/_ruumist-ruumi\/pood\/valge-raamaturiiul-latina-la02-lehtpuu-puidust\/","title":{"rendered":"Valge raamaturiiul Latina LA02, lehtpuu puidust"},"content":{"rendered":"<p>Latina LA02 vitriinkapp kodukontorisse. See klassikalises stiilis stiilne vitriinkapp on ideaalne t\u00e4iendus teie kodukontorisse, pakkudes nii esteetilist kui ka praktilist v\u00e4\u00e4rtust. Valmistatud kvaliteetsest Paulownia puidust ja MDF-ist, on see kapp viimistletud valge mati pinnaga, mis sobib suurep\u00e4raselt erinevatesse interj\u00f6\u00f6ridesse. Dekoratiivsed metallist k\u00e4epidemed messingitoonis ja kaunilt nikerdatud sokkel lisavad sellele elegantset ilmet.<\/p>\n<p>Vitriinkapp pakub rohkelt hoiuruumi, sealhulgas kolme avarat riiulit ja kahte sahtlit, mis liiguvad sujuvalt puidust siinidel. See v\u00f5imaldab teil hoida oma raamatud, dokumendid ja dekoratiivesemed korrastatult ning k\u00e4eulatuses. Kapi korpus, viimistlus ja soklid on hoolikalt t\u00f6\u00f6deldud, et tagada vastupidavus ja pikaealisus.<\/p>\n<p>Omadused:<br \/>\n<strong>Materjal:<\/strong> Paulownia puit ja MDF.<br \/>\n<strong>V\u00e4rv:<\/strong> Valge, messingitooni k\u00e4epidemed.<br \/>\n<strong>M\u00f5\u00f5tmed:<\/strong> Laius 90 cm, s\u00fcgavus 39 cm, k\u00f5rgus 185 cm.<br \/>\n<strong>T\u00e4iendavad detailid:<\/strong> Kolm riiulit ja kaks sahtlit, metallist k\u00e4epidemed.<br \/>\n<strong>Kokkupanek:<\/strong> Kokkupandud, ei vaja paigaldust. S\u00e4\u00e4stab aega ja vaeva.<\/p>\n<p>&nbsp;<\/p>\n","protected":false},"excerpt":{"rendered":"<p>Latina LA02 vitriinkapp kodukontorisse. See klassikalises stiilis stiilne vitriinkapp on ideaalne t\u00e4iendus teie kodukontorisse, pakkudes nii esteetilist kui ka praktilist v\u00e4\u00e4rtust. Valmistatud kvaliteetsest Paulownia puidust ja MDF-ist, on see kapp viimistletud valge mati pinnaga, mis sobib suurep\u00e4raselt erinevatesse interj\u00f6\u00f6ridesse. Dekoratiivsed metallist k\u00e4epidemed messingitoonis ja kaunilt nikerdatud sokkel lisavad sellele elegantset ilmet. Vitriinkapp pakub rohkelt hoiuruumi, [&hellip;]<\/p>\n","protected":false},"featured_media":10106,"comment_status":"open","ping_status":"closed","template":"","meta":[],"product_brand":[],"product_cat":[97],"product_tag":[],"class_list":{"0":"post-4754","1":"product","2":"type-product","3":"status-publish","4":"has-post-thumbnail","6":"product_cat-raamaturiiulid","7":"product_shipping_class-livin-hill","8":"pa_kaepidemed-metall","9":"pa_kollektsioon-latina","10":"pa_materjal-paulownia-puit","11":"pa_riiulite-arv-89","12":"pa_sahtlite-arv-74","13":"pa_varv-valge","15":"first","16":"outofstock","17":"sale","18":"taxable","19":"shipping-taxable","20":"purchasable","21":"product-type-simple"},"_links":{"self":[{"href":"https:\/\/blankpage.ee\/_ruumist-ruumi\/wp-json\/wp\/v2\/product\/4754","targetHints":{"allow":["GET"]}}],"collection":[{"href":"https:\/\/blankpage.ee\/_ruumist-ruumi\/wp-json\/wp\/v2\/product"}],"about":[{"href":"https:\/\/blankpage.ee\/_ruumist-ruumi\/wp-json\/wp\/v2\/types\/product"}],"replies":[{"embeddable":true,"href":"https:\/\/blankpage.ee\/_ruumist-ruumi\/wp-json\/wp\/v2\/comments?post=4754"}],"wp:featuredmedia":[{"embeddable":true,"href":"https:\/\/blankpage.ee\/_ruumist-ruumi\/wp-json\/wp\/v2\/media\/10106"}],"wp:attachment":[{"href":"https:\/\/blankpage.ee\/_ruumist-ruumi\/wp-json\/wp\/v2\/media?parent=4754"}],"wp:term":[{"taxonomy":"product_brand","embeddable":true,"href":"https:\/\/blankpage.ee\/_ruumist-ruumi\/wp-json\/wp\/v2\/product_brand?post=4754"},{"taxonomy":"product_cat","embeddable":true,"href":"https:\/\/blankpage.ee\/_ruumist-ruumi\/wp-json\/wp\/v2\/product_cat?post=4754"},{"taxonomy":"product_tag","embeddable":true,"href":"https:\/\/blankpage.ee\/_ruumist-ruumi\/wp-json\/wp\/v2\/product_tag?post=4754"}],"curies":[{"name":"wp","href":"https:\/\/api.w.org\/{rel}","templated":true}]}}