{"id":4756,"date":"2024-11-01T09:09:49","date_gmt":"2024-11-01T09:09:49","guid":{"rendered":"https:\/\/ruumistruumi.ee\/pood\/valge-vitriinkapp-latina-la04-paulownia-puidust\/"},"modified":"2025-07-15T18:41:27","modified_gmt":"2025-07-15T18:41:27","slug":"valge-vitriinkapp-latina-la04-lehtpuu-puidust","status":"publish","type":"product","link":"https:\/\/blankpage.ee\/_ruumist-ruumi\/pood\/valge-vitriinkapp-latina-la04-lehtpuu-puidust\/","title":{"rendered":"Valge vitriinkapp Latina LA04, lehtpuu puidust"},"content":{"rendered":"<p>Latina LA04 vitriinkapp elutuppa. See stiilne vitriinkapp on klassikalises stiilis, kaunistatud dekoratiivsete metallist k\u00e4epidemetega, mis on messingitooni ja nikerdustega alusel. Kapi korpus, \u00fclaosa ja soklid on valged, mattviimistlusega, lisades ruumile elegantset ja ajatut h\u00f5ngu. Kapp on varustatud kolme riiuli ja \u00fche vasakule avaneva uksega, pakkudes piisavalt ruumi teie lemmikesemete esitlemiseks.<\/p>\n<p>Vitriinkapp Latina kollektsioonist on valmistatud kvaliteetsest Paulownia puidust ja MDF-ist, tagades vastupidavuse ja pikaealisuse. Kapi m\u00f5\u00f5tmed on 49 cm lai, 39 cm s\u00fcgav ja 180 cm k\u00f5rge, mis muudab selle ideaalseks valikuks nii v\u00e4iksematesse kui ka avaramatesse elutubadesse. Kapp on kokkupandud, ei vaja paigaldust, s\u00e4\u00e4stes teie aega ja vaeva.<\/p>\n<p>Omadused:<br \/>\n<strong>Materjal:<\/strong> Paulownia puit ja MDF.<br \/>\n<strong>V\u00e4rv:<\/strong> Valge, messingitooni metallist k\u00e4epidemed.<br \/>\n<strong>M\u00f5\u00f5tmed:<\/strong> Laius 49 cm, s\u00fcgavus 39 cm, k\u00f5rgus 180 cm.<br \/>\n<strong>T\u00e4iendavad detailid:<\/strong> Neli riiulit ja \u00fcks uks, dekoratiivsed metallist k\u00e4epidemed.<br \/>\n<strong>Kokkupanek:<\/strong> Kokkupandud, ei vaja paigaldust.<\/p>\n<p>&nbsp;<\/p>\n","protected":false},"excerpt":{"rendered":"<p>Latina LA04 vitriinkapp elutuppa. See stiilne vitriinkapp on klassikalises stiilis, kaunistatud dekoratiivsete metallist k\u00e4epidemetega, mis on messingitooni ja nikerdustega alusel. Kapi korpus, \u00fclaosa ja soklid on valged, mattviimistlusega, lisades ruumile elegantset ja ajatut h\u00f5ngu. Kapp on varustatud kolme riiuli ja \u00fche vasakule avaneva uksega, pakkudes piisavalt ruumi teie lemmikesemete esitlemiseks. Vitriinkapp Latina kollektsioonist on valmistatud [&hellip;]<\/p>\n","protected":false},"featured_media":4774,"comment_status":"open","ping_status":"closed","template":"","meta":[],"product_brand":[],"product_cat":[73],"product_tag":[],"class_list":{"0":"post-4756","1":"product","2":"type-product","3":"status-publish","4":"has-post-thumbnail","6":"product_cat-vitriinkapid","7":"product_shipping_class-livin-hill","8":"pa_kaepidemed-metall","9":"pa_kollektsioon-latina","10":"pa_materjal-paulownia-puit","11":"pa_riiulite-arv-110","12":"pa_uste-arv-88","13":"pa_varv-valge","15":"first","16":"outofstock","17":"sale","18":"taxable","19":"shipping-taxable","20":"purchasable","21":"product-type-simple"},"_links":{"self":[{"href":"https:\/\/blankpage.ee\/_ruumist-ruumi\/wp-json\/wp\/v2\/product\/4756","targetHints":{"allow":["GET"]}}],"collection":[{"href":"https:\/\/blankpage.ee\/_ruumist-ruumi\/wp-json\/wp\/v2\/product"}],"about":[{"href":"https:\/\/blankpage.ee\/_ruumist-ruumi\/wp-json\/wp\/v2\/types\/product"}],"replies":[{"embeddable":true,"href":"https:\/\/blankpage.ee\/_ruumist-ruumi\/wp-json\/wp\/v2\/comments?post=4756"}],"wp:featuredmedia":[{"embeddable":true,"href":"https:\/\/blankpage.ee\/_ruumist-ruumi\/wp-json\/wp\/v2\/media\/4774"}],"wp:attachment":[{"href":"https:\/\/blankpage.ee\/_ruumist-ruumi\/wp-json\/wp\/v2\/media?parent=4756"}],"wp:term":[{"taxonomy":"product_brand","embeddable":true,"href":"https:\/\/blankpage.ee\/_ruumist-ruumi\/wp-json\/wp\/v2\/product_brand?post=4756"},{"taxonomy":"product_cat","embeddable":true,"href":"https:\/\/blankpage.ee\/_ruumist-ruumi\/wp-json\/wp\/v2\/product_cat?post=4756"},{"taxonomy":"product_tag","embeddable":true,"href":"https:\/\/blankpage.ee\/_ruumist-ruumi\/wp-json\/wp\/v2\/product_tag?post=4756"}],"curies":[{"name":"wp","href":"https:\/\/api.w.org\/{rel}","templated":true}]}}