{"id":4759,"date":"2024-11-20T09:10:12","date_gmt":"2024-11-20T09:10:12","guid":{"rendered":"https:\/\/ruumistruumi.ee\/pood\/valge-kummut-latina-la013-paulownia-puidust-ja-mdf-st\/"},"modified":"2025-07-22T17:46:30","modified_gmt":"2025-07-22T17:46:30","slug":"valge-kummut-latina-la013-lehtpuust","status":"publish","type":"product","link":"https:\/\/blankpage.ee\/_ruumist-ruumi\/pood\/valge-kummut-latina-la013-lehtpuust\/","title":{"rendered":"Valge kummut Latina LA013, lehtpuust"},"content":{"rendered":"<p>Latina LA013 kummut elutuppa. See stiilne kummut on loodud klassikalises stiilis, pakkudes nii elegantsi kui ka praktilisust. Kummuti dekoratiivsed metallist k\u00e4epidemed messingiv\u00e4rvi toonis lisavad sellele luksuslikku h\u00f5ngu, samas kui kaunilt nikerdatud alus t\u00e4iendab kogu v\u00e4limust. Korpuse, pealispinna ja soklite matjas valge viimistlus koos freesitud servadega loob ajatu ja puhta ilme. Kummutil on viis sahtlit, mis liiguvad sujuvalt puidust siinidel, pakkudes piisavalt ruumi igap\u00e4evaste esemete hoidmiseks.<\/p>\n<p>Latina kummut on valmistatud kvaliteetsest Paulownia puidust ja MDF-ist, tagades vastupidavuse ja pikaealisuse. Selle m\u00f5\u00f5tmed on 85 cm lai, 40 cm s\u00fcgav ja 95 cm k\u00f5rge, mist\u00f5ttu sobitub see suurep\u00e4raselt erinevatesse eluruumidesse, pakkudes nii praktilist hoiuruumi kui ka esteetilist lisandit.<\/p>\n<p>Omadused:<br \/>\n<strong>Materjal:<\/strong> Paulownia puit ja MDF.<br \/>\n<strong>V\u00e4rv:<\/strong> Valge, messingiv\u00e4rvi metallist k\u00e4epidemed.<br \/>\n<strong>M\u00f5\u00f5tmed:<\/strong> Laius 85 cm, s\u00fcgavus 40 cm, k\u00f5rgus 95 cm.<br \/>\n<strong>T\u00e4iendavad detailid:<\/strong> Viis sahtlit puidust siinidel, dekoratiivsed k\u00e4epidemed.<br \/>\n<strong>Kokkupanek:<\/strong> Kokkupandud, ei vaja paigaldust. S\u00e4\u00e4stab aega ja vaeva.<\/p>\n<p>&nbsp;<\/p>\n","protected":false},"excerpt":{"rendered":"<p>Latina LA013 kummut elutuppa. See stiilne kummut on loodud klassikalises stiilis, pakkudes nii elegantsi kui ka praktilisust. Kummuti dekoratiivsed metallist k\u00e4epidemed messingiv\u00e4rvi toonis lisavad sellele luksuslikku h\u00f5ngu, samas kui kaunilt nikerdatud alus t\u00e4iendab kogu v\u00e4limust. Korpuse, pealispinna ja soklite matjas valge viimistlus koos freesitud servadega loob ajatu ja puhta ilme. Kummutil on viis sahtlit, mis [&hellip;]<\/p>\n","protected":false},"featured_media":4760,"comment_status":"open","ping_status":"closed","template":"","meta":[],"product_brand":[],"product_cat":[81],"product_tag":[],"class_list":{"0":"post-4759","1":"product","2":"type-product","3":"status-publish","4":"has-post-thumbnail","6":"product_cat-kapid-riiulid-ja-kummutid","7":"product_shipping_class-livin-hill","8":"pa_kaepidemed-metall","9":"pa_kollektsioon-latina","10":"pa_materjal-paulownia-puit","11":"pa_sahtlite-arv-79","12":"pa_varv-valge","14":"first","15":"outofstock","16":"sale","17":"taxable","18":"shipping-taxable","19":"purchasable","20":"product-type-simple"},"_links":{"self":[{"href":"https:\/\/blankpage.ee\/_ruumist-ruumi\/wp-json\/wp\/v2\/product\/4759","targetHints":{"allow":["GET"]}}],"collection":[{"href":"https:\/\/blankpage.ee\/_ruumist-ruumi\/wp-json\/wp\/v2\/product"}],"about":[{"href":"https:\/\/blankpage.ee\/_ruumist-ruumi\/wp-json\/wp\/v2\/types\/product"}],"replies":[{"embeddable":true,"href":"https:\/\/blankpage.ee\/_ruumist-ruumi\/wp-json\/wp\/v2\/comments?post=4759"}],"wp:featuredmedia":[{"embeddable":true,"href":"https:\/\/blankpage.ee\/_ruumist-ruumi\/wp-json\/wp\/v2\/media\/4760"}],"wp:attachment":[{"href":"https:\/\/blankpage.ee\/_ruumist-ruumi\/wp-json\/wp\/v2\/media?parent=4759"}],"wp:term":[{"taxonomy":"product_brand","embeddable":true,"href":"https:\/\/blankpage.ee\/_ruumist-ruumi\/wp-json\/wp\/v2\/product_brand?post=4759"},{"taxonomy":"product_cat","embeddable":true,"href":"https:\/\/blankpage.ee\/_ruumist-ruumi\/wp-json\/wp\/v2\/product_cat?post=4759"},{"taxonomy":"product_tag","embeddable":true,"href":"https:\/\/blankpage.ee\/_ruumist-ruumi\/wp-json\/wp\/v2\/product_tag?post=4759"}],"curies":[{"name":"wp","href":"https:\/\/api.w.org\/{rel}","templated":true}]}}