{"id":4765,"date":"2024-11-01T09:11:03","date_gmt":"2024-11-01T09:11:03","guid":{"rendered":"https:\/\/ruumistruumi.ee\/pood\/valge-tv-alus-latina-la058-paulownia-puidust\/"},"modified":"2025-06-17T08:56:36","modified_gmt":"2025-06-17T08:56:36","slug":"valge-tv-alus-latina-la058-lehtpuu-puidust","status":"publish","type":"product","link":"https:\/\/blankpage.ee\/_ruumist-ruumi\/pood\/valge-tv-alus-latina-la058-lehtpuu-puidust\/","title":{"rendered":"Valge TV-alus Latina LA058, lehtpuu puidust"},"content":{"rendered":"<p>Latina LA058 TV-alus elutuppa. See stiilne TV-alus toob klassikalise elegantsi igasse elutuppa. Valmistatud kvaliteetsest Paulownia puidust ja MDF-ist, on see m\u00f6\u00f6bliese vastupidav ja ajatu. Valge matt viimistlus koos messingitooni metallist k\u00e4epidemetega lisab luksuslikku h\u00f5ngu. Aluse kaunistatud detailid ja freesitud servad annavad sellele erilise ilme.<\/p>\n<p>Latina LA058 TV-alusel on viis sahtlit, mis liiguvad sujuvalt puidust siinidel, pakkudes piisavalt hoiuruumi. Lisaks on seal \u00fcks riiul, mis sobib ideaalselt meediaseadmete hoidmiseks. T\u00e4nu kokkupandud konstruktsioonile ei vaja see paigaldust, s\u00e4\u00e4stes aega ja vaeva.<\/p>\n<p>Omadused:<br \/>\n<strong>Materjal:<\/strong> Paulownia puit ja MDF.<br \/>\n<strong>V\u00e4rv:<\/strong> Valge, messingitooni k\u00e4epidemed.<br \/>\n<strong>M\u00f5\u00f5tmed:<\/strong> Laius 117 cm, s\u00fcgavus 53 cm, k\u00f5rgus 50 cm.<br \/>\n<strong>T\u00e4iendavad detailid:<\/strong> Viis sahtlit ja \u00fcks riiul.<br \/>\n<strong>Kokkupanek:<\/strong> Kokkupandud, ei vaja paigaldust. S\u00e4\u00e4stab aega ja vaeva.<\/p>\n<p>&nbsp;<\/p>\n","protected":false},"excerpt":{"rendered":"<p>Latina LA058 TV-alus elutuppa. See stiilne TV-alus toob klassikalise elegantsi igasse elutuppa. Valmistatud kvaliteetsest Paulownia puidust ja MDF-ist, on see m\u00f6\u00f6bliese vastupidav ja ajatu. Valge matt viimistlus koos messingitooni metallist k\u00e4epidemetega lisab luksuslikku h\u00f5ngu. Aluse kaunistatud detailid ja freesitud servad annavad sellele erilise ilme. Latina LA058 TV-alusel on viis sahtlit, mis liiguvad sujuvalt puidust siinidel, [&hellip;]<\/p>\n","protected":false},"featured_media":4766,"comment_status":"open","ping_status":"closed","template":"","meta":[],"product_brand":[],"product_cat":[85],"product_tag":[],"class_list":{"0":"post-4765","1":"product","2":"type-product","3":"status-publish","4":"has-post-thumbnail","6":"product_cat-tv-alused","7":"product_shipping_class-livin-hill","8":"pa_kaepidemed-metall","9":"pa_kollektsioon-latina","10":"pa_materjal-paulownia-puit","11":"pa_riiulite-arv-99","12":"pa_sahtlite-arv-79","13":"pa_varv-valge","15":"first","16":"outofstock","17":"sale","18":"taxable","19":"shipping-taxable","20":"purchasable","21":"product-type-simple"},"_links":{"self":[{"href":"https:\/\/blankpage.ee\/_ruumist-ruumi\/wp-json\/wp\/v2\/product\/4765","targetHints":{"allow":["GET"]}}],"collection":[{"href":"https:\/\/blankpage.ee\/_ruumist-ruumi\/wp-json\/wp\/v2\/product"}],"about":[{"href":"https:\/\/blankpage.ee\/_ruumist-ruumi\/wp-json\/wp\/v2\/types\/product"}],"replies":[{"embeddable":true,"href":"https:\/\/blankpage.ee\/_ruumist-ruumi\/wp-json\/wp\/v2\/comments?post=4765"}],"wp:featuredmedia":[{"embeddable":true,"href":"https:\/\/blankpage.ee\/_ruumist-ruumi\/wp-json\/wp\/v2\/media\/4766"}],"wp:attachment":[{"href":"https:\/\/blankpage.ee\/_ruumist-ruumi\/wp-json\/wp\/v2\/media?parent=4765"}],"wp:term":[{"taxonomy":"product_brand","embeddable":true,"href":"https:\/\/blankpage.ee\/_ruumist-ruumi\/wp-json\/wp\/v2\/product_brand?post=4765"},{"taxonomy":"product_cat","embeddable":true,"href":"https:\/\/blankpage.ee\/_ruumist-ruumi\/wp-json\/wp\/v2\/product_cat?post=4765"},{"taxonomy":"product_tag","embeddable":true,"href":"https:\/\/blankpage.ee\/_ruumist-ruumi\/wp-json\/wp\/v2\/product_tag?post=4765"}],"curies":[{"name":"wp","href":"https:\/\/api.w.org\/{rel}","templated":true}]}}