{"id":4768,"date":"2024-11-01T09:11:30","date_gmt":"2024-11-01T09:11:30","guid":{"rendered":"https:\/\/ruumistruumi.ee\/pood\/valge-konsoollaud-latina-la040-paulownia-puidust\/"},"modified":"2025-07-22T17:46:30","modified_gmt":"2025-07-22T17:46:30","slug":"valge-konsoollaud-latina-la040-lehtpuu-puidust","status":"publish","type":"product","link":"https:\/\/blankpage.ee\/_ruumist-ruumi\/pood\/valge-konsoollaud-latina-la040-lehtpuu-puidust\/","title":{"rendered":"Valge konsoollaud Latina LA040, lehtpuu puidust"},"content":{"rendered":"<p>Latina LA040 konsoollaud esikusse. See stiilne konsoollaud klassikalises stiilis lisab teie esikule elegantsi ja praktilisust. Valgest paulownia puidust ja MDF-ist valmistatud lauakeha, millel on matid pinnad ja peenelt freesitud servad, loob ajatu ja puhta ilme. Dekoratiivsed metallist k\u00e4epidemed messingitoonis ning kaunilt nikerdatud alus annavad lauapinnale unikaalse iseloomu.<\/p>\n<p>Konsoollaual on \u00fcks sahtel, mis liigub sujuvalt puidust siinidel, pakkudes mugavat hoiustamisv\u00f5imalust v\u00e4iksematele esemetele. Lisaks on laual kaks praktilist riiulit, mis sobivad suurep\u00e4raselt dekoratiivesemete v\u00f5i igap\u00e4evaste tarvikute paigutamiseks. <\/p>\n<p>Omadused:<br \/>\n<strong>Materjal:<\/strong> Paulownia puit ja MDF.<br \/>\n<strong>V\u00e4rv:<\/strong> Valge, messingitoonis metallist k\u00e4epidemed.<br \/>\n<strong>M\u00f5\u00f5tmed:<\/strong> Laius 97 cm, s\u00fcgavus 35 cm, k\u00f5rgus 80 cm.<br \/>\n<strong>T\u00e4iendavad detailid:<\/strong> Kaks riiulit ja \u00fcks sahtel.<br \/>\n<strong>Kokkupanek:<\/strong> Osaliselt kokkupandud, s\u00e4\u00e4stab aega ja vaeva.<\/p>\n<p>&nbsp;<\/p>\n","protected":false},"excerpt":{"rendered":"<p>Latina LA040 konsoollaud esikusse. See stiilne konsoollaud klassikalises stiilis lisab teie esikule elegantsi ja praktilisust. Valgest paulownia puidust ja MDF-ist valmistatud lauakeha, millel on matid pinnad ja peenelt freesitud servad, loob ajatu ja puhta ilme. Dekoratiivsed metallist k\u00e4epidemed messingitoonis ning kaunilt nikerdatud alus annavad lauapinnale unikaalse iseloomu. Konsoollaual on \u00fcks sahtel, mis liigub sujuvalt puidust [&hellip;]<\/p>\n","protected":false},"featured_media":4769,"comment_status":"open","ping_status":"closed","template":"","meta":[],"product_brand":[],"product_cat":[83],"product_tag":[],"class_list":{"0":"post-4768","1":"product","2":"type-product","3":"status-publish","4":"has-post-thumbnail","6":"product_cat-konsoollauad","7":"product_shipping_class-livin-hill","8":"pa_kaepidemed-metall","9":"pa_kollektsioon-latina","10":"pa_materjal-paulownia-puit","11":"pa_riiulite-arv-76","12":"pa_sahtlite-arv-87","13":"pa_varv-valge","15":"first","16":"outofstock","17":"sale","18":"taxable","19":"shipping-taxable","20":"purchasable","21":"product-type-simple"},"_links":{"self":[{"href":"https:\/\/blankpage.ee\/_ruumist-ruumi\/wp-json\/wp\/v2\/product\/4768","targetHints":{"allow":["GET"]}}],"collection":[{"href":"https:\/\/blankpage.ee\/_ruumist-ruumi\/wp-json\/wp\/v2\/product"}],"about":[{"href":"https:\/\/blankpage.ee\/_ruumist-ruumi\/wp-json\/wp\/v2\/types\/product"}],"replies":[{"embeddable":true,"href":"https:\/\/blankpage.ee\/_ruumist-ruumi\/wp-json\/wp\/v2\/comments?post=4768"}],"wp:featuredmedia":[{"embeddable":true,"href":"https:\/\/blankpage.ee\/_ruumist-ruumi\/wp-json\/wp\/v2\/media\/4769"}],"wp:attachment":[{"href":"https:\/\/blankpage.ee\/_ruumist-ruumi\/wp-json\/wp\/v2\/media?parent=4768"}],"wp:term":[{"taxonomy":"product_brand","embeddable":true,"href":"https:\/\/blankpage.ee\/_ruumist-ruumi\/wp-json\/wp\/v2\/product_brand?post=4768"},{"taxonomy":"product_cat","embeddable":true,"href":"https:\/\/blankpage.ee\/_ruumist-ruumi\/wp-json\/wp\/v2\/product_cat?post=4768"},{"taxonomy":"product_tag","embeddable":true,"href":"https:\/\/blankpage.ee\/_ruumist-ruumi\/wp-json\/wp\/v2\/product_tag?post=4768"}],"curies":[{"name":"wp","href":"https:\/\/api.w.org\/{rel}","templated":true}]}}