{"id":4775,"date":"2024-11-01T09:12:21","date_gmt":"2024-11-01T09:12:21","guid":{"rendered":"https:\/\/ruumistruumi.ee\/pood\/elevandiluu-varvi-seinapeegel-limena-li2730-kummipuu-ja-vaneerist\/"},"modified":"2025-04-10T11:56:46","modified_gmt":"2025-04-10T11:56:46","slug":"elevandiluu-varvi-seinapeegel-limena-li2730-kummipuu-ja-vaneerist","status":"publish","type":"product","link":"https:\/\/blankpage.ee\/_ruumist-ruumi\/pood\/elevandiluu-varvi-seinapeegel-limena-li2730-kummipuu-ja-vaneerist\/","title":{"rendered":"Elevandiluu v\u00e4rvi seinapeegel Limena LI2730, kummipuidust"},"content":{"rendered":"<p>Limena LI2730 seinapeegel kaunistuseks. Limena kollektsiooni kuuluv elegantne t\u00e4ispuidust seinapeegel toob provanssaalse stiili igasse ruumi. Peegli raam on kreemjas pooll\u00e4ikiv viimistlus, mida kaunistavad iseloomulikud dekoratiivsed freesimised.<\/p>\n<p>Limena LI2730 seinapeegel on suurep\u00e4rane valik, kui soovid lisada oma ruumile klassikalist ja ajatut ilu. Peegli raam on valmistatud kvaliteetsest kummipuust ja vineerist, mis tagab selle vastupidavuse ja pikaealisuse. Kreemjas toon koos peene pooll\u00e4ikiva viimistlusega loob pehme ja sooja atmosf\u00e4\u00e4ri, mis t\u00e4iendab suurep\u00e4raselt erinevaid sisekujundusstiile. Dekoratiivsed freesimised annavad peeglile unikaalse ja elegantse v\u00e4limuse, mis p\u00fc\u00fcab pilku igas ruumis.<\/p>\n<p>Omadused:<br \/>\n<strong>Materjal:<\/strong> Kummipuu ja vineer.<br \/>\n<strong>V\u00e4rv:<\/strong> Kreemjas.<br \/>\n<strong>M\u00f5\u00f5tmed:<\/strong> Laius 80 cm, s\u00fcgavus 6 cm, k\u00f5rgus 99 cm.<br \/>\n<strong>T\u00e4iendavad detailid:<\/strong> Dekoratiivsed freesimised ja pooll\u00e4ikiv viimistlus.<br \/>\n<strong>Kokkupanek:<\/strong> Kokkupandud, ei vaja paigaldust. S\u00e4\u00e4stab aega ja vaeva.<\/p>\n<p>&nbsp;<\/p>\n","protected":false},"excerpt":{"rendered":"<p>Limena LI2730 seinapeegel kaunistuseks. Limena kollektsiooni kuuluv elegantne t\u00e4ispuidust seinapeegel toob provanssaalse stiili igasse ruumi. Peegli raam on kreemjas pooll\u00e4ikiv viimistlus, mida kaunistavad iseloomulikud dekoratiivsed freesimised. Limena LI2730 seinapeegel on suurep\u00e4rane valik, kui soovid lisada oma ruumile klassikalist ja ajatut ilu. Peegli raam on valmistatud kvaliteetsest kummipuust ja vineerist, mis tagab selle vastupidavuse ja pikaealisuse. [&hellip;]<\/p>\n","protected":false},"featured_media":4776,"comment_status":"open","ping_status":"closed","template":"","meta":[],"product_brand":[],"product_cat":[104],"product_tag":[],"class_list":{"0":"post-4775","1":"product","2":"type-product","3":"status-publish","4":"has-post-thumbnail","6":"product_cat-peeglid","7":"product_shipping_class-livin-hill","8":"pa_kollektsioon-limena","9":"pa_materjal-kummipuit","10":"pa_varv-elevandiluukarva","12":"first","13":"instock","14":"sale","15":"taxable","16":"shipping-taxable","17":"purchasable","18":"product-type-simple"},"_links":{"self":[{"href":"https:\/\/blankpage.ee\/_ruumist-ruumi\/wp-json\/wp\/v2\/product\/4775","targetHints":{"allow":["GET"]}}],"collection":[{"href":"https:\/\/blankpage.ee\/_ruumist-ruumi\/wp-json\/wp\/v2\/product"}],"about":[{"href":"https:\/\/blankpage.ee\/_ruumist-ruumi\/wp-json\/wp\/v2\/types\/product"}],"replies":[{"embeddable":true,"href":"https:\/\/blankpage.ee\/_ruumist-ruumi\/wp-json\/wp\/v2\/comments?post=4775"}],"wp:featuredmedia":[{"embeddable":true,"href":"https:\/\/blankpage.ee\/_ruumist-ruumi\/wp-json\/wp\/v2\/media\/4776"}],"wp:attachment":[{"href":"https:\/\/blankpage.ee\/_ruumist-ruumi\/wp-json\/wp\/v2\/media?parent=4775"}],"wp:term":[{"taxonomy":"product_brand","embeddable":true,"href":"https:\/\/blankpage.ee\/_ruumist-ruumi\/wp-json\/wp\/v2\/product_brand?post=4775"},{"taxonomy":"product_cat","embeddable":true,"href":"https:\/\/blankpage.ee\/_ruumist-ruumi\/wp-json\/wp\/v2\/product_cat?post=4775"},{"taxonomy":"product_tag","embeddable":true,"href":"https:\/\/blankpage.ee\/_ruumist-ruumi\/wp-json\/wp\/v2\/product_tag?post=4775"}],"curies":[{"name":"wp","href":"https:\/\/api.w.org\/{rel}","templated":true}]}}