{"id":4793,"date":"2024-11-01T09:15:37","date_gmt":"2024-11-01T09:15:37","guid":{"rendered":"https:\/\/ruumistruumi.ee\/pood\/elevandiluu-varvi-konsoollaud-limena-li830-kummipuidust-ja-vineerist\/"},"modified":"2025-04-10T11:56:48","modified_gmt":"2025-04-10T11:56:48","slug":"elevandiluu-varvi-konsoollaud-limena-li830-kummipuidust-ja-vineerist","status":"publish","type":"product","link":"https:\/\/blankpage.ee\/_ruumist-ruumi\/pood\/elevandiluu-varvi-konsoollaud-limena-li830-kummipuidust-ja-vineerist\/","title":{"rendered":"Elevandiluu v\u00e4rvi konsoollaud Limena LI830, kummipuidust"},"content":{"rendered":"<p>Limena LI830 konsoollaud esikusse. See elegantne, k\u00e4sitsi v\u00e4rvitud provanssaali stiilis konsoollaud on sirgetel jalgadel ning kaunistatud messingist dekoratiivsete metallist k\u00e4epidemetega. Kere on kreemjas, pooll\u00e4ikiv ja kulutatud viimistlusega, samas kui harjatud pealispind on helepruun, esitledes n\u00e4htavat struktuuri. Laud lisab teie esikusse klassikalist v\u00f5lu ja praktilisust, pakkudes samal ajal hoiuruumi \u00fche riiuli n\u00e4ol.<\/p>\n<p>Limena kollektsiooni kuuluv konsoollaud on valmistatud kummipuust ja vineerist, mis tagavad vastupidavuse ja pikaealisuse. Kreemjas kere ja helepruun pealispind loovad harmoonilise v\u00e4rvikombinatsiooni, mis sobib h\u00e4sti erinevatesse interj\u00f6\u00f6ridesse. Konsoollaud on osaliselt kokku pandud, mis s\u00e4\u00e4stab aega ja vaeva paigaldamisel.<\/p>\n<p>Omadused:<br \/>\n<strong>Materjal:<\/strong> Kummipuit ja vineer.<br \/>\n<strong>V\u00e4rv:<\/strong> Kreemjas kere ja helepruun pealispind.<br \/>\n<strong>M\u00f5\u00f5tmed:<\/strong> Laius 120 cm, s\u00fcgavus 40 cm, k\u00f5rgus 76 cm.<br \/>\n<strong>T\u00e4iendavad detailid:<\/strong> \u00dcks riiul ja metallist k\u00e4epidemed.<br \/>\n<strong>Kokkupanek:<\/strong> Osaliselt kokku pandud, ei vaja paigaldust. S\u00e4\u00e4stab aega ja vaeva.<\/p>\n<p>&nbsp;<\/p>\n","protected":false},"excerpt":{"rendered":"<p>Limena LI830 konsoollaud esikusse. See elegantne, k\u00e4sitsi v\u00e4rvitud provanssaali stiilis konsoollaud on sirgetel jalgadel ning kaunistatud messingist dekoratiivsete metallist k\u00e4epidemetega. Kere on kreemjas, pooll\u00e4ikiv ja kulutatud viimistlusega, samas kui harjatud pealispind on helepruun, esitledes n\u00e4htavat struktuuri. Laud lisab teie esikusse klassikalist v\u00f5lu ja praktilisust, pakkudes samal ajal hoiuruumi \u00fche riiuli n\u00e4ol. Limena kollektsiooni kuuluv konsoollaud [&hellip;]<\/p>\n","protected":false},"featured_media":4794,"comment_status":"open","ping_status":"closed","template":"","meta":[],"product_brand":[],"product_cat":[83],"product_tag":[],"class_list":{"0":"post-4793","1":"product","2":"type-product","3":"status-publish","4":"has-post-thumbnail","6":"product_cat-konsoollauad","7":"product_shipping_class-livin-hill","8":"pa_kaepidemed-metall","9":"pa_kollektsioon-limena","10":"pa_materjal-kummipuit","11":"pa_riiulite-arv-99","12":"pa_sahtlite-arv-74","13":"pa_varv-elevandiluukarva","15":"first","16":"instock","17":"sale","18":"taxable","19":"shipping-taxable","20":"purchasable","21":"product-type-simple"},"_links":{"self":[{"href":"https:\/\/blankpage.ee\/_ruumist-ruumi\/wp-json\/wp\/v2\/product\/4793","targetHints":{"allow":["GET"]}}],"collection":[{"href":"https:\/\/blankpage.ee\/_ruumist-ruumi\/wp-json\/wp\/v2\/product"}],"about":[{"href":"https:\/\/blankpage.ee\/_ruumist-ruumi\/wp-json\/wp\/v2\/types\/product"}],"replies":[{"embeddable":true,"href":"https:\/\/blankpage.ee\/_ruumist-ruumi\/wp-json\/wp\/v2\/comments?post=4793"}],"wp:featuredmedia":[{"embeddable":true,"href":"https:\/\/blankpage.ee\/_ruumist-ruumi\/wp-json\/wp\/v2\/media\/4794"}],"wp:attachment":[{"href":"https:\/\/blankpage.ee\/_ruumist-ruumi\/wp-json\/wp\/v2\/media?parent=4793"}],"wp:term":[{"taxonomy":"product_brand","embeddable":true,"href":"https:\/\/blankpage.ee\/_ruumist-ruumi\/wp-json\/wp\/v2\/product_brand?post=4793"},{"taxonomy":"product_cat","embeddable":true,"href":"https:\/\/blankpage.ee\/_ruumist-ruumi\/wp-json\/wp\/v2\/product_cat?post=4793"},{"taxonomy":"product_tag","embeddable":true,"href":"https:\/\/blankpage.ee\/_ruumist-ruumi\/wp-json\/wp\/v2\/product_tag?post=4793"}],"curies":[{"name":"wp","href":"https:\/\/api.w.org\/{rel}","templated":true}]}}