{"id":4799,"date":"2024-11-01T09:16:07","date_gmt":"2024-11-01T09:16:07","guid":{"rendered":"https:\/\/ruumistruumi.ee\/pood\/elevandiluu-varvi-tv-alus-limena-li836-kummipuidust\/"},"modified":"2025-04-10T11:56:48","modified_gmt":"2025-04-10T11:56:48","slug":"elevandiluu-varvi-tv-alus-limena-li836-kummipuidust","status":"publish","type":"product","link":"https:\/\/blankpage.ee\/_ruumist-ruumi\/pood\/elevandiluu-varvi-tv-alus-limena-li836-kummipuidust\/","title":{"rendered":"Elevandiluu v\u00e4rvi TV-alus Limena LI836, kummipuidust"},"content":{"rendered":"<p>Limena LI836 TV-alus elutuppa. See elegantne ja k\u00e4sitsi v\u00e4rvitud TV-alus provanssaali stiilis toob teie elutuppa ajatu v\u00f5lu. Kumeratel jalgadel seisev kapp on varustatud dekoratiivsete metallist k\u00e4epidemetega messingist, mis lisavad sellele unikaalset iseloomu. Kapi kreemikas pooll\u00e4ikiv korpus koos kulutatud detailidega ning harjatud helepruun pealisplaat koos freesitud servadega loovad harmoonilise ja stiilse v\u00e4limuse. <\/p>\n<p>Limena TV-alus on praktiline ja funktsionaalne, pakkudes kahte riiulit, mis v\u00f5imaldavad mugavalt paigutada k\u00f5ik teie meelelahutusseadmed ja tarvikud. Kokkupandud ja paigaldust mittevajav konstruktsioon s\u00e4\u00e4stab teie aega ja vaeva, v\u00f5imaldades teil keskenduda oma kodu sisustamisele.<\/p>\n<p>Omadused:<br \/>\n<strong>Materjal:<\/strong> Kummipuu ja vineer.<br \/>\n<strong>V\u00e4rv:<\/strong> Korpus elevandiluu, pealisplaat helepruun.<br \/>\n<strong>M\u00f5\u00f5tmed:<\/strong> Laius 120 cm, s\u00fcgavus 50 cm, k\u00f5rgus 50 cm.<br \/>\n<strong>T\u00e4iendavad detailid:<\/strong> Kaks riiulit, metallist k\u00e4epidemed.<br \/>\n<strong>Kokkupanek:<\/strong> Kokkupandud, ei vaja paigaldust. S\u00e4\u00e4stab aega ja vaeva.<\/p>\n<p>&nbsp;<\/p>\n","protected":false},"excerpt":{"rendered":"<p>Limena LI836 TV-alus elutuppa. See elegantne ja k\u00e4sitsi v\u00e4rvitud TV-alus provanssaali stiilis toob teie elutuppa ajatu v\u00f5lu. Kumeratel jalgadel seisev kapp on varustatud dekoratiivsete metallist k\u00e4epidemetega messingist, mis lisavad sellele unikaalset iseloomu. Kapi kreemikas pooll\u00e4ikiv korpus koos kulutatud detailidega ning harjatud helepruun pealisplaat koos freesitud servadega loovad harmoonilise ja stiilse v\u00e4limuse. Limena TV-alus on praktiline [&hellip;]<\/p>\n","protected":false},"featured_media":4800,"comment_status":"open","ping_status":"closed","template":"","meta":[],"product_brand":[],"product_cat":[85],"product_tag":[],"class_list":{"0":"post-4799","1":"product","2":"type-product","3":"status-publish","4":"has-post-thumbnail","6":"product_cat-tv-alused","7":"product_shipping_class-livin-hill","8":"pa_kaepidemed-metall","9":"pa_kollektsioon-limena","10":"pa_materjal-kummipuit","11":"pa_riiulite-arv-76","12":"pa_sahtlite-arv-74","13":"pa_varv-elevandiluukarva","15":"first","16":"instock","17":"sale","18":"taxable","19":"shipping-taxable","20":"purchasable","21":"product-type-simple"},"_links":{"self":[{"href":"https:\/\/blankpage.ee\/_ruumist-ruumi\/wp-json\/wp\/v2\/product\/4799","targetHints":{"allow":["GET"]}}],"collection":[{"href":"https:\/\/blankpage.ee\/_ruumist-ruumi\/wp-json\/wp\/v2\/product"}],"about":[{"href":"https:\/\/blankpage.ee\/_ruumist-ruumi\/wp-json\/wp\/v2\/types\/product"}],"replies":[{"embeddable":true,"href":"https:\/\/blankpage.ee\/_ruumist-ruumi\/wp-json\/wp\/v2\/comments?post=4799"}],"wp:featuredmedia":[{"embeddable":true,"href":"https:\/\/blankpage.ee\/_ruumist-ruumi\/wp-json\/wp\/v2\/media\/4800"}],"wp:attachment":[{"href":"https:\/\/blankpage.ee\/_ruumist-ruumi\/wp-json\/wp\/v2\/media?parent=4799"}],"wp:term":[{"taxonomy":"product_brand","embeddable":true,"href":"https:\/\/blankpage.ee\/_ruumist-ruumi\/wp-json\/wp\/v2\/product_brand?post=4799"},{"taxonomy":"product_cat","embeddable":true,"href":"https:\/\/blankpage.ee\/_ruumist-ruumi\/wp-json\/wp\/v2\/product_cat?post=4799"},{"taxonomy":"product_tag","embeddable":true,"href":"https:\/\/blankpage.ee\/_ruumist-ruumi\/wp-json\/wp\/v2\/product_tag?post=4799"}],"curies":[{"name":"wp","href":"https:\/\/api.w.org\/{rel}","templated":true}]}}