{"id":4816,"date":"2024-11-01T09:17:48","date_gmt":"2024-11-01T09:17:48","guid":{"rendered":"https:\/\/ruumistruumi.ee\/pood\/beez-polsterdatud-taburett-ta325b-paulownia-puidust\/"},"modified":"2025-07-22T17:46:33","modified_gmt":"2025-07-22T17:46:33","slug":"beez-polsterdatud-taburet-ta325b-lehtpuu-puidust","status":"publish","type":"product","link":"https:\/\/blankpage.ee\/_ruumist-ruumi\/pood\/beez-polsterdatud-taburet-ta325b-lehtpuu-puidust\/","title":{"rendered":"Bee\u017e polsterdatud taburet TA325B, lehtpuu puidust"},"content":{"rendered":"<p>TA325B polsterdatud taburet esikusse. See elegantne taburet lisab teie esikusse v\u00f5lu ja mugavust. Provanssaali stiilis polsterdatud iste on kaunistatud kreemikarva nikerdustega ning kaetud kreemiruudulise kangaga, mis loob hubase ja stiilse atmosf\u00e4\u00e4ri. Kergelt kaardunud jalad annavad taburetile ainulaadse ja rafineeritud ilme.<\/p>\n<p>Tabureti valmistamisel on kasutatud Paulownia puitu ja kvaliteetset kangast, mis tagab vastupidavuse ja pikaealisuse. Kreemikarva toonid sobivad suurep\u00e4raselt erinevate sisustusstiilidega, lisades ruumile pehmust ja harmooniat. Kompaktne suurus muudab selle ideaalseks v\u00e4iksematesse esikutesse, pakkudes mugavat istumiskohta ilma ruumi \u00fcle koormamata.<\/p>\n<p>Omadused:<br \/>\n<strong>Materjal:<\/strong> Paulownia puit ja kangas.<br \/>\n<strong>V\u00e4rv:<\/strong> Kreem, kreemiruuduline kangas.<br \/>\n<strong>M\u00f5\u00f5tmed:<\/strong> Laius 45 cm, s\u00fcgavus 35 cm, k\u00f5rgus 49 cm.<br \/>\n<strong>T\u00e4iendavad detailid:<\/strong> Valmis kokkupandud, ei vaja paigaldust. S\u00e4\u00e4stab aega ja vaeva.<\/p>\n<p>&nbsp;<\/p>\n","protected":false},"excerpt":{"rendered":"<p>TA325B polsterdatud taburet esikusse. See elegantne taburet lisab teie esikusse v\u00f5lu ja mugavust. Provanssaali stiilis polsterdatud iste on kaunistatud kreemikarva nikerdustega ning kaetud kreemiruudulise kangaga, mis loob hubase ja stiilse atmosf\u00e4\u00e4ri. Kergelt kaardunud jalad annavad taburetile ainulaadse ja rafineeritud ilme. Tabureti valmistamisel on kasutatud Paulownia puitu ja kvaliteetset kangast, mis tagab vastupidavuse ja pikaealisuse. Kreemikarva [&hellip;]<\/p>\n","protected":false},"featured_media":4817,"comment_status":"open","ping_status":"closed","template":"","meta":[],"product_brand":[],"product_cat":[80,108],"product_tag":[],"class_list":{"0":"post-4816","1":"product","2":"type-product","3":"status-publish","4":"has-post-thumbnail","6":"product_cat-elutuba","7":"product_cat-soogitoolid","8":"product_shipping_class-livin-hill","9":"pa_kollektsioon-sale","10":"pa_materjal-paulownia-puit","11":"pa_varv-beez","13":"first","14":"outofstock","15":"sale","16":"taxable","17":"shipping-taxable","18":"purchasable","19":"product-type-simple"},"_links":{"self":[{"href":"https:\/\/blankpage.ee\/_ruumist-ruumi\/wp-json\/wp\/v2\/product\/4816","targetHints":{"allow":["GET"]}}],"collection":[{"href":"https:\/\/blankpage.ee\/_ruumist-ruumi\/wp-json\/wp\/v2\/product"}],"about":[{"href":"https:\/\/blankpage.ee\/_ruumist-ruumi\/wp-json\/wp\/v2\/types\/product"}],"replies":[{"embeddable":true,"href":"https:\/\/blankpage.ee\/_ruumist-ruumi\/wp-json\/wp\/v2\/comments?post=4816"}],"wp:featuredmedia":[{"embeddable":true,"href":"https:\/\/blankpage.ee\/_ruumist-ruumi\/wp-json\/wp\/v2\/media\/4817"}],"wp:attachment":[{"href":"https:\/\/blankpage.ee\/_ruumist-ruumi\/wp-json\/wp\/v2\/media?parent=4816"}],"wp:term":[{"taxonomy":"product_brand","embeddable":true,"href":"https:\/\/blankpage.ee\/_ruumist-ruumi\/wp-json\/wp\/v2\/product_brand?post=4816"},{"taxonomy":"product_cat","embeddable":true,"href":"https:\/\/blankpage.ee\/_ruumist-ruumi\/wp-json\/wp\/v2\/product_cat?post=4816"},{"taxonomy":"product_tag","embeddable":true,"href":"https:\/\/blankpage.ee\/_ruumist-ruumi\/wp-json\/wp\/v2\/product_tag?post=4816"}],"curies":[{"name":"wp","href":"https:\/\/api.w.org\/{rel}","templated":true}]}}