{"id":48166,"date":"2025-04-19T16:52:37","date_gmt":"2025-04-19T16:52:37","guid":{"rendered":"https:\/\/ruumistruumi.ee\/?post_type=product&#038;p=48166"},"modified":"2025-08-21T08:18:47","modified_gmt":"2025-08-21T08:18:47","slug":"asendusfiltrid-oneisall-pwf-001-ja-pwf-001-1-veedosaatorile","status":"publish","type":"product","link":"https:\/\/blankpage.ee\/_ruumist-ruumi\/pood\/asendusfiltrid-oneisall-pwf-001-ja-pwf-001-1-veedosaatorile\/","title":{"rendered":"Oneisall PWF-001 veedosaatori vahetusfiltrid (3-kihiline, lemmikloomadele)"},"content":{"rendered":"<h3>Lemmiklooma joogivee filter Oneisall veedosaatorile<\/h3>\n<p>Lemmiklooma joogivee filter aitab hoida sinu lemmiku joogivee puhta, v\u00e4rske ja ohutuna iga p\u00e4ev. Kolmekihiline Oneisall vahetusfiltri s\u00fcsteem eemaldab t\u00f5husalt ebameeldivaid l\u00f5hnu, toiduj\u00e4\u00e4nuseid, loomakarvu, raskemetalle ja muid vee saasteaineid. T\u00e4nu sellele v\u00f5id olla kindel, et filter tagab sinu lemmikule parima v\u00f5imaliku vee kvaliteedi ja toetab tema heaolu.<\/p>\n<p><img decoding=\"async\" src=\"https:\/\/blankpage.ee\/_ruumist-ruumi\/wp-content\/uploads\/2025\/04\/2-517.webp\" alt=\"Oneisall lemmiklooma joogivee filtri komplekt veedosaatorile\" \/><\/p>\n<table>\n<tbody>\n<tr>\n<th>Tootja<\/th>\n<td>Oneisall<\/td>\n<\/tr>\n<tr>\n<th>Mudel<\/th>\n<td>PWF-001 filtrikomplekt<\/td>\n<\/tr>\n<tr>\n<th>\u00dchilduvus<\/th>\n<td>Oneisall lemmiklooma veedosaator<\/td>\n<\/tr>\n<\/tbody>\n<\/table>\n<p>Oneisall lemmiklooma joogivee filter aitab hoida vee pidevalt puhta, pakkudes su lemmikule kvaliteetset joogivett.<\/p>\n","protected":false},"excerpt":{"rendered":"<p>Lemmiklooma joogivee filter Oneisall veedosaatorile Lemmiklooma joogivee filter aitab hoida sinu lemmiku joogivee puhta, v\u00e4rske ja ohutuna iga p\u00e4ev. Kolmekihiline Oneisall vahetusfiltri s\u00fcsteem eemaldab t\u00f5husalt ebameeldivaid l\u00f5hnu, toiduj\u00e4\u00e4nuseid, loomakarvu, raskemetalle ja muid vee saasteaineid. T\u00e4nu sellele v\u00f5id olla kindel, et filter tagab sinu lemmikule parima v\u00f5imaliku vee kvaliteedi ja toetab tema heaolu. Tootja Oneisall Mudel [&hellip;]<\/p>\n","protected":false},"featured_media":174266,"comment_status":"open","ping_status":"open","template":"","meta":[],"product_brand":[3114],"product_cat":[818],"product_tag":[],"class_list":{"0":"post-48166","1":"product","2":"type-product","3":"status-publish","4":"has-post-thumbnail","6":"product_brand-oneisall","7":"product_cat-automaatsed-veedosaatorid-koduloomadele","8":"product_shipping_class-innpro","10":"first","11":"outofstock","12":"sale","13":"taxable","14":"shipping-taxable","15":"purchasable","16":"product-type-simple"},"_links":{"self":[{"href":"https:\/\/blankpage.ee\/_ruumist-ruumi\/wp-json\/wp\/v2\/product\/48166","targetHints":{"allow":["GET"]}}],"collection":[{"href":"https:\/\/blankpage.ee\/_ruumist-ruumi\/wp-json\/wp\/v2\/product"}],"about":[{"href":"https:\/\/blankpage.ee\/_ruumist-ruumi\/wp-json\/wp\/v2\/types\/product"}],"replies":[{"embeddable":true,"href":"https:\/\/blankpage.ee\/_ruumist-ruumi\/wp-json\/wp\/v2\/comments?post=48166"}],"wp:featuredmedia":[{"embeddable":true,"href":"https:\/\/blankpage.ee\/_ruumist-ruumi\/wp-json\/wp\/v2\/media\/174266"}],"wp:attachment":[{"href":"https:\/\/blankpage.ee\/_ruumist-ruumi\/wp-json\/wp\/v2\/media?parent=48166"}],"wp:term":[{"taxonomy":"product_brand","embeddable":true,"href":"https:\/\/blankpage.ee\/_ruumist-ruumi\/wp-json\/wp\/v2\/product_brand?post=48166"},{"taxonomy":"product_cat","embeddable":true,"href":"https:\/\/blankpage.ee\/_ruumist-ruumi\/wp-json\/wp\/v2\/product_cat?post=48166"},{"taxonomy":"product_tag","embeddable":true,"href":"https:\/\/blankpage.ee\/_ruumist-ruumi\/wp-json\/wp\/v2\/product_tag?post=48166"}],"curies":[{"name":"wp","href":"https:\/\/api.w.org\/{rel}","templated":true}]}}