{"id":48176,"date":"2025-04-19T23:19:44","date_gmt":"2025-04-19T23:19:44","guid":{"rendered":"https:\/\/ruumistruumi.ee\/?post_type=product&#038;p=48176"},"modified":"2025-08-21T08:18:04","modified_gmt":"2025-08-21T08:18:04","slug":"toidudosaator-petoneer-pf007-nutri-vision-hd-kaamera-oovaatlusega-lemmikloomadele","status":"publish","type":"product","link":"https:\/\/blankpage.ee\/_ruumist-ruumi\/pood\/toidudosaator-petoneer-pf007-nutri-vision-hd-kaamera-oovaatlusega-lemmikloomadele\/","title":{"rendered":"Nutikas lemmikloomas\u00f6\u00f6tja kaameraga Petoneer Nutri Vision PF007 (3,7 L, Wi-Fi, Alexa)"},"content":{"rendered":"<h3>Nutikas lemmikloomas\u00f6\u00f6tja kaameraga Petoneer Nutri Vision PF007 (3,7 L, Wi-Fi, Alexa)<\/h3>\n<p>Nutikas lemmikloomas\u00f6\u00f6tja Petoneer Nutri Vision PF007 on kaasaegne lahendus, mis annab v\u00f5imaluse oma lemmiklooma mugavalt toita ja j\u00e4lgida ka siis, kui oled kodust eemal. See automaatne lemmikloomas\u00f6\u00f6tja sobib kassidele ning v\u00e4ikestele koertele ning mahukas 3,7-liitrine toidumahuti tagab, et toitu j\u00e4tkub mitmeks p\u00e4evaks. Nutikas s\u00f6\u00f6tja \u00fchildub nii mobiilirakenduse kui Alexa h\u00e4\u00e4lassistendiga ning toetab ka Tuya platvormi.<\/p>\n<p><img decoding=\"async\" src=\"https:\/\/blankpage.ee\/_ruumist-ruumi\/wp-content\/uploads\/2025\/04\/7-406.webp\" alt=\"Nutikas lemmikloomas\u00f6\u00f6tja halli toidukausiga\" \/><\/p>\n<h3>HD-kaamera \u00f6\u00f6vaatlusega<\/h3>\n<p>Integreeritud 720p HD-kaamera \u00f6\u00f6re\u017eiimiga v\u00f5imaldab sul j\u00e4lgida oma lemmikut reaalajas ka h\u00e4maras. Kaameraga on v\u00f5imalik teha fotosid ja videosid, et olla alati kursis lemmiku tegemistega.<\/p>\n<p><img decoding=\"async\" src=\"https:\/\/blankpage.ee\/_ruumist-ruumi\/wp-content\/uploads\/2025\/04\/6-453.webp\" alt=\"Lemmikloomas\u00f6\u00f6tja sisseehitatud HD-kaameraga\" \/><\/p>\n<h3>Kahesuunaline helisuhtlus \u2013 suhtu ja suhtle<\/h3>\n<p>S\u00f6\u00f6tjal on kahesuunaline helisuhtlus, mis annab v\u00f5imaluse lemmikloomaga suhelda ning vajadusel rahustada teda kasv\u00f5i kaugelt. Nutikas lemmikloomas\u00f6\u00f6tja pakub sulle mugava kontakti looma hoidmiseks ka kodust eemal olles.<\/p>\n<p><img decoding=\"async\" src=\"https:\/\/blankpage.ee\/_ruumist-ruumi\/wp-content\/uploads\/2025\/04\/3-649.webp\" alt=\"S\u00f6\u00f6da-jaotusmasin kahe suuna helisuhtlusega\" \/><\/p>\n<h3>Paindlik toitmisgraafik ja teavitused<\/h3>\n<p>Mobiilirakenduses saad luua personaalse toitumisplaani ning saada teavitusi, kui toit hakkab otsa l\u00f5ppema. Nii on kindel, et sinu lemmik saab alati \u00f5igeaegselt s\u00fc\u00fca ning midagi ei j\u00e4\u00e4 m\u00e4rkamata.<\/p>\n<p><img decoding=\"async\" src=\"https:\/\/blankpage.ee\/_ruumist-ruumi\/wp-content\/uploads\/2025\/04\/8-221.webp\" alt=\"Toiduaega graafiku alusel jagav automaatne s\u00f6\u00f6tja\" \/><\/p>\n<h3>H\u00e4\u00e4ljuhtimine Alexa vahendusel<\/h3>\n<p>S\u00f6\u00f6tjat saad mugavalt juhtida ka Amazon Alexa h\u00e4\u00e4lk\u00e4sklustega \u2013 \u00fctle vaid k\u00e4sk, et sinu lemmik saaks toiduportsjoni. Nutikas lemmikloomas\u00f6\u00f6tja teeb igap\u00e4evase toitmise lihtsaks ja sujuvaks.<\/p>\n<p><img decoding=\"async\" src=\"https:\/\/blankpage.ee\/_ruumist-ruumi\/wp-content\/uploads\/2025\/04\/5-527.webp\" alt=\"S\u00f6\u00f6da-jaotusmasin Alexa h\u00e4\u00e4ljuhtimisega\" \/><\/p>\n<h3>L\u00e4bim\u00f5eldud disain ja t\u00f6\u00f6kindlus<\/h3>\n<p>Toidutaseme andurid ja kolmekordne ummistusvastane s\u00fcsteem tagavad alati sujuva s\u00f6\u00f6tmise. Seade t\u00f6\u00f6tab kuivtoiduga (kuni 12 mm graanulid). Nutikas lemmikloomas\u00f6\u00f6tja on lihtsasti puhastatav ning vajadusel saad kasutada v\u00e4list toiteallikat, kui vool katkeb.<\/p>\n<p><img decoding=\"async\" src=\"https:\/\/blankpage.ee\/_ruumist-ruumi\/wp-content\/uploads\/2025\/04\/11-43.webp\" alt=\"Automaatne s\u00f6\u00f6tja toidunivoo sensoriga\" \/><\/p>\n<h3>Lihtne hooldus ja suur mahuti<\/h3>\n<p>3,7-liitrine mahuti tagab, et toiduvaru j\u00e4tkub pikemaks ajaks. Automaatne lemmikloomas\u00f6\u00f6tja v\u00f5imaldab toitu jagada ka nupuvajutusega \u2013 \u00e4ppi avamata. Puhastamine on lihtne ja vajadusel saad kasutada akupanka (ei kuulu komplekti) voolukatkestuse korral.<\/p>\n<p><img decoding=\"async\" src=\"https:\/\/blankpage.ee\/_ruumist-ruumi\/wp-content\/uploads\/2025\/04\/2-690.webp\" alt=\"Avatud suure toidumahutiga s\u00f6\u00f6tja halli alusega\" \/><\/p>\n<h3>Tehnilised andmed<\/h3>\n<table>\n<tbody>\n<tr>\n<th>Mahutavus<\/th>\n<td>3,7 L<\/td>\n<\/tr>\n<tr>\n<th>Minimaalne portsjon<\/th>\n<td>ca 10 g<\/td>\n<\/tr>\n<tr>\n<th>Toiteallikas<\/th>\n<td>DC 5 V 2 A (komplektis toiteadapter ja 1,2 m Micro USB kaabel)<\/td>\n<\/tr>\n<tr>\n<th>\u00dchenduvus<\/th>\n<td>Wi-Fi, Amazon Alexa tugi<\/td>\n<\/tr>\n<tr>\n<th>Materjal<\/th>\n<td>ABS plastik<\/td>\n<\/tr>\n<tr>\n<th>M\u00f5\u00f5tmed<\/th>\n<td>230 \u00d7 246 \u00d7 352 mm<\/td>\n<\/tr>\n<tr>\n<th>Kaal<\/th>\n<td>2 kg<\/td>\n<\/tr>\n<tr>\n<th>Kaamera<\/th>\n<td>720p HD, \u00f6\u00f6re\u017eiim<\/td>\n<\/tr>\n<tr>\n<th>Sobivus<\/th>\n<td>Tuya platvorm, Petoneer rakendus (Android \/ iOS)<\/td>\n<\/tr>\n<\/tbody>\n<\/table>\n<h3>Komplektis:<\/h3>\n<ul>\n<li>S\u00f6\u00f6tmisseade<\/li>\n<li>Toidukauss<\/li>\n<li>Toiteadapter<\/li>\n<li>Micro USB kaabel (1,2 m)<\/li>\n<\/ul>\n<p>Nutikas lemmikloomas\u00f6\u00f6tja on usaldusv\u00e4\u00e4rne valik igale loomaomanikule, kes soovib tagada oma lemmikule alati v\u00e4rske ja \u00f5igeaegse toidu \u2013 ka siis, kui ise ollakse eemal.<\/p>\n","protected":false},"excerpt":{"rendered":"<p>Nutikas lemmikloomas\u00f6\u00f6tja kaameraga Petoneer Nutri Vision PF007 (3,7 L, Wi-Fi, Alexa) Nutikas lemmikloomas\u00f6\u00f6tja Petoneer Nutri Vision PF007 on kaasaegne lahendus, mis annab v\u00f5imaluse oma lemmiklooma mugavalt toita ja j\u00e4lgida ka siis, kui oled kodust eemal. See automaatne lemmikloomas\u00f6\u00f6tja sobib kassidele ning v\u00e4ikestele koertele ning mahukas 3,7-liitrine toidumahuti tagab, et toitu j\u00e4tkub mitmeks p\u00e4evaks. Nutikas s\u00f6\u00f6tja [&hellip;]<\/p>\n","protected":false},"featured_media":175887,"comment_status":"open","ping_status":"closed","template":"","meta":[],"product_brand":[3059],"product_cat":[820],"product_tag":[],"class_list":{"0":"post-48176","1":"product","2":"type-product","3":"status-publish","4":"has-post-thumbnail","6":"product_brand-petoneer","7":"product_cat-automaatsed-toidudosaatorid-koduloomadele","8":"product_shipping_class-innpro","10":"first","11":"instock","12":"sale","13":"taxable","14":"shipping-taxable","15":"purchasable","16":"product-type-simple"},"_links":{"self":[{"href":"https:\/\/blankpage.ee\/_ruumist-ruumi\/wp-json\/wp\/v2\/product\/48176","targetHints":{"allow":["GET"]}}],"collection":[{"href":"https:\/\/blankpage.ee\/_ruumist-ruumi\/wp-json\/wp\/v2\/product"}],"about":[{"href":"https:\/\/blankpage.ee\/_ruumist-ruumi\/wp-json\/wp\/v2\/types\/product"}],"replies":[{"embeddable":true,"href":"https:\/\/blankpage.ee\/_ruumist-ruumi\/wp-json\/wp\/v2\/comments?post=48176"}],"wp:featuredmedia":[{"embeddable":true,"href":"https:\/\/blankpage.ee\/_ruumist-ruumi\/wp-json\/wp\/v2\/media\/175887"}],"wp:attachment":[{"href":"https:\/\/blankpage.ee\/_ruumist-ruumi\/wp-json\/wp\/v2\/media?parent=48176"}],"wp:term":[{"taxonomy":"product_brand","embeddable":true,"href":"https:\/\/blankpage.ee\/_ruumist-ruumi\/wp-json\/wp\/v2\/product_brand?post=48176"},{"taxonomy":"product_cat","embeddable":true,"href":"https:\/\/blankpage.ee\/_ruumist-ruumi\/wp-json\/wp\/v2\/product_cat?post=48176"},{"taxonomy":"product_tag","embeddable":true,"href":"https:\/\/blankpage.ee\/_ruumist-ruumi\/wp-json\/wp\/v2\/product_tag?post=48176"}],"curies":[{"name":"wp","href":"https:\/\/api.w.org\/{rel}","templated":true}]}}