{"id":48212,"date":"2025-04-19T11:04:31","date_gmt":"2025-04-19T11:04:31","guid":{"rendered":"https:\/\/ruumistruumi.ee\/?post_type=product&#038;p=48212"},"modified":"2025-08-21T08:18:54","modified_gmt":"2025-08-21T08:18:54","slug":"lemmiklooma-karvahoolduseks-hari-paw-in-hand-candy-valge","status":"publish","type":"product","link":"https:\/\/blankpage.ee\/_ruumist-ruumi\/pood\/lemmiklooma-karvahoolduseks-hari-paw-in-hand-candy-valge\/","title":{"rendered":"Lemmiklooma massaa\u017eihari Paw In Hand Comb valge, silikoonist"},"content":{"rendered":"<h3>Lemmiklooma massaa\u017eihari Paw In Hand Comb valge, silikoonist<\/h3>\n<p><strong>Lemmiklooma massaa\u017eihari<\/strong> sobib suurep\u00e4raselt nii kassidele kui ka koertele. Harja valmistamisel on kasutatud vastupidavat plastikut ja pehmeid silikoonharjaseid, mis aitavad eemaldada lahtisi karvu ning pakuvad sinu lemmikule \u00f5rna ja t\u00f5husat massaa\u017ei, soodustades naha vereringet ja muutes hoolitsuse veelgi nauditavamaks.<\/p>\n<p>See hari on eriti praktiline lemmiklooma pesemisel, kuna aitab \u0161ampooni \u00fchtlaselt jaotada ning mustust p\u00f5hjalikult eemaldada. T\u00e4nu ergonoomilisele disainile p\u00fcsib massaa\u017eihari kindlalt k\u00e4es, mist\u00f5ttu on hooldamine kerge ka pikemate sessioonide ajal. Silikoonharjased on \u00f5rnad ning sobivad ka tundliku nahaga kassidele ja koertele.<\/p>\n<p>P\u00e4rast kasutamist piisab harja loputamisest voolava vee all, et see p\u00fcsiks puhas ja v\u00e4rske. Valged harjased teevad harja puhtuse lihtsasti kontrollitavaks.<\/p>\n<p><img loading=\"lazy\" decoding=\"async\" src=\"https:\/\/blankpage.ee\/_ruumist-ruumi\/wp-content\/uploads\/2024\/12\/7-1.jpg\" border=\"0\" alt=\"Valge lemmiklooma massaa\u017eihari Paw In Hand silikoonist harjastega kassile ja koerale\" width=\"1100\" height=\"700\" \/><\/p>\n<h3>Lemmikloomade hooldusmasaa\u017eihari \u2013 tehnilised andmed:<\/h3>\n<div class=\"table-wrapper\">\n<table>\n<tbody>\n<tr>\n<th>Tootja<\/th>\n<td>Paw In Hand<\/td>\n<\/tr>\n<tr>\n<th>Mudel<\/th>\n<td>Comb<\/td>\n<\/tr>\n<tr>\n<th>V\u00e4rv<\/th>\n<td>Valge<\/td>\n<\/tr>\n<tr>\n<th>Sobib<\/th>\n<td>Kassidele ja koertele<\/td>\n<\/tr>\n<tr>\n<th>Materjal<\/th>\n<td>Silikoon<\/td>\n<\/tr>\n<tr>\n<th>M\u00f5\u00f5dud<\/th>\n<td>0,14 x 0,09 x 0,04 m<\/td>\n<\/tr>\n<tr>\n<th>Kaal<\/th>\n<td>0,14 kg<\/td>\n<\/tr>\n<\/tbody>\n<\/table>\n<\/div>\n<p><strong>Lemmiklooma massaa\u017eihari<\/strong> on iga lemmikloomaomaniku usaldusv\u00e4\u00e4rne abiline igap\u00e4evaseks hoolduseks.<\/p>\n","protected":false},"excerpt":{"rendered":"<p>Lemmiklooma massaa\u017eihari Paw In Hand Comb valge, silikoonist Lemmiklooma massaa\u017eihari sobib suurep\u00e4raselt nii kassidele kui ka koertele. Harja valmistamisel on kasutatud vastupidavat plastikut ja pehmeid silikoonharjaseid, mis aitavad eemaldada lahtisi karvu ning pakuvad sinu lemmikule \u00f5rna ja t\u00f5husat massaa\u017ei, soodustades naha vereringet ja muutes hoolitsuse veelgi nauditavamaks. See hari on eriti praktiline lemmiklooma pesemisel, kuna [&hellip;]<\/p>\n","protected":false},"featured_media":173684,"comment_status":"open","ping_status":"open","template":"","meta":[],"product_brand":[3111],"product_cat":[870],"product_tag":[],"class_list":{"0":"post-48212","1":"product","2":"type-product","3":"status-publish","4":"has-post-thumbnail","6":"product_brand-paw-in-hand","7":"product_cat-lemmiklooma-karvahooldus-ja-grooming","8":"product_shipping_class-innpro","10":"first","11":"instock","12":"sale","13":"taxable","14":"shipping-taxable","15":"purchasable","16":"product-type-simple"},"_links":{"self":[{"href":"https:\/\/blankpage.ee\/_ruumist-ruumi\/wp-json\/wp\/v2\/product\/48212","targetHints":{"allow":["GET"]}}],"collection":[{"href":"https:\/\/blankpage.ee\/_ruumist-ruumi\/wp-json\/wp\/v2\/product"}],"about":[{"href":"https:\/\/blankpage.ee\/_ruumist-ruumi\/wp-json\/wp\/v2\/types\/product"}],"replies":[{"embeddable":true,"href":"https:\/\/blankpage.ee\/_ruumist-ruumi\/wp-json\/wp\/v2\/comments?post=48212"}],"wp:featuredmedia":[{"embeddable":true,"href":"https:\/\/blankpage.ee\/_ruumist-ruumi\/wp-json\/wp\/v2\/media\/173684"}],"wp:attachment":[{"href":"https:\/\/blankpage.ee\/_ruumist-ruumi\/wp-json\/wp\/v2\/media?parent=48212"}],"wp:term":[{"taxonomy":"product_brand","embeddable":true,"href":"https:\/\/blankpage.ee\/_ruumist-ruumi\/wp-json\/wp\/v2\/product_brand?post=48212"},{"taxonomy":"product_cat","embeddable":true,"href":"https:\/\/blankpage.ee\/_ruumist-ruumi\/wp-json\/wp\/v2\/product_cat?post=48212"},{"taxonomy":"product_tag","embeddable":true,"href":"https:\/\/blankpage.ee\/_ruumist-ruumi\/wp-json\/wp\/v2\/product_tag?post=48212"}],"curies":[{"name":"wp","href":"https:\/\/api.w.org\/{rel}","templated":true}]}}