{"id":48228,"date":"2025-04-19T11:11:23","date_gmt":"2025-04-19T11:11:23","guid":{"rendered":"https:\/\/ruumistruumi.ee\/?post_type=product&#038;p=48228"},"modified":"2025-08-21T08:18:53","modified_gmt":"2025-08-21T08:18:53","slug":"intelligentne-lemmiklooma-kuivati-homerunpet-pd50-karvahoolduseks","status":"publish","type":"product","link":"https:\/\/blankpage.ee\/_ruumist-ruumi\/pood\/intelligentne-lemmiklooma-kuivati-homerunpet-pd50-karvahoolduseks\/","title":{"rendered":"Nutikas lemmiklooma kuivati Homerunpet PD50 (900 W, 16\u201340 \u00b0C, kuni 9,5 kg)"},"content":{"rendered":"<h3>Lemmiklooma kuivati Homerunpet PD50 \u2013 nutikas valik v\u00e4ikeloomaomanikule<\/h3>\n<p>Lemmiklooma kuivati Homerunpet PD50 pakub kaasaegset ja mugavat lahendust v\u00e4iksemate kasside ja koerte karva kiireks ning efektiivseks kuivatamiseks. Seadmel on lai reguleeritav temperatuurivahemik 16\u201340 \u00b0C ja mitmesuunaline \u00f5huvool, mis aitab kuivatada ka raskesti ligip\u00e4\u00e4setavaid piirkondi \u2013 n\u00e4iteks k\u00f5hu v\u00f5i k\u00e4ppade alla. T\u00e4nu sellele j\u00e4\u00e4b sinu lemmik peale pesu kuivaks ning kodu p\u00f5rand ei saa enam m\u00e4rjaks.<\/p>\n<p><img decoding=\"async\" src=\"https:\/\/blankpage.ee\/_ruumist-ruumi\/wp-content\/uploads\/2024\/12\/6-1.jpg\" alt=\"Lemmiklooma kuivati Homerunpet PD50 klaasuks, vaade seestpoolt\" \/><\/p>\n<h3>Mitmek\u00fclgsed kuivatamisv\u00f5imalused<\/h3>\n<p>Kuivatil on erinevad t\u00f6\u00f6re\u017eiimid, mida on mugav valida peal asuva juhtpaneeli abil. Pehme Cozy Dry re\u017eiim kestab umbes 60 minutit, kiire Quick Dry kuivatus v\u00f5imaldab saavutada kuiva tulemuse juba 45 minutiga. Lisaks saab kasutada Heat Mode\u2019i (soe \u00f5hk) ja Cool Mode\u2019i (k\u00fclm \u00f5hk), mis sobivad ideaalselt n\u00e4iteks lemmiku paitamise ajal.<\/p>\n<p><img decoding=\"async\" src=\"https:\/\/blankpage.ee\/_ruumist-ruumi\/wp-content\/uploads\/2024\/12\/2-2.jpg\" alt=\"Nutikas lemmiklooma kuivati juhtpaneel valikure\u017eiimidega\" \/><\/p>\n<h3>Lemmiklooma kuivati sobib erinevate v\u00e4ikeloomade jaoks<\/h3>\n<p>Lemmiklooma kuivati Homerunpet PD50 sobib suurep\u00e4raselt l\u00fchikarvalistele kassidele (kuivatamine 30\u201345 min), poolpikkade karvadega kassidele (40\u201360 min), pikkade karvadega kassidele ning v\u00e4ikest kasvu koertele kuni 9,5 kg (kuivatusaeg 60\u201390 min). See abil saad lemmiku kiirelt ja lihtsasti kuivaks.<\/p>\n<p><img decoding=\"async\" src=\"https:\/\/blankpage.ee\/_ruumist-ruumi\/wp-content\/uploads\/2024\/12\/8.jpg\" alt=\"V\u00e4ike kass nutikas lemmiklooma kuivati sees\" \/><\/p>\n<h3>Pehmelt s\u00e4rav karvkate \u2013 Coat Grooming tehnoloogia<\/h3>\n<p>Kuivatamisel vabastab Homerunpet PD50 kuni 3 miljonit negatiivset iooni, mis aitavad niisutada karvastiku, v\u00e4hendada staatilist elektrit ning muuta tulemuseks koheva ja s\u00e4rava kasuka. Sinu lemmikul p\u00fcsib karv ilus ja hoolitsetud.<\/p>\n<p><img decoding=\"async\" src=\"https:\/\/blankpage.ee\/_ruumist-ruumi\/wp-content\/uploads\/2024\/12\/3.jpg\" alt=\"Kassi l\u00e4ikiv karvkate p\u00e4rast nutika lemmiklooma kuivati kasutamist\" \/><\/p>\n<h3>Madal m\u00fcratase ja mugav hooldus<\/h3>\n<p>Seadme t\u00f6\u00f6heli on madal, vaid 40\u201360 dB, mis v\u00f5imaldab enamikul lemmikutel rahulikult protseduuri taluda. Kuivati p\u00f5hja ja tolmufiltrit on lihtne eemaldada ning puhastada \u2013 see muudab seadme hooldamise vaevatuks ning aitab hoida kodu karvadest puhtamana. L\u00e4bipaistev uks lubab lemmikut vajadusel paitada ka kuivatamise ajal ning kaasasoleva madratsiga saab kasutada seadet ka ajutise pesana.<\/p>\n<p><img decoding=\"async\" src=\"https:\/\/blankpage.ee\/_ruumist-ruumi\/wp-content\/uploads\/2024\/12\/9.jpg\" alt=\"Nutikas valge lemmiklooma kuivati l\u00e4bipaistva uksega\" \/><\/p>\n<h3>Lihtne hooldada ja kasutada<\/h3>\n<p>Lemmiklooma kuivati p\u00f5hjaosa saab eemaldada ning puhastada kuiva lapiga, tolmufiltri pesemine k\u00e4ib lihtsalt veega. Regulaarne hooldus tagab alati t\u00f5husa \u00f5huvahetuse ning muudab juukse- ja karvapallide koristamise oluliselt lihtsamaks igas kodus.<\/p>\n<p><img decoding=\"async\" src=\"https:\/\/blankpage.ee\/_ruumist-ruumi\/wp-content\/uploads\/2024\/12\/5.jpg\" alt=\"Lemmiklooma kuivati puhastatav filter ja sisemus\" \/><\/p>\n<table>\n<tr>\n<th>Tootja<\/th>\n<td>Homerunpet<\/td>\n<\/tr>\n<tr>\n<th>Mudel<\/th>\n<td>PD50<\/td>\n<\/tr>\n<tr>\n<th>M\u00f5\u00f5dud<\/th>\n<td>46,68 \u00d7 43,68 \u00d7 43,59 cm<\/td>\n<\/tr>\n<tr>\n<th>Kuivatusaeg<\/th>\n<td>30\u201390 min<\/td>\n<\/tr>\n<tr>\n<th>Looma kaal<\/th>\n<td>kuni 9,5 kg<\/td>\n<\/tr>\n<tr>\n<th>Temperatuurivahemik<\/th>\n<td>16\u201340 \u00b0C<\/td>\n<\/tr>\n<tr>\n<th>V\u00f5imsus<\/th>\n<td>900 W<\/td>\n<\/tr>\n<tr>\n<th>T\u00f6\u00f6m\u00fcra tase<\/th>\n<td>40\u201360 dB<\/td>\n<\/tr>\n<\/table>\n","protected":false},"excerpt":{"rendered":"<p>Lemmiklooma kuivati Homerunpet PD50 \u2013 nutikas valik v\u00e4ikeloomaomanikule Lemmiklooma kuivati Homerunpet PD50 pakub kaasaegset ja mugavat lahendust v\u00e4iksemate kasside ja koerte karva kiireks ning efektiivseks kuivatamiseks. Seadmel on lai reguleeritav temperatuurivahemik 16\u201340 \u00b0C ja mitmesuunaline \u00f5huvool, mis aitab kuivatada ka raskesti ligip\u00e4\u00e4setavaid piirkondi \u2013 n\u00e4iteks k\u00f5hu v\u00f5i k\u00e4ppade alla. T\u00e4nu sellele j\u00e4\u00e4b sinu lemmik peale [&hellip;]<\/p>\n","protected":false},"featured_media":173742,"comment_status":"open","ping_status":"open","template":"","meta":[],"product_brand":[3105],"product_cat":[870],"product_tag":[],"class_list":{"0":"post-48228","1":"product","2":"type-product","3":"status-publish","4":"has-post-thumbnail","6":"product_brand-homerunpet","7":"product_cat-lemmiklooma-karvahooldus-ja-grooming","8":"product_shipping_class-innpro","10":"first","11":"instock","12":"sale","13":"taxable","14":"shipping-taxable","15":"purchasable","16":"product-type-simple"},"_links":{"self":[{"href":"https:\/\/blankpage.ee\/_ruumist-ruumi\/wp-json\/wp\/v2\/product\/48228","targetHints":{"allow":["GET"]}}],"collection":[{"href":"https:\/\/blankpage.ee\/_ruumist-ruumi\/wp-json\/wp\/v2\/product"}],"about":[{"href":"https:\/\/blankpage.ee\/_ruumist-ruumi\/wp-json\/wp\/v2\/types\/product"}],"replies":[{"embeddable":true,"href":"https:\/\/blankpage.ee\/_ruumist-ruumi\/wp-json\/wp\/v2\/comments?post=48228"}],"wp:featuredmedia":[{"embeddable":true,"href":"https:\/\/blankpage.ee\/_ruumist-ruumi\/wp-json\/wp\/v2\/media\/173742"}],"wp:attachment":[{"href":"https:\/\/blankpage.ee\/_ruumist-ruumi\/wp-json\/wp\/v2\/media?parent=48228"}],"wp:term":[{"taxonomy":"product_brand","embeddable":true,"href":"https:\/\/blankpage.ee\/_ruumist-ruumi\/wp-json\/wp\/v2\/product_brand?post=48228"},{"taxonomy":"product_cat","embeddable":true,"href":"https:\/\/blankpage.ee\/_ruumist-ruumi\/wp-json\/wp\/v2\/product_cat?post=48228"},{"taxonomy":"product_tag","embeddable":true,"href":"https:\/\/blankpage.ee\/_ruumist-ruumi\/wp-json\/wp\/v2\/product_tag?post=48228"}],"curies":[{"name":"wp","href":"https:\/\/api.w.org\/{rel}","templated":true}]}}