{"id":4825,"date":"2024-11-01T09:18:33","date_gmt":"2024-11-01T09:18:33","guid":{"rendered":"https:\/\/ruumistruumi.ee\/pood\/valge-kummut-ravenna-ra08-paulownia-puidust\/"},"modified":"2025-07-22T17:46:33","modified_gmt":"2025-07-22T17:46:33","slug":"valge-vitriinkapp-ravenna-ra08-lehtpuu-puidust","status":"publish","type":"product","link":"https:\/\/blankpage.ee\/_ruumist-ruumi\/pood\/valge-vitriinkapp-ravenna-ra08-lehtpuu-puidust\/","title":{"rendered":"Valge vitriinkapp Ravenna RA08, lehtpuu puidust"},"content":{"rendered":"<p>Ravenna RA08 vitriinkapp s\u00f6\u00f6gituppa. See elegantne Provencal stiilis vitriinkapp on ideaalne t\u00e4iendus igasse s\u00f6\u00f6gituppa, pakkudes nii praktilisust kui ka esteetilist ilu. Valge v\u00e4rvusega kapp on kaunistatud tumeda pruuni pealispinna ja \u00fclemise \u00e4\u00e4rega, mis lisavad sellele ajatut v\u00f5lu. Metallist k\u00e4epidemed ja rullitud jalad annavad m\u00f6\u00f6bliesemele t\u00e4iendava stiilse aktsendi.<\/p>\n<p>Ravenna RA08 vitriinkapp pakub rohkelt hoiuruumi, kuna sellel on kolm ust ja kaks riiulit, mis v\u00f5imaldavad mugavalt paigutada k\u00f5ik vajalikud esemed. Kapi osaliselt kokkupandud konstruktsioon t\u00e4hendab, et see ei vaja keerulist paigaldust, s\u00e4\u00e4stes teie aega ja vaeva. Paulownia puidust ja MDF-ist valmistatud kapp on vastupidav ning loodud kestma, olles samas ka keskkonnas\u00f5bralik valik.<\/p>\n<p>Omadused:<br \/>\n<strong>Materjal:<\/strong> Paulownia puit ja MDF.<br \/>\n<strong>V\u00e4rv:<\/strong> Valge, tumepruun pealispind ja \u00fclemine \u00e4\u00e4r.<br \/>\n<strong>M\u00f5\u00f5tmed:<\/strong> Laius 120 cm, s\u00fcgavus 45 cm, k\u00f5rgus 200 cm.<br \/>\n<strong>T\u00e4iendavad detailid:<\/strong> Kolm ust, kaks riiulit, metallist k\u00e4epidemed.<br \/>\n<strong>Kokkupanek:<\/strong> Osaliselt kokku pandud, ei vaja paigaldust. S\u00e4\u00e4stab aega ja vaeva.<\/p>\n<p>&nbsp;<\/p>\n","protected":false},"excerpt":{"rendered":"<p>Ravenna RA08 vitriinkapp s\u00f6\u00f6gituppa. See elegantne Provencal stiilis vitriinkapp on ideaalne t\u00e4iendus igasse s\u00f6\u00f6gituppa, pakkudes nii praktilisust kui ka esteetilist ilu. Valge v\u00e4rvusega kapp on kaunistatud tumeda pruuni pealispinna ja \u00fclemise \u00e4\u00e4rega, mis lisavad sellele ajatut v\u00f5lu. Metallist k\u00e4epidemed ja rullitud jalad annavad m\u00f6\u00f6bliesemele t\u00e4iendava stiilse aktsendi. Ravenna RA08 vitriinkapp pakub rohkelt hoiuruumi, kuna sellel [&hellip;]<\/p>\n","protected":false},"featured_media":4826,"comment_status":"open","ping_status":"closed","template":"","meta":[],"product_brand":[],"product_cat":[73],"product_tag":[],"class_list":{"0":"post-4825","1":"product","2":"type-product","3":"status-publish","4":"has-post-thumbnail","6":"product_cat-vitriinkapid","7":"product_shipping_class-livin-hill","8":"pa_kaepidemed-metall","9":"pa_kollektsioon-ravenna","10":"pa_materjal-paulownia-puit","11":"pa_riiulite-arv-76","12":"pa_uste-arv-84","13":"pa_varv-valge","15":"first","16":"outofstock","17":"sale","18":"taxable","19":"shipping-taxable","20":"purchasable","21":"product-type-simple"},"_links":{"self":[{"href":"https:\/\/blankpage.ee\/_ruumist-ruumi\/wp-json\/wp\/v2\/product\/4825","targetHints":{"allow":["GET"]}}],"collection":[{"href":"https:\/\/blankpage.ee\/_ruumist-ruumi\/wp-json\/wp\/v2\/product"}],"about":[{"href":"https:\/\/blankpage.ee\/_ruumist-ruumi\/wp-json\/wp\/v2\/types\/product"}],"replies":[{"embeddable":true,"href":"https:\/\/blankpage.ee\/_ruumist-ruumi\/wp-json\/wp\/v2\/comments?post=4825"}],"wp:featuredmedia":[{"embeddable":true,"href":"https:\/\/blankpage.ee\/_ruumist-ruumi\/wp-json\/wp\/v2\/media\/4826"}],"wp:attachment":[{"href":"https:\/\/blankpage.ee\/_ruumist-ruumi\/wp-json\/wp\/v2\/media?parent=4825"}],"wp:term":[{"taxonomy":"product_brand","embeddable":true,"href":"https:\/\/blankpage.ee\/_ruumist-ruumi\/wp-json\/wp\/v2\/product_brand?post=4825"},{"taxonomy":"product_cat","embeddable":true,"href":"https:\/\/blankpage.ee\/_ruumist-ruumi\/wp-json\/wp\/v2\/product_cat?post=4825"},{"taxonomy":"product_tag","embeddable":true,"href":"https:\/\/blankpage.ee\/_ruumist-ruumi\/wp-json\/wp\/v2\/product_tag?post=4825"}],"curies":[{"name":"wp","href":"https:\/\/api.w.org\/{rel}","templated":true}]}}