{"id":4830,"date":"2024-11-01T09:19:21","date_gmt":"2024-11-01T09:19:21","guid":{"rendered":"https:\/\/ruumistruumi.ee\/pood\/valge-raamaturiiul-ravenna-ra03-paulownia-puidust\/"},"modified":"2025-07-22T17:46:34","modified_gmt":"2025-07-22T17:46:34","slug":"valge-raamaturiiul-ravenna-ra03-lehtpuu-puidust","status":"publish","type":"product","link":"https:\/\/blankpage.ee\/_ruumist-ruumi\/pood\/valge-raamaturiiul-ravenna-ra03-lehtpuu-puidust\/","title":{"rendered":"Valge raamaturiiul Ravenna RA03, lehtpuu puidust"},"content":{"rendered":"<p>Ravenna RA03 raamaturiiul kodukontorisse. See elegantne Provencali stiilis valge raamaturiiul, millel on tumedast pruunist puitmaterjalist \u00fclemine osa, lisab teie ruumile ajatut v\u00f5lu. Raamaturiiulil on metallist k\u00e4epidemed ja rullitud jalad, mis annavad sellele ainulaadse ja stiilse v\u00e4limuse.<\/p>\n<p>Ravenna kollektsiooni kuuluv raamaturiiul on valmistatud kvaliteetsest Paulownia puidust ja MDF-ist, tagades nii vastupidavuse kui ka esteetilise ilu. Sellel on kaks riiulit, mis pakuvad piisavalt ruumi raamatute ja dekoratiivesemete paigutamiseks. Valge v\u00e4rv koos tumeda pruuniga loob meeldiva kontrasti, mis sobib h\u00e4sti erinevatesse interj\u00f6\u00f6ridesse.<\/p>\n<p>Omadused:<br \/>\n<strong>Materjal:<\/strong> Paulownia puit ja MDF.<br \/>\n<strong>V\u00e4rv:<\/strong> Valge, tumepruun \u00fclemine osa.<br \/>\n<strong>M\u00f5\u00f5tmed:<\/strong> Laius 60 cm, s\u00fcgavus 36 cm, k\u00f5rgus 180 cm.<br \/>\n<strong>T\u00e4iendavad detailid:<\/strong> Metallist k\u00e4epidemed ja rullitud jalad.<br \/>\n<strong>Kokkupanek:<\/strong> Osaliselt kokku pandud, ei vaja paigaldust. S\u00e4\u00e4stab aega ja vaeva.<\/p>\n<p>&nbsp;<\/p>\n","protected":false},"excerpt":{"rendered":"<p>Ravenna RA03 raamaturiiul kodukontorisse. See elegantne Provencali stiilis valge raamaturiiul, millel on tumedast pruunist puitmaterjalist \u00fclemine osa, lisab teie ruumile ajatut v\u00f5lu. Raamaturiiulil on metallist k\u00e4epidemed ja rullitud jalad, mis annavad sellele ainulaadse ja stiilse v\u00e4limuse. Ravenna kollektsiooni kuuluv raamaturiiul on valmistatud kvaliteetsest Paulownia puidust ja MDF-ist, tagades nii vastupidavuse kui ka esteetilise ilu. Sellel [&hellip;]<\/p>\n","protected":false},"featured_media":4831,"comment_status":"open","ping_status":"closed","template":"","meta":[],"product_brand":[],"product_cat":[97],"product_tag":[],"class_list":{"0":"post-4830","1":"product","2":"type-product","3":"status-publish","4":"has-post-thumbnail","6":"product_cat-raamaturiiulid","7":"product_shipping_class-livin-hill","8":"pa_kaepidemed-metall","9":"pa_kollektsioon-ravenna","10":"pa_materjal-paulownia-puit","11":"pa_riiulite-arv-76","12":"pa_sahtlite-arv-95","13":"pa_varv-valge","15":"first","16":"outofstock","17":"sale","18":"taxable","19":"shipping-taxable","20":"purchasable","21":"product-type-simple"},"_links":{"self":[{"href":"https:\/\/blankpage.ee\/_ruumist-ruumi\/wp-json\/wp\/v2\/product\/4830","targetHints":{"allow":["GET"]}}],"collection":[{"href":"https:\/\/blankpage.ee\/_ruumist-ruumi\/wp-json\/wp\/v2\/product"}],"about":[{"href":"https:\/\/blankpage.ee\/_ruumist-ruumi\/wp-json\/wp\/v2\/types\/product"}],"replies":[{"embeddable":true,"href":"https:\/\/blankpage.ee\/_ruumist-ruumi\/wp-json\/wp\/v2\/comments?post=4830"}],"wp:featuredmedia":[{"embeddable":true,"href":"https:\/\/blankpage.ee\/_ruumist-ruumi\/wp-json\/wp\/v2\/media\/4831"}],"wp:attachment":[{"href":"https:\/\/blankpage.ee\/_ruumist-ruumi\/wp-json\/wp\/v2\/media?parent=4830"}],"wp:term":[{"taxonomy":"product_brand","embeddable":true,"href":"https:\/\/blankpage.ee\/_ruumist-ruumi\/wp-json\/wp\/v2\/product_brand?post=4830"},{"taxonomy":"product_cat","embeddable":true,"href":"https:\/\/blankpage.ee\/_ruumist-ruumi\/wp-json\/wp\/v2\/product_cat?post=4830"},{"taxonomy":"product_tag","embeddable":true,"href":"https:\/\/blankpage.ee\/_ruumist-ruumi\/wp-json\/wp\/v2\/product_tag?post=4830"}],"curies":[{"name":"wp","href":"https:\/\/api.w.org\/{rel}","templated":true}]}}