{"id":48312,"date":"2025-04-19T11:55:47","date_gmt":"2025-04-19T11:55:47","guid":{"rendered":"https:\/\/ruumistruumi.ee\/?post_type=product&#038;p=48312"},"modified":"2025-08-21T08:18:49","modified_gmt":"2025-08-21T08:18:49","slug":"lemmikloomade-grooming-komplekt-oneisall-bm1-kuivatusfunktsiooniga","status":"publish","type":"product","link":"https:\/\/blankpage.ee\/_ruumist-ruumi\/pood\/lemmikloomade-grooming-komplekt-oneisall-bm1-kuivatusfunktsiooniga\/","title":{"rendered":"Oneisall BM1 lemmiklooma karvahooldusmasin tolmuimeja ja kuivatiga (2L, 60 dB)"},"content":{"rendered":"<h3>Lemmiklooma karvahooldusmasin Oneisall BM1 tolmuimeja ja kuivatiga<\/h3>\n<p><strong>Lemmiklooma karvahooldusmasin<\/strong> Oneisall BM1 \u00fchendab t\u00f5husa puhastuse ja mugava hoolduse \u2013 sobib nii v\u00e4ikeste, keskmiste kui suurte koerte ja kasside karvahoolduseks. See seade muudab igap\u00e4evase karvahoolduse lihtsaks ja stressivabaks nii lemmikule kui omanikule. BM1 v\u00f5imaldab kiiret ja \u00f5rna hooldust, aidates karva korras hoida ning kodu puhtana.<\/p>\n<p><img decoding=\"async\" src=\"https:\/\/blankpage.ee\/_ruumist-ruumi\/wp-content\/uploads\/2024\/12\/2-9.jpg\" border=\"0\" alt=\"Oneisall BM1 lemmiklooma karvahooldusmasin tolmuimeja ja kuivatiga\" \/><\/p>\n<h3>Kohandatav lemmiklooma karvakuivati<\/h3>\n<p>Vali kuivatustemperatuur vahemikus 35\u00b0C kuni 65\u00b0C ning \u00f5huvool kuni 70 cfm. V\u00e4ikese koera karv kuivab 10\u201315 minutiga, keskmisel 30\u201335 minutiga ja suurel 40\u201360 minutiga. Nii l\u00fchendad oluliselt lemmiku hooldusele kuluvat aega ja v\u00e4hendad stressi.<\/p>\n<p><img decoding=\"async\" src=\"https:\/\/blankpage.ee\/_ruumist-ruumi\/wp-content\/uploads\/2024\/12\/5-4.jpg\" border=\"0\" alt=\"Kuivatusfunktsiooniga karvahooldusmasin koertele ja kassidele\" \/><\/p>\n<h3>Mitmek\u00fclgsed hooldusotsikud igat t\u00fc\u00fcpi lemmikloomadele<\/h3>\n<p>BM1 tolmuimejal on erinevad otsikud ja harjad, mis aitavad karva eemaldada ning kammida. Vastupidavad, \u00f5rnad harjased tagavad efektiivse hoolduse ilma looma nahka \u00e4rritamata.<\/p>\n<p><img decoding=\"async\" src=\"https:\/\/blankpage.ee\/_ruumist-ruumi\/wp-content\/uploads\/2024\/12\/4-6.jpg\" border=\"0\" alt=\"Lemmiklooma hooldusvahendite komplekt erinevate otsikutega\" \/><\/p>\n<h3>V\u00f5imas ja stabiilne mootor<\/h3>\n<p>Mootor t\u00f6\u00f6tab kuni 44 000 p\u00f6\u00f6ret minutis, tagades stabiilse j\u00f5udluse. 2-liitrine paak vajab t\u00fchjendamist harva, mis teeb kasutamise mugavaks.<\/p>\n<p><img decoding=\"async\" src=\"https:\/\/blankpage.ee\/_ruumist-ruumi\/wp-content\/uploads\/2024\/12\/6-5.jpg\" border=\"0\" alt=\"V\u00f5imas mootoriga karvahooldusmasin lemmikloomadele\" \/><\/p>\n<h3>V\u00e4ga vaikne t\u00f6\u00f6<\/h3>\n<p>Lemmiklooma karvahooldusmasin t\u00f6\u00f6tab maksimaalselt 60 dB m\u00fcratasemega \u2013 see on v\u00f5rreldav rahuliku restoranivestlusega ja muudab hooldussessioonid lemmikule v\u00e4hem stressirohkeks.<\/p>\n<p><img decoding=\"async\" src=\"https:\/\/blankpage.ee\/_ruumist-ruumi\/wp-content\/uploads\/2024\/12\/1-6.jpg\" border=\"0\" alt=\"Vaikne lemmiklooma hooldusseade igap\u00e4evaseks kasutamiseks\" \/><\/p>\n<h3>T\u00f5hus \u00f5hupuhastus ja karva kogumine<\/h3>\n<p>BM1 hoolitseb selle eest, et ruumi paiskub ainult puhas \u00f5hk \u2013 karvad ja allergeenid ei levita laiali, mis aitab kodu paremini puhtana hoida.<\/p>\n<p><img decoding=\"async\" src=\"https:\/\/blankpage.ee\/_ruumist-ruumi\/wp-content\/uploads\/2024\/12\/3-4.jpg\" border=\"0\" alt=\"Karvahooldusseadme \u00f5hueralduss\u00fcsteem ja filtrid\" \/><\/p>\n<h3>Komplekti sisu<\/h3>\n<ul>\n<li>Tolmuimeja (1 tk)<\/li>\n<li>Otsikud (6 tk)<\/li>\n<li>Lai otsik (1 tk)<\/li>\n<li>\u00dcmar otsik (1 tk)<\/li>\n<li>Asenduskott tolmuimejale (1 tk)<\/li>\n<li>Pikk ja kitsas otsik (1 tk)<\/li>\n<li>Trimmer (1 tk)<\/li>\n<li>Kammotsik (1 tk)<\/li>\n<li>Voolik (1 tk)<\/li>\n<li>Karvaeemaldusrull (1 tk)<\/li>\n<li>Kuivatusotsik (1 tk)<\/li>\n<li>K\u00f5ver hooldushari (1 tk)<\/li>\n<\/ul>\n<div class=\"table-wrapper\">\n<table>\n<tbody>\n<tr>\n<th>Br\u00e4nd<\/th>\n<td>Oneisall<\/td>\n<\/tr>\n<tr>\n<th>Mudel<\/th>\n<td>BM1<\/td>\n<\/tr>\n<tr>\n<th>V\u00e4rv<\/th>\n<td>Valge<\/td>\n<\/tr>\n<tr>\n<th>Paagi maht<\/th>\n<td>2 liitrit<\/td>\n<\/tr>\n<tr>\n<th>Kuivati<\/th>\n<td>35\u00b0C \u2013 65\u00b0C<\/td>\n<\/tr>\n<tr>\n<th>\u00d5huvoolu kiirus<\/th>\n<td>70 cfm<\/td>\n<\/tr>\n<tr>\n<th>P\u00f6\u00f6rded minutis<\/th>\n<td>44 000<\/td>\n<\/tr>\n<tr>\n<th>\u00d5hur\u00f5hk<\/th>\n<td>15 kPa<\/td>\n<\/tr>\n<tr>\n<th>Kaal<\/th>\n<td>u 2,3 kg<\/td>\n<\/tr>\n<tr>\n<th>M\u00fcratase<\/th>\n<td>60 dB<\/td>\n<\/tr>\n<\/tbody>\n<\/table>\n<\/div>\n<p><strong>Oneisall BM1 lemmiklooma karvahooldusmasin on suurep\u00e4rane igap\u00e4evaseks karva hoolduseks, aidates hoida Sinu lemmiku karva puhta ja korralikuna ning kodu karvavaba.<\/strong><\/p>\n","protected":false},"excerpt":{"rendered":"<p>Lemmiklooma karvahooldusmasin Oneisall BM1 tolmuimeja ja kuivatiga Lemmiklooma karvahooldusmasin Oneisall BM1 \u00fchendab t\u00f5husa puhastuse ja mugava hoolduse \u2013 sobib nii v\u00e4ikeste, keskmiste kui suurte koerte ja kasside karvahoolduseks. See seade muudab igap\u00e4evase karvahoolduse lihtsaks ja stressivabaks nii lemmikule kui omanikule. BM1 v\u00f5imaldab kiiret ja \u00f5rna hooldust, aidates karva korras hoida ning kodu puhtana. Kohandatav lemmiklooma [&hellip;]<\/p>\n","protected":false},"featured_media":174075,"comment_status":"open","ping_status":"open","template":"","meta":[],"product_brand":[3114],"product_cat":[870],"product_tag":[],"class_list":{"0":"post-48312","1":"product","2":"type-product","3":"status-publish","4":"has-post-thumbnail","6":"product_brand-oneisall","7":"product_cat-lemmiklooma-karvahooldus-ja-grooming","8":"product_shipping_class-innpro","10":"first","11":"instock","12":"sale","13":"taxable","14":"shipping-taxable","15":"purchasable","16":"product-type-simple"},"_links":{"self":[{"href":"https:\/\/blankpage.ee\/_ruumist-ruumi\/wp-json\/wp\/v2\/product\/48312","targetHints":{"allow":["GET"]}}],"collection":[{"href":"https:\/\/blankpage.ee\/_ruumist-ruumi\/wp-json\/wp\/v2\/product"}],"about":[{"href":"https:\/\/blankpage.ee\/_ruumist-ruumi\/wp-json\/wp\/v2\/types\/product"}],"replies":[{"embeddable":true,"href":"https:\/\/blankpage.ee\/_ruumist-ruumi\/wp-json\/wp\/v2\/comments?post=48312"}],"wp:featuredmedia":[{"embeddable":true,"href":"https:\/\/blankpage.ee\/_ruumist-ruumi\/wp-json\/wp\/v2\/media\/174075"}],"wp:attachment":[{"href":"https:\/\/blankpage.ee\/_ruumist-ruumi\/wp-json\/wp\/v2\/media?parent=48312"}],"wp:term":[{"taxonomy":"product_brand","embeddable":true,"href":"https:\/\/blankpage.ee\/_ruumist-ruumi\/wp-json\/wp\/v2\/product_brand?post=48312"},{"taxonomy":"product_cat","embeddable":true,"href":"https:\/\/blankpage.ee\/_ruumist-ruumi\/wp-json\/wp\/v2\/product_cat?post=48312"},{"taxonomy":"product_tag","embeddable":true,"href":"https:\/\/blankpage.ee\/_ruumist-ruumi\/wp-json\/wp\/v2\/product_tag?post=48312"}],"curies":[{"name":"wp","href":"https:\/\/api.w.org\/{rel}","templated":true}]}}