{"id":48335,"date":"2024-12-07T12:12:01","date_gmt":"2024-12-07T12:12:01","guid":{"rendered":"https:\/\/ruumistruumi.ee\/?post_type=product&#038;p=48335"},"modified":"2025-08-21T08:21:46","modified_gmt":"2025-08-21T08:21:46","slug":"foon-homerunpet-pd10-lemmikloomadele","status":"publish","type":"product","link":"https:\/\/blankpage.ee\/_ruumist-ruumi\/pood\/foon-homerunpet-pd10-lemmikloomadele\/","title":{"rendered":"F\u00f6\u00f6n HomeRunPet PD10 lemmikloomadele"},"content":{"rendered":"<h3>HomeRunPet PD10 lemmikloomade f\u00f6\u00f6n.<\/h3>\n<p>Lemmikloomade hooldusvahendite maailmas paistab HomeRunPet PD10 lemmikloomade f\u00f6\u00f6n silma oma uuenduslikkuse ja mugavuse poolest nii lemmikloomale kui ka omanikule. PD10 on arenenud tehnoloogia ja meie lemmikloomade \u00f5rna naha \u00fchendamise tulemus. Vaadake, mida see teile pakkuda suudab!<\/p>\n<p><img loading=\"lazy\" decoding=\"async\" class=\"alignnone size-medium_large wp-image-48457\" src=\"https:\/\/blankpage.ee\/_ruumist-ruumi\/wp-content\/uploads\/2024\/12\/Foon-HomeRunPet-PD10-lemmikloomadele-9-768x489.webp\" alt=\"F\u00f6\u00f6n HomeRunPet PD10 lemmikloomadele\" width=\"768\" height=\"489\" srcset=\"https:\/\/blankpage.ee\/_ruumist-ruumi\/wp-content\/uploads\/2024\/12\/Foon-HomeRunPet-PD10-lemmikloomadele-9-768x489.webp 768w, https:\/\/blankpage.ee\/_ruumist-ruumi\/wp-content\/uploads\/2024\/12\/Foon-HomeRunPet-PD10-lemmikloomadele-9-300x191.webp 300w, https:\/\/blankpage.ee\/_ruumist-ruumi\/wp-content\/uploads\/2024\/12\/Foon-HomeRunPet-PD10-lemmikloomadele-9-400x255.webp 400w, https:\/\/blankpage.ee\/_ruumist-ruumi\/wp-content\/uploads\/2024\/12\/Foon-HomeRunPet-PD10-lemmikloomadele-9-922x587.webp 922w, https:\/\/blankpage.ee\/_ruumist-ruumi\/wp-content\/uploads\/2024\/12\/Foon-HomeRunPet-PD10-lemmikloomadele-9.webp 1000w\" sizes=\"auto, (max-width: 768px) 100vw, 768px\" \/><\/p>\n<h3>Vaikne ja t\u00f5hus t\u00f6\u00f6 &#8211; t\u00e4iusliku hoolduse saladus<\/h3>\n<p>Muljetavaldava mootori kiirusega 31 000 p\/min ja 10 cm laiuse otsikuga pakub PD10 mitte ainult kiiret, vaid ka t\u00f5husat kuivatamist igat t\u00fc\u00fcpi karvadele. Olgu tegemist l\u00fchikeste, keskmise pikkusega v\u00f5i pikkade karvadega, kuivatamisaeg v\u00e4heneb oluliselt 8-45 minutini, s\u00f5ltuvalt karva pikkusest. PD10 eristub oma erakordselt vaikse t\u00f6\u00f6 poolest. See kasutab uuenduslikku tehnoloogiat, et v\u00e4hendada m\u00fcra, muutes \u00f5huvoolu teekonda, nii et f\u00f6\u00f6ni helitugevus on vaid 53 dB. See on tase, mis ei stressi loomi, v\u00f5imaldades neil hetke nautida.<\/p>\n<p><img loading=\"lazy\" decoding=\"async\" class=\"alignnone size-medium_large wp-image-48455\" src=\"https:\/\/blankpage.ee\/_ruumist-ruumi\/wp-content\/uploads\/2024\/12\/Foon-HomeRunPet-PD10-lemmikloomadele-4-768x489.webp\" alt=\"F\u00f6\u00f6n HomeRunPet PD10 lemmikloomadele\" width=\"768\" height=\"489\" srcset=\"https:\/\/blankpage.ee\/_ruumist-ruumi\/wp-content\/uploads\/2024\/12\/Foon-HomeRunPet-PD10-lemmikloomadele-4-768x489.webp 768w, https:\/\/blankpage.ee\/_ruumist-ruumi\/wp-content\/uploads\/2024\/12\/Foon-HomeRunPet-PD10-lemmikloomadele-4-300x191.webp 300w, https:\/\/blankpage.ee\/_ruumist-ruumi\/wp-content\/uploads\/2024\/12\/Foon-HomeRunPet-PD10-lemmikloomadele-4-400x255.webp 400w, https:\/\/blankpage.ee\/_ruumist-ruumi\/wp-content\/uploads\/2024\/12\/Foon-HomeRunPet-PD10-lemmikloomadele-4-922x587.webp 922w, https:\/\/blankpage.ee\/_ruumist-ruumi\/wp-content\/uploads\/2024\/12\/Foon-HomeRunPet-PD10-lemmikloomadele-4.webp 1000w\" sizes=\"auto, (max-width: 768px) 100vw, 768px\" \/><\/p>\n<h3>Tervis ja mugavus tehnoloogia abil<\/h3>\n<p>HomeRunPet PD10 ei ole tavaline f\u00f6\u00f6n. Sellega kaasneb k\u00fc\u00fcnarnuki otsik, mis eraldab 20 miljonit negatiivset iooni, mis mitte ainult ei kiirenda kuivatamisprotsessi, vaid parandab ka karvkatte kvaliteeti, andes sellele tervisliku s\u00e4ra. Lisaks pakub f\u00f6\u00f6n 99 tuulekiirust stabiilse temperatuuriga, v\u00f5imaldades seda t\u00e4pselt kohandada teie lemmiklooma vajadustele.<\/p>\n<p><img loading=\"lazy\" decoding=\"async\" class=\"alignnone size-medium_large wp-image-48459\" src=\"https:\/\/blankpage.ee\/_ruumist-ruumi\/wp-content\/uploads\/2024\/12\/Foon-HomeRunPet-PD10-lemmikloomadele-11-768x489.jpg\" alt=\"F\u00f6\u00f6n HomeRunPet PD10 lemmikloomadele\" width=\"768\" height=\"489\" srcset=\"https:\/\/blankpage.ee\/_ruumist-ruumi\/wp-content\/uploads\/2024\/12\/Foon-HomeRunPet-PD10-lemmikloomadele-11-768x489.jpg 768w, https:\/\/blankpage.ee\/_ruumist-ruumi\/wp-content\/uploads\/2024\/12\/Foon-HomeRunPet-PD10-lemmikloomadele-11-300x191.jpg 300w, https:\/\/blankpage.ee\/_ruumist-ruumi\/wp-content\/uploads\/2024\/12\/Foon-HomeRunPet-PD10-lemmikloomadele-11-400x255.jpg 400w, https:\/\/blankpage.ee\/_ruumist-ruumi\/wp-content\/uploads\/2024\/12\/Foon-HomeRunPet-PD10-lemmikloomadele-11-922x587.jpg 922w, https:\/\/blankpage.ee\/_ruumist-ruumi\/wp-content\/uploads\/2024\/12\/Foon-HomeRunPet-PD10-lemmikloomadele-11.jpg 1000w\" sizes=\"auto, (max-width: 768px) 100vw, 768px\" \/><\/p>\n<h3>L\u00e4bim\u00f5eldud disain<\/h3>\n<p>V\u00e4rvikoodiga temperatuurin\u00e4idikud (punane kuuma \u00f5hu jaoks, kollane sooja \u00f5hu jaoks ja hall toatemperatuuri jaoks) tagavad seadme intuitiivse kasutamise, v\u00e4listades \u00fclekuumenemise riski. Kahekordne k\u00e4epide tagab soojusisolatsiooni ja kasutusmugavuse, samas kui 20\u00b0 allapoole suunatud \u00f5huvool suurendab veelgi mugavust.<\/p>\n<p><img loading=\"lazy\" decoding=\"async\" class=\"alignnone size-medium_large wp-image-48456\" src=\"https:\/\/blankpage.ee\/_ruumist-ruumi\/wp-content\/uploads\/2024\/12\/Foon-HomeRunPet-PD10-lemmikloomadele-5-768x489.webp\" alt=\"F\u00f6\u00f6n HomeRunPet PD10 lemmikloomadele\" width=\"768\" height=\"489\" srcset=\"https:\/\/blankpage.ee\/_ruumist-ruumi\/wp-content\/uploads\/2024\/12\/Foon-HomeRunPet-PD10-lemmikloomadele-5-768x489.webp 768w, https:\/\/blankpage.ee\/_ruumist-ruumi\/wp-content\/uploads\/2024\/12\/Foon-HomeRunPet-PD10-lemmikloomadele-5-300x191.webp 300w, https:\/\/blankpage.ee\/_ruumist-ruumi\/wp-content\/uploads\/2024\/12\/Foon-HomeRunPet-PD10-lemmikloomadele-5-400x255.webp 400w, https:\/\/blankpage.ee\/_ruumist-ruumi\/wp-content\/uploads\/2024\/12\/Foon-HomeRunPet-PD10-lemmikloomadele-5-922x587.webp 922w, https:\/\/blankpage.ee\/_ruumist-ruumi\/wp-content\/uploads\/2024\/12\/Foon-HomeRunPet-PD10-lemmikloomadele-5.webp 1000w\" sizes=\"auto, (max-width: 768px) 100vw, 768px\" \/><\/p>\n<h3>Ohutus ennek\u00f5ike<\/h3>\n<p>Pikaajalise ja ohutu kasutamise huvides on PD10 varustatud topeltfiltritega, et kaitsta mootorit mustuse ja prahi eest. See koos \u00fclekuumenemiskindlusega muudab iga kuivatamisseansi mitte ainult t\u00f5husaks, vaid ka ohutuks nii seadme kui ka teie lemmiklooma jaoks.<\/p>\n<p><img loading=\"lazy\" decoding=\"async\" class=\"alignnone size-medium_large wp-image-48458\" src=\"https:\/\/blankpage.ee\/_ruumist-ruumi\/wp-content\/uploads\/2024\/12\/Foon-HomeRunPet-PD10-lemmikloomadele-10-768x489.webp\" alt=\"F\u00f6\u00f6n HomeRunPet PD10 lemmikloomadele\" width=\"768\" height=\"489\" srcset=\"https:\/\/blankpage.ee\/_ruumist-ruumi\/wp-content\/uploads\/2024\/12\/Foon-HomeRunPet-PD10-lemmikloomadele-10-768x489.webp 768w, https:\/\/blankpage.ee\/_ruumist-ruumi\/wp-content\/uploads\/2024\/12\/Foon-HomeRunPet-PD10-lemmikloomadele-10-300x191.webp 300w, https:\/\/blankpage.ee\/_ruumist-ruumi\/wp-content\/uploads\/2024\/12\/Foon-HomeRunPet-PD10-lemmikloomadele-10-400x255.webp 400w, https:\/\/blankpage.ee\/_ruumist-ruumi\/wp-content\/uploads\/2024\/12\/Foon-HomeRunPet-PD10-lemmikloomadele-10-922x587.webp 922w, https:\/\/blankpage.ee\/_ruumist-ruumi\/wp-content\/uploads\/2024\/12\/Foon-HomeRunPet-PD10-lemmikloomadele-10.webp 1000w\" sizes=\"auto, (max-width: 768px) 100vw, 768px\" \/><\/p>\n<div class=\"table-wrapper\">\n<h3><\/h3>\n<table>\n<tbody>\n<tr>\n<th>Tootja<\/th>\n<td>HomeRunPet<\/td>\n<\/tr>\n<tr>\n<th>Mudel<\/th>\n<td>PD10<\/td>\n<\/tr>\n<tr>\n<th>Helitugevus<\/th>\n<td>53 dB<\/td>\n<\/tr>\n<tr>\n<th>Mootori kiirus<\/th>\n<td>31 000 p\/min<\/td>\n<\/tr>\n<tr>\n<th>Otsiku laius<\/th>\n<td>10 cm<\/td>\n<\/tr>\n<tr>\n<th>Kuivatamisaeg<\/th>\n<td>L\u00fchikesed karvad: 8~10 min; keskmise pikkusega: 15~30 min; pikad karvad: 35~45 min.<\/td>\n<\/tr>\n<\/tbody>\n<\/table>\n<\/div>\n","protected":false},"excerpt":{"rendered":"<p>HomeRunPet PD10 lemmikloomade f\u00f6\u00f6n. Lemmikloomade hooldusvahendite maailmas paistab HomeRunPet PD10 lemmikloomade f\u00f6\u00f6n silma oma uuenduslikkuse ja mugavuse poolest nii lemmikloomale kui ka omanikule. PD10 on arenenud tehnoloogia ja meie lemmikloomade \u00f5rna naha \u00fchendamise tulemus. Vaadake, mida see teile pakkuda suudab! Vaikne ja t\u00f5hus t\u00f6\u00f6 &#8211; t\u00e4iusliku hoolduse saladus Muljetavaldava mootori kiirusega 31 000 p\/min ja [&hellip;]<\/p>\n","protected":false},"featured_media":48336,"comment_status":"open","ping_status":"closed","template":"","meta":[],"product_brand":[],"product_cat":[870],"product_tag":[],"class_list":{"0":"post-48335","1":"product","2":"type-product","3":"status-publish","4":"has-post-thumbnail","6":"product_cat-lemmiklooma-karvahooldus-ja-grooming","7":"product_shipping_class-innpro","9":"first","10":"instock","11":"sale","12":"taxable","13":"shipping-taxable","14":"purchasable","15":"product-type-simple"},"_links":{"self":[{"href":"https:\/\/blankpage.ee\/_ruumist-ruumi\/wp-json\/wp\/v2\/product\/48335","targetHints":{"allow":["GET"]}}],"collection":[{"href":"https:\/\/blankpage.ee\/_ruumist-ruumi\/wp-json\/wp\/v2\/product"}],"about":[{"href":"https:\/\/blankpage.ee\/_ruumist-ruumi\/wp-json\/wp\/v2\/types\/product"}],"replies":[{"embeddable":true,"href":"https:\/\/blankpage.ee\/_ruumist-ruumi\/wp-json\/wp\/v2\/comments?post=48335"}],"wp:featuredmedia":[{"embeddable":true,"href":"https:\/\/blankpage.ee\/_ruumist-ruumi\/wp-json\/wp\/v2\/media\/48336"}],"wp:attachment":[{"href":"https:\/\/blankpage.ee\/_ruumist-ruumi\/wp-json\/wp\/v2\/media?parent=48335"}],"wp:term":[{"taxonomy":"product_brand","embeddable":true,"href":"https:\/\/blankpage.ee\/_ruumist-ruumi\/wp-json\/wp\/v2\/product_brand?post=48335"},{"taxonomy":"product_cat","embeddable":true,"href":"https:\/\/blankpage.ee\/_ruumist-ruumi\/wp-json\/wp\/v2\/product_cat?post=48335"},{"taxonomy":"product_tag","embeddable":true,"href":"https:\/\/blankpage.ee\/_ruumist-ruumi\/wp-json\/wp\/v2\/product_tag?post=48335"}],"curies":[{"name":"wp","href":"https:\/\/api.w.org\/{rel}","templated":true}]}}