{"id":4836,"date":"2024-11-01T09:20:13","date_gmt":"2024-11-01T09:20:13","guid":{"rendered":"https:\/\/ruumistruumi.ee\/pood\/elevandiluu-varvi-kummut-verona-ve803-kaskpuust\/"},"modified":"2025-07-15T18:41:31","modified_gmt":"2025-07-15T18:41:31","slug":"elevandiluu-varvi-kummut-verona-ve803-kasepuidust","status":"publish","type":"product","link":"https:\/\/blankpage.ee\/_ruumist-ruumi\/pood\/elevandiluu-varvi-kummut-verona-ve803-kasepuidust\/","title":{"rendered":"Elevandiluu v\u00e4rvi kummut Verona VE803, kasepuidust"},"content":{"rendered":"<p>Verona VE803 kapp elutuppa. See elegantne t\u00e4ispuidust kapp, millel on kaunilt painutatud ja freesitud jalad, toob teie elutuppa provanssaalse stiili h\u00f5ngu. Kapi korpus on pooll\u00e4ikiv elevandiluu toonis, samas kui pealispind on l\u00e4ikiv mee toonis. Korpuse ja pealispinna iseloomulikuks tunnuseks on koore\u00fcraski j\u00e4ljed ja dekoratiivsed needid, mis lisavad sellele ainulaadset v\u00f5lu.<\/p>\n<p>Verona VE803 kapil on kaks ust ja neli riiulit, pakkudes piisavalt ruumi teie elutoa esemete organiseerimiseks. Kapi sahtlites on kasutatud sametist materjali, mis lisab luksuslikku puudutust. Metallist k\u00e4epidemed t\u00e4iustavad kapi \u00fcldist esteetikat, luues harmoonilise koosluse puidu ja metalli vahel. Kapp on kokkupandud, ei vaja paigaldust, s\u00e4\u00e4stes teie aega ja vaeva.<\/p>\n<p>Omadused:<br \/>\n<strong>Materjal:<\/strong> Kaskepuit<br \/>\n<strong>V\u00e4rv:<\/strong> Elevandiluu korpus ja mee toonis pealispind<br \/>\n<strong>M\u00f5\u00f5tmed:<\/strong> Laius 150 cm, s\u00fcgavus 52 cm, k\u00f5rgus 92 cm<br \/>\n<strong>T\u00e4iendavad detailid:<\/strong> Metallist k\u00e4epidemed, sametist materjal sahtlites<br \/>\n<strong>Kokkupanek:<\/strong> Kokkupandud, ei vaja paigaldust. S\u00e4\u00e4stab aega ja vaeva.<\/p>\n<p>&nbsp;<\/p>\n","protected":false},"excerpt":{"rendered":"<p>Verona VE803 kapp elutuppa. See elegantne t\u00e4ispuidust kapp, millel on kaunilt painutatud ja freesitud jalad, toob teie elutuppa provanssaalse stiili h\u00f5ngu. Kapi korpus on pooll\u00e4ikiv elevandiluu toonis, samas kui pealispind on l\u00e4ikiv mee toonis. Korpuse ja pealispinna iseloomulikuks tunnuseks on koore\u00fcraski j\u00e4ljed ja dekoratiivsed needid, mis lisavad sellele ainulaadset v\u00f5lu. Verona VE803 kapil on kaks [&hellip;]<\/p>\n","protected":false},"featured_media":4837,"comment_status":"open","ping_status":"closed","template":"","meta":[],"product_brand":[],"product_cat":[81],"product_tag":[],"class_list":{"0":"post-4836","1":"product","2":"type-product","3":"status-publish","4":"has-post-thumbnail","6":"product_cat-kapid-riiulid-ja-kummutid","7":"product_shipping_class-livin-hill","8":"pa_kaepidemed-metall","9":"pa_kollektsioon-verona","10":"pa_materjal-kaskpuit","11":"pa_riiulite-arv-110","12":"pa_sahtlite-arv-98","13":"pa_uste-arv-94","14":"pa_varv-elevandiluukarva","16":"first","17":"outofstock","18":"sale","19":"taxable","20":"shipping-taxable","21":"purchasable","22":"product-type-simple"},"_links":{"self":[{"href":"https:\/\/blankpage.ee\/_ruumist-ruumi\/wp-json\/wp\/v2\/product\/4836","targetHints":{"allow":["GET"]}}],"collection":[{"href":"https:\/\/blankpage.ee\/_ruumist-ruumi\/wp-json\/wp\/v2\/product"}],"about":[{"href":"https:\/\/blankpage.ee\/_ruumist-ruumi\/wp-json\/wp\/v2\/types\/product"}],"replies":[{"embeddable":true,"href":"https:\/\/blankpage.ee\/_ruumist-ruumi\/wp-json\/wp\/v2\/comments?post=4836"}],"wp:featuredmedia":[{"embeddable":true,"href":"https:\/\/blankpage.ee\/_ruumist-ruumi\/wp-json\/wp\/v2\/media\/4837"}],"wp:attachment":[{"href":"https:\/\/blankpage.ee\/_ruumist-ruumi\/wp-json\/wp\/v2\/media?parent=4836"}],"wp:term":[{"taxonomy":"product_brand","embeddable":true,"href":"https:\/\/blankpage.ee\/_ruumist-ruumi\/wp-json\/wp\/v2\/product_brand?post=4836"},{"taxonomy":"product_cat","embeddable":true,"href":"https:\/\/blankpage.ee\/_ruumist-ruumi\/wp-json\/wp\/v2\/product_cat?post=4836"},{"taxonomy":"product_tag","embeddable":true,"href":"https:\/\/blankpage.ee\/_ruumist-ruumi\/wp-json\/wp\/v2\/product_tag?post=4836"}],"curies":[{"name":"wp","href":"https:\/\/api.w.org\/{rel}","templated":true}]}}