{"id":48396,"date":"2025-04-19T21:20:56","date_gmt":"2025-04-19T21:20:56","guid":{"rendered":"https:\/\/ruumistruumi.ee\/?post_type=product&#038;p=48396"},"modified":"2025-08-21T08:18:25","modified_gmt":"2025-08-21T08:18:25","slug":"oneisall-bm5-juhtmevaba-grooming-komplekt-lemmikloomale","status":"publish","type":"product","link":"https:\/\/blankpage.ee\/_ruumist-ruumi\/pood\/oneisall-bm5-juhtmevaba-grooming-komplekt-lemmikloomale\/","title":{"rendered":"Juhtmevaba lemmiklooma karvahoolduskomplekt Oneisall BM5 (90W, 2 l, harjadeta mootor)"},"content":{"rendered":"<h3>Juhtmevaba lemmiklooma karvahoolduskomplekt Oneisall BM5<\/h3>\n<p>Lemmiklooma karvahoolduskomplekt Oneisall BM5 teeb sinu lemmiku karvahoolduse kodus mugavaks ja lihtsaks. Komplekt sisaldab k\u00f5ike vajalikku \u2013 mitmek\u00fclgseid kammimis- ja l\u00f5ikustarvikuid, mis v\u00f5imaldavad efektiivselt eemaldada lahtist karva, hooldada nahka ning trimmida karva t\u00e4pselt ning ohutult.<\/p>\n<p>\n<img decoding=\"async\" src=\"https:\/\/blankpage.ee\/_ruumist-ruumi\/wp-content\/uploads\/2025\/04\/2-622.webp\" alt=\"Oneisall BM5 lemmiklooma karvahoolduskomplekt koos imivooliku ja harjaga\"\/>\n<\/p>\n<h3>Paindlik juhtmevaba kasutamine ja vaikne t\u00f6\u00f6<\/h3>\n<p>Oneisall BM5 karvahoolduskomplekti juhtmevaba disain koos 1,5-meetrise voolikuga v\u00f5imaldab sul hooldusprotsessis vabalt liikuda. Seadme alla 60 dB m\u00fcratase sobib h\u00e4sti ka tundlikumatele loomadele, kes v\u00f5ivad valju heli ees \u00e4ra ehmuda.<\/p>\n<p>\n<img decoding=\"async\" src=\"https:\/\/blankpage.ee\/_ruumist-ruumi\/wp-content\/uploads\/2025\/04\/4-562.webp\" alt=\"Karvahoolduskomplekti harjad ning l\u00f5ikur eraldi\"\/>\n<\/p>\n<h3>Mitmek\u00fclgsed hooldusv\u00f5imalused ja tarvikud<\/h3>\n<p>Komplektis on professionaalsed l\u00f5ikurid, spetsiaalsed karvahoolduse harjad, k\u00fc\u00fcnetrimmer ning erinevad otsikud. V\u00f5imalik on l\u00f5igata, harjata ja eemaldada liigset karva nii koertel kui kassidel. Erinevad lisatarvikud sobivad ka erinevate karvat\u00fc\u00fcpidega loomadele.<\/p>\n<p>\n<img decoding=\"async\" src=\"https:\/\/blankpage.ee\/_ruumist-ruumi\/wp-content\/uploads\/2025\/04\/7-384.webp\" alt=\"Lemmikloomade karva imemise s\u00fcsteem Oneisall BM5 komplektis\"\/>\n<\/p>\n<h3>T\u00f5hus kolmeastmeline imemisv\u00f5imsus ja reguleeritav t\u00f6\u00f6re\u017eiim<\/h3>\n<p>Kolmeastmeliselt reguleeritav imemisv\u00f5imsus v\u00f5imaldab valida \u00f5ige re\u017eiimi vastavalt lemmiku karvale: \u00f5rn re\u017eiim tundliku nahaga loomadele ja maksimaalne v\u00f5imsus vaipade v\u00f5i m\u00f6\u00f6bli puhastamiseks loomakarvadest.<\/p>\n<p>\n<img decoding=\"async\" src=\"https:\/\/blankpage.ee\/_ruumist-ruumi\/wp-content\/uploads\/2025\/04\/3-594.webp\" alt=\"Oneisall BM5 karvahoolduskomplekti hoiukohver ja tarvikud\"\/>\n<\/p>\n<h3>Lihtne hooldus, mahukas karvamahuti ja mugav hoiustamine<\/h3>\n<p>L\u00e4bipaistev ning mahukas, 2-liitrine karvamahuti v\u00f5imaldab mugavalt j\u00e4lgida t\u00e4ituvust ja seda saab lihtsalt puhastada. Kompaktne seade (26,7 \u00d7 18,7 \u00d7 24,6 cm) tagab lihtsa hoiustamise ning kaasaegne v\u00e4limus sobib iga kodu interj\u00f6\u00f6ri.<\/p>\n<p>\n<img decoding=\"async\" src=\"https:\/\/blankpage.ee\/_ruumist-ruumi\/wp-content\/uploads\/2025\/04\/6-425.webp\" alt=\"Karvahoolduskomplekti erinevad otsikud ja harjad\"\/>\n<\/p>\n<h3>V\u00f5imas ning kerge harjadeta mootor<\/h3>\n<p>Harjadeta mootor t\u00f6\u00f6tab t\u00f5husalt, on kestva t\u00f6\u00f6eaga ja vaikne. Komplekt kaalub vaid 1,9 kg, mis teeb selle k\u00e4sitsemise lihtsaks ning mugavaks igas olukorras.<\/p>\n<p>\n<img decoding=\"async\" src=\"https:\/\/blankpage.ee\/_ruumist-ruumi\/wp-content\/uploads\/2025\/04\/8-205.webp\" alt=\"Karvahoolduskomplekti varu- ja lisaosad, sh harjad, l\u00f5ikurid ning adapter\"\/>\n<\/p>\n<h3>Komplekti sisu<\/h3>\n<ul>\n<li>P\u00f5hiseade<\/li>\n<li>Imivoolik (1,5 m)<\/li>\n<li>Karval\u00f5ikuri otsikud (3 mm \/ 6 mm \/ 9 mm, 4 tk)<\/li>\n<li>Karval\u00f5ikur<\/li>\n<li>Pudlihari<\/li>\n<li>Aluskarvahari<\/li>\n<li>Pikk kitsas imitoru<\/li>\n<li>USB-laadija l\u00f5ikurile<\/li>\n<li>K\u00fc\u00fcnetrimmeri otsik<\/li>\n<li>K\u00e4pa karval\u00f5ikuri otsik<\/li>\n<li>M\u00e4\u00e4re\u00f5li<\/li>\n<li>Hoiukott<\/li>\n<li>Puhastushari<\/li>\n<li>1,8 m toiteadapter<\/li>\n<\/ul>\n<h3>P\u00f5hiandmed<\/h3>\n<table>\n<tr>\n<th>Tootja<\/th>\n<td>Oneisall<\/td>\n<\/tr>\n<tr>\n<th>Mudel<\/th>\n<td>BM5<\/td>\n<\/tr>\n<tr>\n<th>Sisendpinge<\/th>\n<td>120V~60Hz (US), 220V\u2013240V~50Hz (UK)<\/td>\n<\/tr>\n<tr>\n<th>V\u00f5imsus<\/th>\n<td>90 W<\/td>\n<\/tr>\n<tr>\n<th>Vooliku pikkus<\/th>\n<td>1,5 m<\/td>\n<\/tr>\n<tr>\n<th>Karvamahuti maht<\/th>\n<td>2 l<\/td>\n<\/tr>\n<tr>\n<th>Laadimisaeg<\/th>\n<td>4 tundi<\/td>\n<\/tr>\n<tr>\n<th>Maksimaalne t\u00f6\u00f6aeg<\/th>\n<td>30 minutit<\/td>\n<\/tr>\n<tr>\n<th>M\u00f5\u00f5dud<\/th>\n<td>26,7 \u00d7 18,7 \u00d7 24,6 cm<\/td>\n<\/tr>\n<tr>\n<th>M\u00fcra tase<\/th>\n<td>kuni 55 dB<\/td>\n<\/tr>\n<\/table>\n<h3>Karval\u00f5ikuri andmed<\/h3>\n<table>\n<tr>\n<th>Sisendpinge<\/th>\n<td>DC 5V\/9V\u20131A\/2A<\/td>\n<\/tr>\n<tr>\n<th>V\u00f5imsus<\/th>\n<td>5 W<\/td>\n<\/tr>\n<tr>\n<th>Laadimisaeg<\/th>\n<td>umbes 3 tundi<\/td>\n<\/tr>\n<tr>\n<th>T\u00f6\u00f6aeg<\/th>\n<td>umbes 2 tundi<\/td>\n<\/tr>\n<tr>\n<th>Akumaht<\/th>\n<td>1400 mAh<\/td>\n<\/tr>\n<\/table>\n","protected":false},"excerpt":{"rendered":"<p>Juhtmevaba lemmiklooma karvahoolduskomplekt Oneisall BM5 Lemmiklooma karvahoolduskomplekt Oneisall BM5 teeb sinu lemmiku karvahoolduse kodus mugavaks ja lihtsaks. Komplekt sisaldab k\u00f5ike vajalikku \u2013 mitmek\u00fclgseid kammimis- ja l\u00f5ikustarvikuid, mis v\u00f5imaldavad efektiivselt eemaldada lahtist karva, hooldada nahka ning trimmida karva t\u00e4pselt ning ohutult. Paindlik juhtmevaba kasutamine ja vaikne t\u00f6\u00f6 Oneisall BM5 karvahoolduskomplekti juhtmevaba disain koos 1,5-meetrise voolikuga v\u00f5imaldab [&hellip;]<\/p>\n","protected":false},"featured_media":175233,"comment_status":"open","ping_status":"open","template":"","meta":[],"product_brand":[3114],"product_cat":[870],"product_tag":[],"class_list":{"0":"post-48396","1":"product","2":"type-product","3":"status-publish","4":"has-post-thumbnail","6":"product_brand-oneisall","7":"product_cat-lemmiklooma-karvahooldus-ja-grooming","8":"product_shipping_class-innpro","10":"first","11":"instock","12":"sale","13":"taxable","14":"shipping-taxable","15":"purchasable","16":"product-type-simple"},"_links":{"self":[{"href":"https:\/\/blankpage.ee\/_ruumist-ruumi\/wp-json\/wp\/v2\/product\/48396","targetHints":{"allow":["GET"]}}],"collection":[{"href":"https:\/\/blankpage.ee\/_ruumist-ruumi\/wp-json\/wp\/v2\/product"}],"about":[{"href":"https:\/\/blankpage.ee\/_ruumist-ruumi\/wp-json\/wp\/v2\/types\/product"}],"replies":[{"embeddable":true,"href":"https:\/\/blankpage.ee\/_ruumist-ruumi\/wp-json\/wp\/v2\/comments?post=48396"}],"wp:featuredmedia":[{"embeddable":true,"href":"https:\/\/blankpage.ee\/_ruumist-ruumi\/wp-json\/wp\/v2\/media\/175233"}],"wp:attachment":[{"href":"https:\/\/blankpage.ee\/_ruumist-ruumi\/wp-json\/wp\/v2\/media?parent=48396"}],"wp:term":[{"taxonomy":"product_brand","embeddable":true,"href":"https:\/\/blankpage.ee\/_ruumist-ruumi\/wp-json\/wp\/v2\/product_brand?post=48396"},{"taxonomy":"product_cat","embeddable":true,"href":"https:\/\/blankpage.ee\/_ruumist-ruumi\/wp-json\/wp\/v2\/product_cat?post=48396"},{"taxonomy":"product_tag","embeddable":true,"href":"https:\/\/blankpage.ee\/_ruumist-ruumi\/wp-json\/wp\/v2\/product_tag?post=48396"}],"curies":[{"name":"wp","href":"https:\/\/api.w.org\/{rel}","templated":true}]}}