{"id":48407,"date":"2025-04-19T22:11:04","date_gmt":"2025-04-19T22:11:04","guid":{"rendered":"https:\/\/ruumistruumi.ee\/?post_type=product&#038;p=48407"},"modified":"2025-08-21T08:18:20","modified_gmt":"2025-08-21T08:18:20","slug":"lemmiklooma-karvahoolduse-komplekt-neakasa-p0","status":"publish","type":"product","link":"https:\/\/blankpage.ee\/_ruumist-ruumi\/pood\/lemmiklooma-karvahoolduse-komplekt-neakasa-p0\/","title":{"rendered":"Lemmikloomade hooldus- ja tolmuimejakomplekt Neakasa P0 Pro (350 W, 1 l, vaikne t\u00f6\u00f6)"},"content":{"rendered":"<h3>Neakasa P0 Pro lemmiklooma karvahooldus- ja tolmuimejakomplekt<\/h3>\n<p>Lemmiklooma karvahooldus muutub lihtsaks ja mugavaks Neakasa P0 Pro abil, mis \u00fchendab endas tolmuimeja ning mitmek\u00fclgse hoolduskomplekti. Seadme vaikne t\u00f6\u00f6, kerge k\u00e4sitsemine ning t\u00f5husus v\u00f5imaldavad h\u00f5lpsasti eemaldada liigset karva ja mustust. 5-\u00fches komplekt aitab sinu lemmiku kasuka hoida puhta ja korras ning toetab sind igap\u00e4evases hoolduses.<\/p>\n<p><img decoding=\"async\" src=\"https:\/\/blankpage.ee\/_ruumist-ruumi\/wp-content\/uploads\/2025\/04\/7-389.webp\" alt=\"Lemmiklooma karvahooldus Neakasa P0 Pro komplektiga koos eriotsikute ja tolmuimejaga\"\/><\/p>\n<h3>Kerge ja mugav lahendus karvahoolduseks<\/h3>\n<p>Komplekti kompaktsed m\u00f5\u00f5dud ja kerge kaal v\u00f5imaldavad seda h\u00f5lpsalt liigutada ja hoiustada. Ergonoomiline k\u00e4epide muudab lemmiklooma karvahoolduse mugavaks k\u00f5ikjal, kus see vajalik.<\/p>\n<p><img decoding=\"async\" src=\"https:\/\/blankpage.ee\/_ruumist-ruumi\/wp-content\/uploads\/2025\/04\/4-575.webp\" alt=\"Kerge ja ergonoomiline lemmiklooma karvahoolduskomplekt Neakasa P0 Pro\"\/><\/p>\n<h3>Elektriline l\u00f5ikur ja t\u00f5hus imemisv\u00f5ime<\/h3>\n<p>Lemmiklooma karvahooldus on kiire ja puhas \u2013 l\u00f5ikur eemaldab karvad, tolmuimeja t\u00f5mbab need kohe endasse. Komplektis on vahetatavad otsikud (3\u201324 mm), mis v\u00f5imaldavad l\u00f5ike pikkust kohandada vastavalt sinu lemmiku vajadustele. Ohutuslukk tagab turvalise ja t\u00e4pse tulemuse.<\/p>\n<p><img decoding=\"async\" src=\"https:\/\/blankpage.ee\/_ruumist-ruumi\/wp-content\/uploads\/2025\/04\/3-621.webp\" alt=\"Neakasa P0 Pro elektriline karvahooldusl\u00f5ikur lemmikloomadele\"\/><\/p>\n<h3>Pehmete harjastega hari ja pusade ennetamine<\/h3>\n<p>Hari sobib suurep\u00e4raselt lahtise karva eemaldamiseks ja pusade v\u00e4ltimiseks. Kogunenud karv eemaldub lihtsalt nupuvajutusega. Sobib igat t\u00fc\u00fcpi karvkattega loomadele.<\/p>\n<p><img decoding=\"async\" src=\"https:\/\/blankpage.ee\/_ruumist-ruumi\/wp-content\/uploads\/2025\/04\/1-686.webp\" alt=\"Pehmete harjastega karvahari lemmiklooma karvahoolduseks\"\/><\/p>\n<h3>Aluskarva eemaldamise t\u00f6\u00f6riist tihedale kasukale<\/h3>\n<p>Komplektis olev aluskarva eemaldi sobib eriti h\u00e4sti tiheda ja paksu kasukaga loomadele. Terasest labad aitavad t\u00f5husalt eemaldada surnud karva, hoides lemmiku kasuka puhta ja l\u00e4ikivana. T\u00f6\u00f6riista intensiivsust saad kerge vaevaga reguleerida.<\/p>\n<p><img decoding=\"async\" src=\"https:\/\/blankpage.ee\/_ruumist-ruumi\/wp-content\/uploads\/2025\/04\/9-155.webp\" alt=\"Aluskarva eemaldamise t\u00f6\u00f6riist Neakasa P0 Pro hoolduskomplektis\"\/><\/p>\n<h3>Puhastustarvikud kogu kodu jaoks<\/h3>\n<p>Kitsas otsik ja harjad aitavad eemaldada karvu diivanilt, riietelt ning raskesti ligip\u00e4\u00e4setavatest kohtadest \u2013 nii p\u00fcsib kodu alati puhas ja karvad ei kogune m\u00e4rkamatutesse nurkadesse.<\/p>\n<p><img decoding=\"async\" src=\"https:\/\/blankpage.ee\/_ruumist-ruumi\/wp-content\/uploads\/2025\/04\/6-431.webp\" alt=\"Neakasa P0 Pro puhastushari ja kitsas otsik lemmiklooma karvahoolduseks\"\/><\/p>\n<h3>Rahulik ja vaikne karvahoolduse protsess<\/h3>\n<p>Tolmuimeja t\u00f6\u00f6tab eriti madala m\u00fcratasemega (48\u201353 dB) ning v\u00f5imaldab valida kolme imemisastme vahel, pakkudes lemmikule stressivaba karvahooldust. K\u00f5ik funktsioonid on seadistatavad vastavalt vajadusele nii lemmiku kui omaniku jaoks.<\/p>\n<p><img decoding=\"async\" src=\"https:\/\/blankpage.ee\/_ruumist-ruumi\/wp-content\/uploads\/2025\/04\/2-661.webp\" alt=\"Vaikne Neakasa P0 Pro tolmuimeja lemmiklooma karvahoolduseks\"\/><\/p>\n<div class=\"table-wrapper\">\n<table>\n<tbody>\n<tr>\n<th>Nimi<\/th>\n<td>Neakasa P0 Pro tolmuimeja ja karvahoolduskomplekt<\/td>\n<\/tr>\n<tr>\n<th>Tootja<\/th>\n<td>Neakasa<\/td>\n<\/tr>\n<tr>\n<th>Mudel<\/th>\n<td>P0 Pro<\/td>\n<\/tr>\n<tr>\n<th>Konteineri maht<\/th>\n<td>1 l<\/td>\n<\/tr>\n<tr>\n<th>Tolmuimeja vooliku pikkus<\/th>\n<td>1,3 m<\/td>\n<\/tr>\n<tr>\n<th>Imemisv\u00f5imsus<\/th>\n<td>350 W<\/td>\n<\/tr>\n<tr>\n<th>Toitejuhtme pikkus<\/th>\n<td>2,5 m<\/td>\n<\/tr>\n<tr>\n<th>Nimiv\u00f5imsus<\/th>\n<td>350 W<\/td>\n<\/tr>\n<tr>\n<th>M\u00fcratase<\/th>\n<td>48\u201353 dB<\/td>\n<\/tr>\n<tr>\n<th>M\u00f5\u00f5dud<\/th>\n<td>7,24 \u00d7 6,5 \u00d7 11,0 tolli<\/td>\n<\/tr>\n<tr>\n<th>Puhas kaal<\/th>\n<td>3 kg<\/td>\n<\/tr>\n<\/tbody>\n<\/table>\n<\/div>\n<p>Lemmiklooma karvahooldus Neakasa P0 Pro abil on hoolitsetud, kiire ja ideaalne igale loomaomanikule, kes soovib nautida puhtust ning h\u00e4sti hooldatud lemmikut.<\/p>\n","protected":false},"excerpt":{"rendered":"<p>Neakasa P0 Pro lemmiklooma karvahooldus- ja tolmuimejakomplekt Lemmiklooma karvahooldus muutub lihtsaks ja mugavaks Neakasa P0 Pro abil, mis \u00fchendab endas tolmuimeja ning mitmek\u00fclgse hoolduskomplekti. Seadme vaikne t\u00f6\u00f6, kerge k\u00e4sitsemine ning t\u00f5husus v\u00f5imaldavad h\u00f5lpsasti eemaldada liigset karva ja mustust. 5-\u00fches komplekt aitab sinu lemmiku kasuka hoida puhta ja korras ning toetab sind igap\u00e4evases hoolduses. Kerge ja [&hellip;]<\/p>\n","protected":false},"featured_media":175547,"comment_status":"open","ping_status":"open","template":"","meta":[],"product_brand":[3120],"product_cat":[870],"product_tag":[],"class_list":{"0":"post-48407","1":"product","2":"type-product","3":"status-publish","4":"has-post-thumbnail","6":"product_brand-neakasa","7":"product_cat-lemmiklooma-karvahooldus-ja-grooming","8":"product_shipping_class-innpro","10":"first","11":"instock","12":"sale","13":"taxable","14":"shipping-taxable","15":"purchasable","16":"product-type-simple"},"_links":{"self":[{"href":"https:\/\/blankpage.ee\/_ruumist-ruumi\/wp-json\/wp\/v2\/product\/48407","targetHints":{"allow":["GET"]}}],"collection":[{"href":"https:\/\/blankpage.ee\/_ruumist-ruumi\/wp-json\/wp\/v2\/product"}],"about":[{"href":"https:\/\/blankpage.ee\/_ruumist-ruumi\/wp-json\/wp\/v2\/types\/product"}],"replies":[{"embeddable":true,"href":"https:\/\/blankpage.ee\/_ruumist-ruumi\/wp-json\/wp\/v2\/comments?post=48407"}],"wp:featuredmedia":[{"embeddable":true,"href":"https:\/\/blankpage.ee\/_ruumist-ruumi\/wp-json\/wp\/v2\/media\/175547"}],"wp:attachment":[{"href":"https:\/\/blankpage.ee\/_ruumist-ruumi\/wp-json\/wp\/v2\/media?parent=48407"}],"wp:term":[{"taxonomy":"product_brand","embeddable":true,"href":"https:\/\/blankpage.ee\/_ruumist-ruumi\/wp-json\/wp\/v2\/product_brand?post=48407"},{"taxonomy":"product_cat","embeddable":true,"href":"https:\/\/blankpage.ee\/_ruumist-ruumi\/wp-json\/wp\/v2\/product_cat?post=48407"},{"taxonomy":"product_tag","embeddable":true,"href":"https:\/\/blankpage.ee\/_ruumist-ruumi\/wp-json\/wp\/v2\/product_tag?post=48407"}],"curies":[{"name":"wp","href":"https:\/\/api.w.org\/{rel}","templated":true}]}}