{"id":4842,"date":"2024-11-01T09:20:47","date_gmt":"2024-11-01T09:20:47","guid":{"rendered":"https:\/\/ruumistruumi.ee\/pood\/elevandiluu-varvi-konsoollaud-verona-ve808-kaskpuust\/"},"modified":"2025-04-10T11:56:50","modified_gmt":"2025-04-10T11:56:50","slug":"elevandiluu-varvi-konsoollaud-verona-ve808-kasepuit","status":"publish","type":"product","link":"https:\/\/blankpage.ee\/_ruumist-ruumi\/pood\/elevandiluu-varvi-konsoollaud-verona-ve808-kasepuit\/","title":{"rendered":"Elevandiluu v\u00e4rvi konsoollaud Verona VE808, kasepuit"},"content":{"rendered":"<p>Verona VE808 konsoollaud esikusse. See elegantne t\u00e4ispuidust konsoollaud painduvatel, freesitud jalgadel toob esikusse provanssaalse stiili h\u00f5ngu. Kere on kaetud elevandiluu tooniga pooll\u00e4ikivas viimistluses, lauaplaat aga mee toonis l\u00e4ikega. Kere ja lauaplaadi pinnal on iseloomulikud koore\u00fcraski j\u00e4ljed ning dekoratiivsed needid, mis lisavad ainulaadsust.<\/p>\n<p>Verona VE808 konsoollaud on valmistatud vastupidavast kasest, mis tagab pikaajalise kasutuse. Laua k\u00e4epidemed on metallist, mis lisavad sellele modernset aktsenti. Sahtlite sees on kasutatud sametist materjali, mis annab luksusliku tunde ja kaitseb esemeid kriimustuste eest. Laua m\u00f5\u00f5tmed \u2013 laius 110 cm, s\u00fcgavus 47 cm ja k\u00f5rgus 80 cm \u2013 teevad sellest ideaalse valiku kitsamatesse ruumidesse, pakkudes samas piisavalt pinda dekoratiivesemete, v\u00f5tmete v\u00f5i postkasti hoidmiseks.<\/p>\n<p>Omadused:<br \/>\n<strong>Materjal:<\/strong> Kasepuit.<br \/>\n<strong>V\u00e4rv:<\/strong> Kere elevandiluu toonis, lauaplaat mee toonis.<br \/>\n<strong>M\u00f5\u00f5tmed:<\/strong> Laius 110 cm, s\u00fcgavus 47 cm, k\u00f5rgus 80 cm.<br \/>\n<strong>T\u00e4iendavad detailid:<\/strong> Sametist materjal sahtlites, metallist k\u00e4epidemed.<br \/>\n<strong>Kokkupanek:<\/strong> Osaliselt kokku pandud, ei vaja paigaldust. S\u00e4\u00e4stab aega ja vaeva.<\/p>\n<p>&nbsp;<\/p>\n","protected":false},"excerpt":{"rendered":"<p>Verona VE808 konsoollaud esikusse. See elegantne t\u00e4ispuidust konsoollaud painduvatel, freesitud jalgadel toob esikusse provanssaalse stiili h\u00f5ngu. Kere on kaetud elevandiluu tooniga pooll\u00e4ikivas viimistluses, lauaplaat aga mee toonis l\u00e4ikega. Kere ja lauaplaadi pinnal on iseloomulikud koore\u00fcraski j\u00e4ljed ning dekoratiivsed needid, mis lisavad ainulaadsust. Verona VE808 konsoollaud on valmistatud vastupidavast kasest, mis tagab pikaajalise kasutuse. Laua k\u00e4epidemed [&hellip;]<\/p>\n","protected":false},"featured_media":4843,"comment_status":"open","ping_status":"closed","template":"","meta":[],"product_brand":[],"product_cat":[83],"product_tag":[],"class_list":{"0":"post-4842","1":"product","2":"type-product","3":"status-publish","4":"has-post-thumbnail","6":"product_cat-konsoollauad","7":"product_shipping_class-livin-hill","8":"pa_kaepidemed-metall","9":"pa_kollektsioon-verona","10":"pa_materjal-kaskpuit","11":"pa_sahtlite-arv-95","12":"pa_varv-elevandiluukarva","14":"first","15":"instock","16":"sale","17":"taxable","18":"shipping-taxable","19":"purchasable","20":"product-type-simple"},"_links":{"self":[{"href":"https:\/\/blankpage.ee\/_ruumist-ruumi\/wp-json\/wp\/v2\/product\/4842","targetHints":{"allow":["GET"]}}],"collection":[{"href":"https:\/\/blankpage.ee\/_ruumist-ruumi\/wp-json\/wp\/v2\/product"}],"about":[{"href":"https:\/\/blankpage.ee\/_ruumist-ruumi\/wp-json\/wp\/v2\/types\/product"}],"replies":[{"embeddable":true,"href":"https:\/\/blankpage.ee\/_ruumist-ruumi\/wp-json\/wp\/v2\/comments?post=4842"}],"wp:featuredmedia":[{"embeddable":true,"href":"https:\/\/blankpage.ee\/_ruumist-ruumi\/wp-json\/wp\/v2\/media\/4843"}],"wp:attachment":[{"href":"https:\/\/blankpage.ee\/_ruumist-ruumi\/wp-json\/wp\/v2\/media?parent=4842"}],"wp:term":[{"taxonomy":"product_brand","embeddable":true,"href":"https:\/\/blankpage.ee\/_ruumist-ruumi\/wp-json\/wp\/v2\/product_brand?post=4842"},{"taxonomy":"product_cat","embeddable":true,"href":"https:\/\/blankpage.ee\/_ruumist-ruumi\/wp-json\/wp\/v2\/product_cat?post=4842"},{"taxonomy":"product_tag","embeddable":true,"href":"https:\/\/blankpage.ee\/_ruumist-ruumi\/wp-json\/wp\/v2\/product_tag?post=4842"}],"curies":[{"name":"wp","href":"https:\/\/api.w.org\/{rel}","templated":true}]}}