{"id":4846,"date":"2024-11-01T09:21:23","date_gmt":"2024-11-01T09:21:23","guid":{"rendered":"https:\/\/ruumistruumi.ee\/pood\/elevandiluu-varvi-soogilaud-verona-ve810-kaskpuust\/"},"modified":"2025-06-17T08:56:42","modified_gmt":"2025-06-17T08:56:42","slug":"elevandiluu-varvi-soogilaud-verona-ve810-kasepuidust","status":"publish","type":"product","link":"https:\/\/blankpage.ee\/_ruumist-ruumi\/pood\/elevandiluu-varvi-soogilaud-verona-ve810-kasepuidust\/","title":{"rendered":"Elevandiluu v\u00e4rvi s\u00f6\u00f6gilaud Verona VE810, kasepuidust"},"content":{"rendered":"<p>Verona VE810 s\u00f6\u00f6gilaud s\u00f6\u00f6gituppa. See elegantne t\u00e4ispuidust s\u00f6\u00f6gilaud on kujundatud provansi stiilis, pakkudes teie s\u00f6\u00f6gitoale ajatut ja rafineeritud ilmet. Laua kaunilt kaarduvad ja freesitud jalad loovad visuaalset huvi, samas kui pooll\u00e4ikiv elevandiluu korpus ja mee toonis l\u00e4ikiv lauaplaat lisavad soojust ja elegantsi. Laua pinnal on iseloomulik koore\u00fcraskimuster ja dekoratiivsed needid, mis annavad sellele unikaalse ja maal\u00e4hedase ilme.<\/p>\n<p>Verona VE810 on loodud vastupidavast kasetohust, tagades pikaajalise vastupidavuse ja loomuliku ilu. Selle laua m\u00f5\u00f5tmed &#8211; laius 168 cm, s\u00fcgavus 103 cm ja k\u00f5rgus 77 cm &#8211; teevad sellest ideaalse valiku nii igap\u00e4evaseks kasutamiseks kui ka erilisteks s\u00fcndmusteks. Osaliselt kokkupandud konstruktsioon s\u00e4\u00e4stab teie aega ja vaeva, pakkudes mugavust ja lihtsust.<\/p>\n<p>Omadused:<br \/>\n<strong>Materjal:<\/strong> Vastupidav kasetohust konstruktsioon.<br \/>\n<strong>V\u00e4rv:<\/strong> Elevantluu korpus ja mee toonis lauaplaat.<br \/>\n<strong>M\u00f5\u00f5tmed:<\/strong> Laua laius 168 cm, s\u00fcgavus 103 cm, k\u00f5rgus 77 cm.<br \/>\n<strong>T\u00e4iendavad detailid:<\/strong> Iseloomulik koore\u00fcraskimuster ja dekoratiivsed needid.<br \/>\n<strong>Kokkupanek:<\/strong> Osaliselt kokkupandud, ei vaja paigaldust. S\u00e4\u00e4stab aega ja vaeva.<\/p>\n<p>&nbsp;<\/p>\n","protected":false},"excerpt":{"rendered":"<p>Verona VE810 s\u00f6\u00f6gilaud s\u00f6\u00f6gituppa. See elegantne t\u00e4ispuidust s\u00f6\u00f6gilaud on kujundatud provansi stiilis, pakkudes teie s\u00f6\u00f6gitoale ajatut ja rafineeritud ilmet. Laua kaunilt kaarduvad ja freesitud jalad loovad visuaalset huvi, samas kui pooll\u00e4ikiv elevandiluu korpus ja mee toonis l\u00e4ikiv lauaplaat lisavad soojust ja elegantsi. Laua pinnal on iseloomulik koore\u00fcraskimuster ja dekoratiivsed needid, mis annavad sellele unikaalse ja [&hellip;]<\/p>\n","protected":false},"featured_media":4847,"comment_status":"open","ping_status":"closed","template":"","meta":[],"product_brand":[],"product_cat":[93],"product_tag":[],"class_list":{"0":"post-4846","1":"product","2":"type-product","3":"status-publish","4":"has-post-thumbnail","6":"product_cat-soogilauad","7":"product_shipping_class-livin-hill","8":"pa_kollektsioon-verona","9":"pa_materjal-kaskpuit","10":"pa_varv-elevandiluukarva","12":"first","13":"instock","14":"sale","15":"taxable","16":"shipping-taxable","17":"purchasable","18":"product-type-simple"},"_links":{"self":[{"href":"https:\/\/blankpage.ee\/_ruumist-ruumi\/wp-json\/wp\/v2\/product\/4846","targetHints":{"allow":["GET"]}}],"collection":[{"href":"https:\/\/blankpage.ee\/_ruumist-ruumi\/wp-json\/wp\/v2\/product"}],"about":[{"href":"https:\/\/blankpage.ee\/_ruumist-ruumi\/wp-json\/wp\/v2\/types\/product"}],"replies":[{"embeddable":true,"href":"https:\/\/blankpage.ee\/_ruumist-ruumi\/wp-json\/wp\/v2\/comments?post=4846"}],"wp:featuredmedia":[{"embeddable":true,"href":"https:\/\/blankpage.ee\/_ruumist-ruumi\/wp-json\/wp\/v2\/media\/4847"}],"wp:attachment":[{"href":"https:\/\/blankpage.ee\/_ruumist-ruumi\/wp-json\/wp\/v2\/media?parent=4846"}],"wp:term":[{"taxonomy":"product_brand","embeddable":true,"href":"https:\/\/blankpage.ee\/_ruumist-ruumi\/wp-json\/wp\/v2\/product_brand?post=4846"},{"taxonomy":"product_cat","embeddable":true,"href":"https:\/\/blankpage.ee\/_ruumist-ruumi\/wp-json\/wp\/v2\/product_cat?post=4846"},{"taxonomy":"product_tag","embeddable":true,"href":"https:\/\/blankpage.ee\/_ruumist-ruumi\/wp-json\/wp\/v2\/product_tag?post=4846"}],"curies":[{"name":"wp","href":"https:\/\/api.w.org\/{rel}","templated":true}]}}