{"id":4858,"date":"2024-11-01T09:22:41","date_gmt":"2024-11-01T09:22:41","guid":{"rendered":"https:\/\/ruumistruumi.ee\/pood\/elevandiluu-varvi-kummut-verona-ve821-kaskpuust\/"},"modified":"2024-12-13T13:19:11","modified_gmt":"2024-12-13T13:19:11","slug":"elevandiluu-varvi-kummut-verona-ve821-kasepuidust","status":"publish","type":"product","link":"https:\/\/blankpage.ee\/_ruumist-ruumi\/pood\/elevandiluu-varvi-kummut-verona-ve821-kasepuidust\/","title":{"rendered":"Elevandiluu v\u00e4rvi kummut Verona VE821, kasepuidust"},"content":{"rendered":"<p>Verona VE821 kummut elutuppa. See elegantne t\u00e4ispuidust kummut on valmistatud kasepuidust, mis toob ruumi sooja ja kutsuva atmosf\u00e4\u00e4ri. Kummut on kaetud elevandiluu v\u00e4rviga, pealmine osa on helepruunis toonis, luues kauni kontrasti. Kummuti jalad on kumerad ja freesitud, lisades sellele ainulaadset iseloomu. Erilised detailid muudavad selle m\u00f6\u00f6blieseme t\u00f5eliselt silmapaistvaks.<\/p>\n<p>Omadused:<br \/>\n<strong>Materjal:<\/strong> Tugev kasepuit, mis tagab pikaajalise vastupidavuse ja kvaliteedi.<br \/>\n<strong>V\u00e4rv:<\/strong> Elevandiluu v\u00e4rv ja helepruuni v\u00e4rvi pealmine osa.<br \/>\n<strong>M\u00f5\u00f5tmed:<\/strong> Kummuti laius 66 cm, s\u00fcgavus 45 cm, k\u00f5rgus 116 cm.<br \/>\n<strong>T\u00e4iendavad detailid:<\/strong> Kummutil on metallist k\u00e4epidemed ja sametmaterjalist sisetaskud, mis lisavad luksuslikku tunnetust ning aitavad hoida teie asju organiseerituna.<br \/>\n<strong>Kokkupanek:<\/strong> Kokkupandud, ei vaja paigaldust. S\u00e4\u00e4stab aega ja vaeva.<\/p>\n<p>Verona VE821 kummut on suurep\u00e4rane valik, et t\u00e4iendada teie elutuba, pakkudes nii praktilisust kui ka esteetilist ilu.<\/p>\n<p>&nbsp;<\/p>\n","protected":false},"excerpt":{"rendered":"<p>Verona VE821 kummut elutuppa. See elegantne t\u00e4ispuidust kummut on valmistatud kasepuidust, mis toob ruumi sooja ja kutsuva atmosf\u00e4\u00e4ri. Kummut on kaetud elevandiluu v\u00e4rviga, pealmine osa on helepruunis toonis, luues kauni kontrasti. Kummuti jalad on kumerad ja freesitud, lisades sellele ainulaadset iseloomu. Erilised detailid muudavad selle m\u00f6\u00f6blieseme t\u00f5eliselt silmapaistvaks. Omadused: Materjal: Tugev kasepuit, mis tagab pikaajalise [&hellip;]<\/p>\n","protected":false},"featured_media":4859,"comment_status":"open","ping_status":"closed","template":"","meta":[],"product_brand":[],"product_cat":[81],"product_tag":[],"class_list":{"0":"post-4858","1":"product","2":"type-product","3":"status-publish","4":"has-post-thumbnail","6":"product_cat-kapid-riiulid-ja-kummutid","7":"product_shipping_class-livin-hill","8":"pa_kaepidemed-metall","9":"pa_kollektsioon-verona","10":"pa_materjal-kaskpuit","11":"pa_sahtlite-arv-100","12":"pa_varv-elevandiluukarva","14":"first","15":"outofstock","16":"sale","17":"taxable","18":"shipping-taxable","19":"purchasable","20":"product-type-simple"},"_links":{"self":[{"href":"https:\/\/blankpage.ee\/_ruumist-ruumi\/wp-json\/wp\/v2\/product\/4858","targetHints":{"allow":["GET"]}}],"collection":[{"href":"https:\/\/blankpage.ee\/_ruumist-ruumi\/wp-json\/wp\/v2\/product"}],"about":[{"href":"https:\/\/blankpage.ee\/_ruumist-ruumi\/wp-json\/wp\/v2\/types\/product"}],"replies":[{"embeddable":true,"href":"https:\/\/blankpage.ee\/_ruumist-ruumi\/wp-json\/wp\/v2\/comments?post=4858"}],"wp:featuredmedia":[{"embeddable":true,"href":"https:\/\/blankpage.ee\/_ruumist-ruumi\/wp-json\/wp\/v2\/media\/4859"}],"wp:attachment":[{"href":"https:\/\/blankpage.ee\/_ruumist-ruumi\/wp-json\/wp\/v2\/media?parent=4858"}],"wp:term":[{"taxonomy":"product_brand","embeddable":true,"href":"https:\/\/blankpage.ee\/_ruumist-ruumi\/wp-json\/wp\/v2\/product_brand?post=4858"},{"taxonomy":"product_cat","embeddable":true,"href":"https:\/\/blankpage.ee\/_ruumist-ruumi\/wp-json\/wp\/v2\/product_cat?post=4858"},{"taxonomy":"product_tag","embeddable":true,"href":"https:\/\/blankpage.ee\/_ruumist-ruumi\/wp-json\/wp\/v2\/product_tag?post=4858"}],"curies":[{"name":"wp","href":"https:\/\/api.w.org\/{rel}","templated":true}]}}