{"id":4862,"date":"2024-11-01T09:23:10","date_gmt":"2024-11-01T09:23:10","guid":{"rendered":"https:\/\/ruumistruumi.ee\/pood\/elevandiluu-varvi-verandaline-tool-verona-ve811-kasepuidust\/"},"modified":"2024-12-13T13:19:09","modified_gmt":"2024-12-13T13:19:09","slug":"elevandiluu-varvi-ruudulise-kangaga-tool-verona-ve811-kasepuidust","status":"publish","type":"product","link":"https:\/\/blankpage.ee\/_ruumist-ruumi\/pood\/elevandiluu-varvi-ruudulise-kangaga-tool-verona-ve811-kasepuidust\/","title":{"rendered":"Elevandiluu v\u00e4rvi Verona VE811 polsterdatud tool, kasepuidust"},"content":{"rendered":"<p>Verona VE811 polsterdatud tool sobib suurep\u00e4raselt s\u00f6\u00f6gituppa, lisades ruumile elegantsi ja stiili. Selle kaunis disain, millel on kumerad, freespinkiga jalad, toob esile proventsi stiili, tuues sooja ja kutsuva atmosf\u00e4\u00e4ri igasse s\u00f6\u00f6gikohta. Tooli raam on valmistatud kvaliteetsest kasepuust, mis tagab vastupidavuse ja stabiilsuse.<\/p>\n<p>Tooli istmeosa on kaetud heleda kreemja ruudulise kangaga, mis mitte ainult ei lisa visuaalset huvi, vaid pakub ka mugavust. Raami ivoriv\u00e4rv ja poolmatt viimistlus koos iseloomulike puukahjurite ja nikerdustega annavad toolile unikaalse ilme, mis sobib suurep\u00e4raselt erinevatesse interj\u00f6\u00f6ridesse.<\/p>\n<p>Omadused:<br \/>\n<strong>Materjal:<\/strong> Kasepuit ja pehme polsterdatud kangas.<br \/>\n<strong>V\u00e4rv:<\/strong> Ivoriv\u00e4rvi raam ja heledat kreemjat kangast istmeosa.<br \/>\n<strong>M\u00f5\u00f5tmed:<\/strong> Laius 54 cm, s\u00fcgavus 57 cm, k\u00f5rgus 95 cm.<br \/>\n<strong>T\u00e4iendavad detailid:<\/strong> Ruuduline kangas, mis toob esile klassikalise ja samas kaasaegse ilme.<br \/>\n<strong>Kokkupanek:<\/strong> Kokkupandud, ei vaja paigaldust. S\u00e4\u00e4stab aega ja vaeva.<\/p>\n<p>Verona VE811 tool on suurep\u00e4rane valik, et t\u00e4iendada teie s\u00f6\u00f6gituba, luues samas mugava ja stiilse keskkonna, kus nautida toitu ja seltskonda.<\/p>\n<p>&nbsp;<\/p>\n","protected":false},"excerpt":{"rendered":"<p>Verona VE811 polsterdatud tool sobib suurep\u00e4raselt s\u00f6\u00f6gituppa, lisades ruumile elegantsi ja stiili. Selle kaunis disain, millel on kumerad, freespinkiga jalad, toob esile proventsi stiili, tuues sooja ja kutsuva atmosf\u00e4\u00e4ri igasse s\u00f6\u00f6gikohta. Tooli raam on valmistatud kvaliteetsest kasepuust, mis tagab vastupidavuse ja stabiilsuse. Tooli istmeosa on kaetud heleda kreemja ruudulise kangaga, mis mitte ainult ei lisa [&hellip;]<\/p>\n","protected":false},"featured_media":4863,"comment_status":"open","ping_status":"closed","template":"","meta":[],"product_brand":[],"product_cat":[108],"product_tag":[],"class_list":{"0":"post-4862","1":"product","2":"type-product","3":"status-publish","4":"has-post-thumbnail","6":"product_cat-soogitoolid","7":"product_shipping_class-livin-hill","8":"pa_kollektsioon-verona","9":"pa_materjal-kaskpuit","10":"pa_varv-elevandiluukarva","12":"first","13":"outofstock","14":"sale","15":"taxable","16":"shipping-taxable","17":"purchasable","18":"product-type-simple"},"_links":{"self":[{"href":"https:\/\/blankpage.ee\/_ruumist-ruumi\/wp-json\/wp\/v2\/product\/4862","targetHints":{"allow":["GET"]}}],"collection":[{"href":"https:\/\/blankpage.ee\/_ruumist-ruumi\/wp-json\/wp\/v2\/product"}],"about":[{"href":"https:\/\/blankpage.ee\/_ruumist-ruumi\/wp-json\/wp\/v2\/types\/product"}],"replies":[{"embeddable":true,"href":"https:\/\/blankpage.ee\/_ruumist-ruumi\/wp-json\/wp\/v2\/comments?post=4862"}],"wp:featuredmedia":[{"embeddable":true,"href":"https:\/\/blankpage.ee\/_ruumist-ruumi\/wp-json\/wp\/v2\/media\/4863"}],"wp:attachment":[{"href":"https:\/\/blankpage.ee\/_ruumist-ruumi\/wp-json\/wp\/v2\/media?parent=4862"}],"wp:term":[{"taxonomy":"product_brand","embeddable":true,"href":"https:\/\/blankpage.ee\/_ruumist-ruumi\/wp-json\/wp\/v2\/product_brand?post=4862"},{"taxonomy":"product_cat","embeddable":true,"href":"https:\/\/blankpage.ee\/_ruumist-ruumi\/wp-json\/wp\/v2\/product_cat?post=4862"},{"taxonomy":"product_tag","embeddable":true,"href":"https:\/\/blankpage.ee\/_ruumist-ruumi\/wp-json\/wp\/v2\/product_tag?post=4862"}],"curies":[{"name":"wp","href":"https:\/\/api.w.org\/{rel}","templated":true}]}}