{"id":48620,"date":"2024-12-10T09:28:31","date_gmt":"2024-12-10T09:28:31","guid":{"rendered":"https:\/\/ruumistruumi.ee\/pood\/tool-soogituppa-avi-sinine-kangas\/"},"modified":"2025-08-20T21:50:38","modified_gmt":"2025-08-20T21:50:38","slug":"tool-soogituppa-avi-sinine-kangas","status":"publish","type":"product","link":"https:\/\/blankpage.ee\/_ruumist-ruumi\/pood\/tool-soogituppa-avi-sinine-kangas\/","title":{"rendered":"Tool s\u00f6\u00f6gituppa Avi, sinine kangas"},"content":{"rendered":"<h2>Avi sinisest kangast s\u00f6\u00f6gitool<\/h2>\n<p>Avi sinisest kangast s\u00f6\u00f6gitool \u00fchendab klassikalise elegantsi ja moodsa funktsionaalsuse, sobides ideaalselt igasse s\u00f6\u00f6giruumi stiili t\u00f5stmiseks. Selle avatud seljatugi loob heleda ja \u00f5hulise ilme, lisades teie koju moekust. Siidjas kangas, peen t\u00f6\u00f6tlus ja kumer seljatugi n\u00e4itavad detailidele p\u00fchendumist, tagades nii rafineerituse kui ka mugavuse.<\/p>\n<h4>Elegantne disain koos k\u00e4etugede mugavusega<\/h4>\n<p>See moodne s\u00f6\u00f6gitool on varustatud k\u00e4etugedega, pakkudes lisamugavust, muutes selle ideaalseks pikemateks ja hubasteks toidukordadeks. Kumer seljatugi ja vertikaalne \u00f5mblust\u00f6\u00f6tlus lisavad stiilsele v\u00e4limusele, muutes selle igas s\u00f6\u00f6gitoas esile t\u00f5usvaks detailiks.<\/p>\n<h4>\u00d5huline ja kerge esteetika<\/h4>\n<p>Avi tooli avatud seljatugi loob kerge ja v\u00e4rske ilme, t\u00e4iustades teie s\u00f6\u00f6giala \u00fcldist atmosf\u00e4\u00e4ri. Pehme sinise kangaga polsterdatud tool on mitte ainult \u0161ikk, vaid ka mugav istekoht.<\/p>\n<h4>Omadused<\/h4>\n<ul>\n<li>Moodne s\u00f6\u00f6gitool k\u00e4etugedega lisamugavuseks<\/li>\n<li>Avatud seljatugi kerge ja v\u00e4rske v\u00e4limuse loomiseks<\/li>\n<li>Polsterdatud sinise pehme puudutusega kangaga<\/li>\n<li>Vertikaalne \u00f5mblust\u00f6\u00f6tlus<\/li>\n<li>\u00dcmarad jalad pulberv\u00e4rvitud metallist<\/li>\n<\/ul>\n","protected":false},"excerpt":{"rendered":"<p>Avi sinisest kangast s\u00f6\u00f6gitool Avi sinisest kangast s\u00f6\u00f6gitool \u00fchendab klassikalise elegantsi ja moodsa funktsionaalsuse, sobides ideaalselt igasse s\u00f6\u00f6giruumi stiili t\u00f5stmiseks. Selle avatud seljatugi loob heleda ja \u00f5hulise ilme, lisades teie koju moekust. Siidjas kangas, peen t\u00f6\u00f6tlus ja kumer seljatugi n\u00e4itavad detailidele p\u00fchendumist, tagades nii rafineerituse kui ka mugavuse. Elegantne disain koos k\u00e4etugede mugavusega See moodne [&hellip;]<\/p>\n","protected":false},"featured_media":48621,"comment_status":"open","ping_status":"open","template":"","meta":[],"product_brand":[],"product_cat":[108],"product_tag":[],"class_list":{"0":"post-48620","1":"product","2":"type-product","3":"status-publish","4":"has-post-thumbnail","6":"product_cat-soogitoolid","7":"product_shipping_class-furnicher","8":"pa_kollektsioon-avi","9":"pa_materjal-kangas","10":"pa_varv-sinine","12":"first","13":"outofstock","14":"sale","15":"taxable","16":"shipping-taxable","17":"purchasable","18":"product-type-simple"},"_links":{"self":[{"href":"https:\/\/blankpage.ee\/_ruumist-ruumi\/wp-json\/wp\/v2\/product\/48620","targetHints":{"allow":["GET"]}}],"collection":[{"href":"https:\/\/blankpage.ee\/_ruumist-ruumi\/wp-json\/wp\/v2\/product"}],"about":[{"href":"https:\/\/blankpage.ee\/_ruumist-ruumi\/wp-json\/wp\/v2\/types\/product"}],"replies":[{"embeddable":true,"href":"https:\/\/blankpage.ee\/_ruumist-ruumi\/wp-json\/wp\/v2\/comments?post=48620"}],"wp:featuredmedia":[{"embeddable":true,"href":"https:\/\/blankpage.ee\/_ruumist-ruumi\/wp-json\/wp\/v2\/media\/48621"}],"wp:attachment":[{"href":"https:\/\/blankpage.ee\/_ruumist-ruumi\/wp-json\/wp\/v2\/media?parent=48620"}],"wp:term":[{"taxonomy":"product_brand","embeddable":true,"href":"https:\/\/blankpage.ee\/_ruumist-ruumi\/wp-json\/wp\/v2\/product_brand?post=48620"},{"taxonomy":"product_cat","embeddable":true,"href":"https:\/\/blankpage.ee\/_ruumist-ruumi\/wp-json\/wp\/v2\/product_cat?post=48620"},{"taxonomy":"product_tag","embeddable":true,"href":"https:\/\/blankpage.ee\/_ruumist-ruumi\/wp-json\/wp\/v2\/product_tag?post=48620"}],"curies":[{"name":"wp","href":"https:\/\/api.w.org\/{rel}","templated":true}]}}