{"id":4865,"date":"2024-11-01T09:23:37","date_gmt":"2024-11-01T09:23:37","guid":{"rendered":"https:\/\/ruumistruumi.ee\/pood\/elevandiluu-varvi-uhpolsteritud-pink-verona-ve838-kaskpuust\/"},"modified":"2025-04-10T11:56:50","modified_gmt":"2025-04-10T11:56:50","slug":"elevandiluu-varvi-pehme-pink-verona-ve838-kasepuidust","status":"publish","type":"product","link":"https:\/\/blankpage.ee\/_ruumist-ruumi\/pood\/elevandiluu-varvi-pehme-pink-verona-ve838-kasepuidust\/","title":{"rendered":"Elevandiluu v\u00e4rvi pehme pink Verona VE838, kasepuidust"},"content":{"rendered":"<p>Verona VE838 polsterdatud pink esikusse. See elegantne t\u00e4ispuidust pink, millel on kaunilt painutatud ja freesitud jalad, toob esikusse provansaalse stiili h\u00f5ngu. Raam on valmistatud vastupidavast kasepuidust ja kaetud elevandiluu tooni pooll\u00e4ikiva viimistlusega, millel on iseloomulik koore\u00fcraski muster. Istmeosa on kaunistatud kerge kreemika v\u00e4rviga polsterduse ja dekoratiivse nikerdustega.<\/p>\n<p>Omadused:<br \/>\n<strong>Materjal:<\/strong> Kasepuit.<br \/>\n<strong>V\u00e4rv:<\/strong> Elevandiluu raam ja hele kreemikas kangas.<br \/>\n<strong>M\u00f5\u00f5tmed:<\/strong> Laius 150 cm, s\u00fcgavus 53 cm, k\u00f5rgus 50 cm.<br \/>\n<strong>T\u00e4iendavad detailid:<\/strong> Tepitud kangas ja dekoratiivne nikerdus.<br \/>\n<strong>Kokkupanek:<\/strong> Kokkupandud, ei vaja paigaldust. S\u00e4\u00e4stab aega ja vaeva.<\/p>\n<p>&nbsp;<\/p>\n","protected":false},"excerpt":{"rendered":"<p>Verona VE838 polsterdatud pink esikusse. See elegantne t\u00e4ispuidust pink, millel on kaunilt painutatud ja freesitud jalad, toob esikusse provansaalse stiili h\u00f5ngu. Raam on valmistatud vastupidavast kasepuidust ja kaetud elevandiluu tooni pooll\u00e4ikiva viimistlusega, millel on iseloomulik koore\u00fcraski muster. Istmeosa on kaunistatud kerge kreemika v\u00e4rviga polsterduse ja dekoratiivse nikerdustega. Omadused: Materjal: Kasepuit. V\u00e4rv: Elevandiluu raam ja hele [&hellip;]<\/p>\n","protected":false},"featured_media":4866,"comment_status":"open","ping_status":"closed","template":"","meta":[],"product_brand":[],"product_cat":[136],"product_tag":[],"class_list":{"0":"post-4865","1":"product","2":"type-product","3":"status-publish","4":"has-post-thumbnail","6":"product_cat-esikupingid","7":"product_shipping_class-livin-hill","8":"pa_kollektsioon-verona","9":"pa_materjal-kaskpuit","10":"pa_varv-elevandiluukarva","12":"first","13":"instock","14":"sale","15":"taxable","16":"shipping-taxable","17":"purchasable","18":"product-type-simple"},"_links":{"self":[{"href":"https:\/\/blankpage.ee\/_ruumist-ruumi\/wp-json\/wp\/v2\/product\/4865","targetHints":{"allow":["GET"]}}],"collection":[{"href":"https:\/\/blankpage.ee\/_ruumist-ruumi\/wp-json\/wp\/v2\/product"}],"about":[{"href":"https:\/\/blankpage.ee\/_ruumist-ruumi\/wp-json\/wp\/v2\/types\/product"}],"replies":[{"embeddable":true,"href":"https:\/\/blankpage.ee\/_ruumist-ruumi\/wp-json\/wp\/v2\/comments?post=4865"}],"wp:featuredmedia":[{"embeddable":true,"href":"https:\/\/blankpage.ee\/_ruumist-ruumi\/wp-json\/wp\/v2\/media\/4866"}],"wp:attachment":[{"href":"https:\/\/blankpage.ee\/_ruumist-ruumi\/wp-json\/wp\/v2\/media?parent=4865"}],"wp:term":[{"taxonomy":"product_brand","embeddable":true,"href":"https:\/\/blankpage.ee\/_ruumist-ruumi\/wp-json\/wp\/v2\/product_brand?post=4865"},{"taxonomy":"product_cat","embeddable":true,"href":"https:\/\/blankpage.ee\/_ruumist-ruumi\/wp-json\/wp\/v2\/product_cat?post=4865"},{"taxonomy":"product_tag","embeddable":true,"href":"https:\/\/blankpage.ee\/_ruumist-ruumi\/wp-json\/wp\/v2\/product_tag?post=4865"}],"curies":[{"name":"wp","href":"https:\/\/api.w.org\/{rel}","templated":true}]}}