{"id":4873,"date":"2024-11-01T09:24:50","date_gmt":"2024-11-01T09:24:50","guid":{"rendered":"https:\/\/ruumistruumi.ee\/pood\/beez-kummut-rimini-ri01d-paulownia-puidust\/"},"modified":"2025-04-10T11:56:50","modified_gmt":"2025-04-10T11:56:50","slug":"beez-kummut-rimini-ri01d-lehtpuu-puidust","status":"publish","type":"product","link":"https:\/\/blankpage.ee\/_ruumist-ruumi\/pood\/beez-kummut-rimini-ri01d-lehtpuu-puidust\/","title":{"rendered":"Bee\u017e kummut Rimini RI01D, lehtpuu puidust"},"content":{"rendered":"<p>Rimini RI01D kapp elutuppa. See elegantne Provencali stiilis vitriinkapp on ideaalne t\u00e4iendus igasse elutuppa, lisades ruumi soojust ja klassikalist v\u00f5lu. Kapi kreemjas toon koos heleda pruuni pealispinnaga loob harmoonilise ja rahuliku atmosf\u00e4\u00e4ri. Metallist karbikujulised k\u00e4epidemed ja kaardus jalad annavad kapile ainulaadse ja stiilse ilme.<\/p>\n<p>Omadused:<br \/>\n<strong>Materjal:<\/strong> Paulownia puit ja MDF.<br \/>\n<strong>V\u00e4rv:<\/strong> Kreemjas korpus ja hele pruun pealispind.<br \/>\n<strong>M\u00f5\u00f5tmed:<\/strong> Laius 90 cm, s\u00fcgavus 39 cm, k\u00f5rgus 85 cm.<br \/>\n<strong>T\u00e4iendavad detailid:<\/strong> Kaks ust, mis pakuvad piisavalt hoiuruumi. Metallist k\u00e4epidemed lisavad vastupidavust ja stiili.<br \/>\n<strong>Kokkupanek:<\/strong> Kokkupandud, ei vaja paigaldust. S\u00e4\u00e4stab aega ja vaeva.<\/p>\n<p>&nbsp;<\/p>\n","protected":false},"excerpt":{"rendered":"<p>Rimini RI01D kapp elutuppa. See elegantne Provencali stiilis vitriinkapp on ideaalne t\u00e4iendus igasse elutuppa, lisades ruumi soojust ja klassikalist v\u00f5lu. Kapi kreemjas toon koos heleda pruuni pealispinnaga loob harmoonilise ja rahuliku atmosf\u00e4\u00e4ri. Metallist karbikujulised k\u00e4epidemed ja kaardus jalad annavad kapile ainulaadse ja stiilse ilme. Omadused: Materjal: Paulownia puit ja MDF. V\u00e4rv: Kreemjas korpus ja hele [&hellip;]<\/p>\n","protected":false},"featured_media":4874,"comment_status":"open","ping_status":"closed","template":"","meta":[],"product_brand":[],"product_cat":[81],"product_tag":[],"class_list":{"0":"post-4873","1":"product","2":"type-product","3":"status-publish","4":"has-post-thumbnail","6":"product_cat-kapid-riiulid-ja-kummutid","7":"product_shipping_class-livin-hill","8":"pa_kaepidemed-metall","9":"pa_kollektsioon-rimini","10":"pa_materjal-paulownia-puit","11":"pa_sahtlite-arv-74","12":"pa_uste-arv-94","13":"pa_varv-beez","15":"first","16":"instock","17":"sale","18":"taxable","19":"shipping-taxable","20":"purchasable","21":"product-type-simple"},"_links":{"self":[{"href":"https:\/\/blankpage.ee\/_ruumist-ruumi\/wp-json\/wp\/v2\/product\/4873","targetHints":{"allow":["GET"]}}],"collection":[{"href":"https:\/\/blankpage.ee\/_ruumist-ruumi\/wp-json\/wp\/v2\/product"}],"about":[{"href":"https:\/\/blankpage.ee\/_ruumist-ruumi\/wp-json\/wp\/v2\/types\/product"}],"replies":[{"embeddable":true,"href":"https:\/\/blankpage.ee\/_ruumist-ruumi\/wp-json\/wp\/v2\/comments?post=4873"}],"wp:featuredmedia":[{"embeddable":true,"href":"https:\/\/blankpage.ee\/_ruumist-ruumi\/wp-json\/wp\/v2\/media\/4874"}],"wp:attachment":[{"href":"https:\/\/blankpage.ee\/_ruumist-ruumi\/wp-json\/wp\/v2\/media?parent=4873"}],"wp:term":[{"taxonomy":"product_brand","embeddable":true,"href":"https:\/\/blankpage.ee\/_ruumist-ruumi\/wp-json\/wp\/v2\/product_brand?post=4873"},{"taxonomy":"product_cat","embeddable":true,"href":"https:\/\/blankpage.ee\/_ruumist-ruumi\/wp-json\/wp\/v2\/product_cat?post=4873"},{"taxonomy":"product_tag","embeddable":true,"href":"https:\/\/blankpage.ee\/_ruumist-ruumi\/wp-json\/wp\/v2\/product_tag?post=4873"}],"curies":[{"name":"wp","href":"https:\/\/api.w.org\/{rel}","templated":true}]}}