{"id":4878,"date":"2024-11-01T09:25:17","date_gmt":"2024-11-01T09:25:17","guid":{"rendered":"https:\/\/ruumistruumi.ee\/pood\/beez-konsoollaud-rimini-ri033-paulownia-puidust\/"},"modified":"2025-06-17T08:56:43","modified_gmt":"2025-06-17T08:56:43","slug":"beez-konsoollaud-rimini-ri033-lehtpuu-puidust","status":"publish","type":"product","link":"https:\/\/blankpage.ee\/_ruumist-ruumi\/pood\/beez-konsoollaud-rimini-ri033-lehtpuu-puidust\/","title":{"rendered":"Bee\u017e konsoollaud Rimini RI033, lehtpuu puidust"},"content":{"rendered":"<p>Rimini RI033 konsoollaud esikusse. See Provanssaali stiilis konsoollaud lisab teie esikusse elegantset ja ajatut v\u00f5lu. Kreemjas toon koos heleda pruuni lauaplaadiga loob harmoonilise ja rahuliku atmosf\u00e4\u00e4ri. Metallist karbikujulised k\u00e4epidemed ja kaardus jalad annavad sellele m\u00f6\u00f6bliesemele unikaalse ja rafineeritud ilme.<\/p>\n<p>Konsoollaud Rimini kollektsioonist on valmistatud kvaliteetsest Paulownia puidust ja MDF-ist, mis tagab vastupidavuse ja pikaealisuse. Heledas pruunis toonis lauaplaat lisab soojust ja naturaalset ilmet, olles samas praktiline igap\u00e4evaseks kasutamiseks. Osaliselt kokkupandud disain s\u00e4\u00e4stab teie aega ja vaeva, muutes paigaldamise lihtsaks ja kiireks.<\/p>\n<p>Omadused:<br \/>\n<strong>Materjal:<\/strong> Paulownia puit ja MDF.<br \/>\n<strong>V\u00e4rv:<\/strong> Kreemjas toon koos heleda pruuni lauaplaadiga.<br \/>\n<strong>M\u00f5\u00f5tmed:<\/strong> Laius 80 cm, s\u00fcgavus 30 cm, k\u00f5rgus 80 cm.<br \/>\n<strong>T\u00e4iendavad detailid:<\/strong> Metallist k\u00e4epidemed ja kaardus jalad.<br \/>\n<strong>Kokkupanek:<\/strong> Osaliselt kokkupandud, ei vaja paigaldust. S\u00e4\u00e4stab aega ja vaeva.<\/p>\n<p>&nbsp;<\/p>\n","protected":false},"excerpt":{"rendered":"<p>Rimini RI033 konsoollaud esikusse. See Provanssaali stiilis konsoollaud lisab teie esikusse elegantset ja ajatut v\u00f5lu. Kreemjas toon koos heleda pruuni lauaplaadiga loob harmoonilise ja rahuliku atmosf\u00e4\u00e4ri. Metallist karbikujulised k\u00e4epidemed ja kaardus jalad annavad sellele m\u00f6\u00f6bliesemele unikaalse ja rafineeritud ilme. Konsoollaud Rimini kollektsioonist on valmistatud kvaliteetsest Paulownia puidust ja MDF-ist, mis tagab vastupidavuse ja pikaealisuse. Heledas [&hellip;]<\/p>\n","protected":false},"featured_media":4879,"comment_status":"open","ping_status":"closed","template":"","meta":[],"product_brand":[],"product_cat":[83],"product_tag":[],"class_list":{"0":"post-4878","1":"product","2":"type-product","3":"status-publish","4":"has-post-thumbnail","6":"product_cat-konsoollauad","7":"product_shipping_class-livin-hill","8":"pa_kaepidemed-metall","9":"pa_kollektsioon-rimini","10":"pa_materjal-paulownia-puit","11":"pa_sahtlite-arv-87","12":"pa_varv-beez","14":"first","15":"instock","16":"sale","17":"taxable","18":"shipping-taxable","19":"purchasable","20":"product-type-simple"},"_links":{"self":[{"href":"https:\/\/blankpage.ee\/_ruumist-ruumi\/wp-json\/wp\/v2\/product\/4878","targetHints":{"allow":["GET"]}}],"collection":[{"href":"https:\/\/blankpage.ee\/_ruumist-ruumi\/wp-json\/wp\/v2\/product"}],"about":[{"href":"https:\/\/blankpage.ee\/_ruumist-ruumi\/wp-json\/wp\/v2\/types\/product"}],"replies":[{"embeddable":true,"href":"https:\/\/blankpage.ee\/_ruumist-ruumi\/wp-json\/wp\/v2\/comments?post=4878"}],"wp:featuredmedia":[{"embeddable":true,"href":"https:\/\/blankpage.ee\/_ruumist-ruumi\/wp-json\/wp\/v2\/media\/4879"}],"wp:attachment":[{"href":"https:\/\/blankpage.ee\/_ruumist-ruumi\/wp-json\/wp\/v2\/media?parent=4878"}],"wp:term":[{"taxonomy":"product_brand","embeddable":true,"href":"https:\/\/blankpage.ee\/_ruumist-ruumi\/wp-json\/wp\/v2\/product_brand?post=4878"},{"taxonomy":"product_cat","embeddable":true,"href":"https:\/\/blankpage.ee\/_ruumist-ruumi\/wp-json\/wp\/v2\/product_cat?post=4878"},{"taxonomy":"product_tag","embeddable":true,"href":"https:\/\/blankpage.ee\/_ruumist-ruumi\/wp-json\/wp\/v2\/product_tag?post=4878"}],"curies":[{"name":"wp","href":"https:\/\/api.w.org\/{rel}","templated":true}]}}