{"id":4881,"date":"2024-11-01T09:25:43","date_gmt":"2024-11-01T09:25:43","guid":{"rendered":"https:\/\/ruumistruumi.ee\/pood\/beez-kummut-rimini-ri023-paulownia-puidust\/"},"modified":"2025-01-29T10:01:14","modified_gmt":"2025-01-29T10:01:14","slug":"beez-kummut-rimini-ri023-lehtpuu-puidust","status":"publish","type":"product","link":"https:\/\/blankpage.ee\/_ruumist-ruumi\/pood\/beez-kummut-rimini-ri023-lehtpuu-puidust\/","title":{"rendered":"Bee\u017e kummut Rimini RI023, lehtpuu puidust"},"content":{"rendered":"<p>Rimini RI023 kummut elutuppa. See elegantne Provencal-stiilis kummut lisab teie elutuppa ajatut v\u00f5lu. Kreemjas toon koos heleda pruuni lauaplaadi ja metallist karbikujuliste k\u00e4epidemetega loob harmoonilise ja kutsuva atmosf\u00e4\u00e4ri. Kergelt kaardus jalad lisavad kummutile peent elegantsi, muutes selle pilkup\u00fc\u00fcdvaks sisustuselemendiks.<\/p>\n<p>Rimini kummut on valmistatud vastupidavast Paulownia puidust ja MDF-ist, tagades pikaajalise vastupidavuse ja kvaliteedi. Selle praktilised sahtlid m\u00f5\u00f5tmetega 66 x 32 x 12,5 cm pakuvad piisavalt hoiuruumi, et hoida teie elutuba korras ja organiseeritud. Kokkupandud, ei vaja paigaldust. S\u00e4\u00e4stab aega ja vaeva, v\u00f5imaldades teil koheselt nautida selle kauni m\u00f6\u00f6blieseme praktilisust ja esteetikat.<\/p>\n<p>Omadused:<br \/>\n<strong>Materjal:<\/strong> Paulownia puit ja MDF.<br \/>\n<strong>V\u00e4rv:<\/strong> Kreemjas kummut heleda pruuni lauaplaadiga.<br \/>\n<strong>M\u00f5\u00f5tmed:<\/strong> Laius 80 cm, s\u00fcgavus 40 cm, k\u00f5rgus 80 cm.<br \/>\n<strong>T\u00e4iendavad detailid:<\/strong> Metallist k\u00e4epidemed ja kaardus jalad.<br \/>\n<strong>Kokkupanek:<\/strong> Kokkupandud, ei vaja paigaldust. S\u00e4\u00e4stab aega ja vaeva.<\/p>\n<p>&nbsp;<\/p>\n","protected":false},"excerpt":{"rendered":"<p>Rimini RI023 kummut elutuppa. See elegantne Provencal-stiilis kummut lisab teie elutuppa ajatut v\u00f5lu. Kreemjas toon koos heleda pruuni lauaplaadi ja metallist karbikujuliste k\u00e4epidemetega loob harmoonilise ja kutsuva atmosf\u00e4\u00e4ri. Kergelt kaardus jalad lisavad kummutile peent elegantsi, muutes selle pilkup\u00fc\u00fcdvaks sisustuselemendiks. Rimini kummut on valmistatud vastupidavast Paulownia puidust ja MDF-ist, tagades pikaajalise vastupidavuse ja kvaliteedi. Selle praktilised [&hellip;]<\/p>\n","protected":false},"featured_media":4882,"comment_status":"open","ping_status":"closed","template":"","meta":[],"product_brand":[],"product_cat":[81],"product_tag":[],"class_list":{"0":"post-4881","1":"product","2":"type-product","3":"status-publish","4":"has-post-thumbnail","6":"product_cat-kapid-riiulid-ja-kummutid","7":"product_shipping_class-livin-hill","8":"pa_kaepidemed-metall","9":"pa_kollektsioon-rimini","10":"pa_materjal-paulownia-puit","11":"pa_sahtlite-arv-95","12":"pa_varv-beez","14":"first","15":"outofstock","16":"sale","17":"taxable","18":"shipping-taxable","19":"purchasable","20":"product-type-simple"},"_links":{"self":[{"href":"https:\/\/blankpage.ee\/_ruumist-ruumi\/wp-json\/wp\/v2\/product\/4881","targetHints":{"allow":["GET"]}}],"collection":[{"href":"https:\/\/blankpage.ee\/_ruumist-ruumi\/wp-json\/wp\/v2\/product"}],"about":[{"href":"https:\/\/blankpage.ee\/_ruumist-ruumi\/wp-json\/wp\/v2\/types\/product"}],"replies":[{"embeddable":true,"href":"https:\/\/blankpage.ee\/_ruumist-ruumi\/wp-json\/wp\/v2\/comments?post=4881"}],"wp:featuredmedia":[{"embeddable":true,"href":"https:\/\/blankpage.ee\/_ruumist-ruumi\/wp-json\/wp\/v2\/media\/4882"}],"wp:attachment":[{"href":"https:\/\/blankpage.ee\/_ruumist-ruumi\/wp-json\/wp\/v2\/media?parent=4881"}],"wp:term":[{"taxonomy":"product_brand","embeddable":true,"href":"https:\/\/blankpage.ee\/_ruumist-ruumi\/wp-json\/wp\/v2\/product_brand?post=4881"},{"taxonomy":"product_cat","embeddable":true,"href":"https:\/\/blankpage.ee\/_ruumist-ruumi\/wp-json\/wp\/v2\/product_cat?post=4881"},{"taxonomy":"product_tag","embeddable":true,"href":"https:\/\/blankpage.ee\/_ruumist-ruumi\/wp-json\/wp\/v2\/product_tag?post=4881"}],"curies":[{"name":"wp","href":"https:\/\/api.w.org\/{rel}","templated":true}]}}