{"id":48935,"date":"2024-12-10T09:32:56","date_gmt":"2024-12-10T09:32:56","guid":{"rendered":"https:\/\/ruumistruumi.ee\/pood\/fiori-polsterdatud-soogitool-sinakasroheline-chenille-kangas\/"},"modified":"2025-08-20T21:50:34","modified_gmt":"2025-08-20T21:50:34","slug":"fiori-polsterdatud-soogitool-sinakasroheline-chenille-kangas","status":"publish","type":"product","link":"https:\/\/blankpage.ee\/_ruumist-ruumi\/pood\/fiori-polsterdatud-soogitool-sinakasroheline-chenille-kangas\/","title":{"rendered":"Fiori polsterdatud s\u00f6\u00f6gitool, sinakasroheline chenille-kangas"},"content":{"rendered":"<h2>Fiori t\u00fcrkiissinine chenill-polstriga s\u00f6\u00f6gitool k\u00e4etugedega ja mustade metallist jalgadega<\/h2>\n<p>Fiori t\u00fcrkiissinine chenill-polstriga s\u00f6\u00f6gitool \u00fchendab endas stiilse, kaasaegse disaini koos pehme istme ja pikendatud seljatoega k\u00e4etugede jaoks ning vastupidavate mustade metallist jalgadega, muutes selle ideaalseks lisandiks nii kaasaegsetesse kui ka klassikalistesse kodudesse.<\/p>\n<h4>Mugavus ja funktsionaalsus<\/h4>\n<p>Fiori s\u00f6\u00f6gitool pakub luksuslikku istumiskogemust oma pehme chenill-polstri ja polsterdatud istmega. Pikendatud seljatugi koos integreeritud k\u00e4etugedega lisab lisamugavust, muutes selle ideaalseks pikkadeks eineteks v\u00f5i koosviibimisteks s\u00f5prade ja perega.<\/p>\n<h4>Kaasaegne disain igasse interj\u00f6\u00f6ri<\/h4>\n<p>Oma minimalistliku silueti ja moodsa mustade metallist jalgadega t\u00e4iendab Fiori tool mitmesuguseid interj\u00f6\u00f6re. Selle ajatu disain muudab selle sobivaks nii s\u00f6\u00f6gitubadesse, k\u00f6\u00f6kidesse kui ka kontoritesse, pakkudes stiili ja mitmek\u00fclgsust.<\/p>\n<h4>Mitmekesisus ja elegants<\/h4>\n<p>Fiori tooli elegantne disain on piisavalt mitmek\u00fclgne, et sobituda erinevate kodu sisekujundusstiilidega, alates kaasaegsetest kuni traditsioonilisemate seadusteni. Olgu tegemist peene s\u00f6\u00f6gipinnga loomise v\u00f5i k\u00f6\u00f6gi istumiskohtade uuendamisega, toob Fiori tool kaasa elegantsi ja mugavust.<\/p>\n<h4>Omadused<\/h4>\n<ul>\n<li>Polsterdatud iste ja pikendatud seljatugi k\u00e4etugedega<\/li>\n<li>Pehme chenill-polster maksimaalseks mugavuseks<\/li>\n<li>Vastupidavad mustad metallist jalad stabiilsuseks<\/li>\n<li>Kaasaegne disain nii kaasaegsetesse kui klassikalistesse kodudesse<\/li>\n<li>Mitmek\u00fclgne ja elegantne erinevatesse sisekujundusstiilidesse<\/li>\n<\/ul>\n","protected":false},"excerpt":{"rendered":"<p>Fiori t\u00fcrkiissinine chenill-polstriga s\u00f6\u00f6gitool k\u00e4etugedega ja mustade metallist jalgadega Fiori t\u00fcrkiissinine chenill-polstriga s\u00f6\u00f6gitool \u00fchendab endas stiilse, kaasaegse disaini koos pehme istme ja pikendatud seljatoega k\u00e4etugede jaoks ning vastupidavate mustade metallist jalgadega, muutes selle ideaalseks lisandiks nii kaasaegsetesse kui ka klassikalistesse kodudesse. Mugavus ja funktsionaalsus Fiori s\u00f6\u00f6gitool pakub luksuslikku istumiskogemust oma pehme chenill-polstri ja polsterdatud istmega. [&hellip;]<\/p>\n","protected":false},"featured_media":48936,"comment_status":"open","ping_status":"open","template":"","meta":[],"product_brand":[],"product_cat":[108],"product_tag":[],"class_list":{"0":"post-48935","1":"product","2":"type-product","3":"status-publish","4":"has-post-thumbnail","6":"product_cat-soogitoolid","7":"product_shipping_class-furnicher","8":"pa_kollektsioon-fiori","9":"pa_materjal-kangas","11":"first","12":"outofstock","13":"sale","14":"taxable","15":"shipping-taxable","16":"purchasable","17":"product-type-simple"},"_links":{"self":[{"href":"https:\/\/blankpage.ee\/_ruumist-ruumi\/wp-json\/wp\/v2\/product\/48935","targetHints":{"allow":["GET"]}}],"collection":[{"href":"https:\/\/blankpage.ee\/_ruumist-ruumi\/wp-json\/wp\/v2\/product"}],"about":[{"href":"https:\/\/blankpage.ee\/_ruumist-ruumi\/wp-json\/wp\/v2\/types\/product"}],"replies":[{"embeddable":true,"href":"https:\/\/blankpage.ee\/_ruumist-ruumi\/wp-json\/wp\/v2\/comments?post=48935"}],"wp:featuredmedia":[{"embeddable":true,"href":"https:\/\/blankpage.ee\/_ruumist-ruumi\/wp-json\/wp\/v2\/media\/48936"}],"wp:attachment":[{"href":"https:\/\/blankpage.ee\/_ruumist-ruumi\/wp-json\/wp\/v2\/media?parent=48935"}],"wp:term":[{"taxonomy":"product_brand","embeddable":true,"href":"https:\/\/blankpage.ee\/_ruumist-ruumi\/wp-json\/wp\/v2\/product_brand?post=48935"},{"taxonomy":"product_cat","embeddable":true,"href":"https:\/\/blankpage.ee\/_ruumist-ruumi\/wp-json\/wp\/v2\/product_cat?post=48935"},{"taxonomy":"product_tag","embeddable":true,"href":"https:\/\/blankpage.ee\/_ruumist-ruumi\/wp-json\/wp\/v2\/product_tag?post=48935"}],"curies":[{"name":"wp","href":"https:\/\/api.w.org\/{rel}","templated":true}]}}