{"id":4916,"date":"2024-11-01T09:28:21","date_gmt":"2024-11-01T09:28:21","guid":{"rendered":"https:\/\/ruumistruumi.ee\/pood\/looduslik-helepuit-portofino-f043-konsoollaud-kuusepuust\/"},"modified":"2025-07-15T18:41:31","modified_gmt":"2025-07-15T18:41:31","slug":"helepruun-kohvilaud-portofino-f043-kuusepuidust","status":"publish","type":"product","link":"https:\/\/blankpage.ee\/_ruumist-ruumi\/pood\/helepruun-kohvilaud-portofino-f043-kuusepuidust\/","title":{"rendered":"Helepruun kohvilaud Portofino F043, kuusepuidust"},"content":{"rendered":"<p>Portofino F043 aktsentlaud elutuppa. See unikaalne, k\u00e4sitsi v\u00e4rvitud retro ja vintage stiilis aktsentlaud on valmistatud MDF-plaadist, millel on naturaalne, toores kuusepuidust spoon ning vasksetel metallist juuksen\u00f5eljaladel. Laua erip\u00e4raks on eba\u00fchtlase mustriga ja v\u00e4rvidega pealispind, millel on iseloomulikud v\u00e4rvikadu.<\/p>\n<p>Omadused:<br \/>\n<strong>Materjal:<\/strong> Kuusepuit ja metallist jalad.<br \/>\n<strong>V\u00e4rv:<\/strong> Naturaalne hele puit, mitmev\u00e4rviline muster, vasksed jalad.<br \/>\n<strong>M\u00f5\u00f5tmed:<\/strong> Laius 50 cm, s\u00fcgavus 50 cm, k\u00f5rgus 37 cm.<br \/>\n<strong>T\u00e4iendavad detailid:<\/strong> Osaliselt kokku pandud, mis s\u00e4\u00e4stab aega ja vaeva.<\/p>\n<p>&nbsp;<\/p>\n","protected":false},"excerpt":{"rendered":"<p>Portofino F043 aktsentlaud elutuppa. See unikaalne, k\u00e4sitsi v\u00e4rvitud retro ja vintage stiilis aktsentlaud on valmistatud MDF-plaadist, millel on naturaalne, toores kuusepuidust spoon ning vasksetel metallist juuksen\u00f5eljaladel. Laua erip\u00e4raks on eba\u00fchtlase mustriga ja v\u00e4rvidega pealispind, millel on iseloomulikud v\u00e4rvikadu. Omadused: Materjal: Kuusepuit ja metallist jalad. V\u00e4rv: Naturaalne hele puit, mitmev\u00e4rviline muster, vasksed jalad. M\u00f5\u00f5tmed: Laius 50 [&hellip;]<\/p>\n","protected":false},"featured_media":4917,"comment_status":"open","ping_status":"closed","template":"","meta":[],"product_brand":[],"product_cat":[145],"product_tag":[],"class_list":{"0":"post-4916","1":"product","2":"type-product","3":"status-publish","4":"has-post-thumbnail","6":"product_cat-lisalauad","7":"product_shipping_class-livin-hill","8":"pa_kollektsioon-portofino","9":"pa_materjal-kuuskpuit","10":"pa_varv-mitmevarviline","12":"first","13":"outofstock","14":"sale","15":"taxable","16":"shipping-taxable","17":"purchasable","18":"product-type-simple"},"_links":{"self":[{"href":"https:\/\/blankpage.ee\/_ruumist-ruumi\/wp-json\/wp\/v2\/product\/4916","targetHints":{"allow":["GET"]}}],"collection":[{"href":"https:\/\/blankpage.ee\/_ruumist-ruumi\/wp-json\/wp\/v2\/product"}],"about":[{"href":"https:\/\/blankpage.ee\/_ruumist-ruumi\/wp-json\/wp\/v2\/types\/product"}],"replies":[{"embeddable":true,"href":"https:\/\/blankpage.ee\/_ruumist-ruumi\/wp-json\/wp\/v2\/comments?post=4916"}],"wp:featuredmedia":[{"embeddable":true,"href":"https:\/\/blankpage.ee\/_ruumist-ruumi\/wp-json\/wp\/v2\/media\/4917"}],"wp:attachment":[{"href":"https:\/\/blankpage.ee\/_ruumist-ruumi\/wp-json\/wp\/v2\/media?parent=4916"}],"wp:term":[{"taxonomy":"product_brand","embeddable":true,"href":"https:\/\/blankpage.ee\/_ruumist-ruumi\/wp-json\/wp\/v2\/product_brand?post=4916"},{"taxonomy":"product_cat","embeddable":true,"href":"https:\/\/blankpage.ee\/_ruumist-ruumi\/wp-json\/wp\/v2\/product_cat?post=4916"},{"taxonomy":"product_tag","embeddable":true,"href":"https:\/\/blankpage.ee\/_ruumist-ruumi\/wp-json\/wp\/v2\/product_tag?post=4916"}],"curies":[{"name":"wp","href":"https:\/\/api.w.org\/{rel}","templated":true}]}}