{"id":4923,"date":"2024-11-01T09:29:11","date_gmt":"2024-11-01T09:29:11","guid":{"rendered":"https:\/\/ruumistruumi.ee\/pood\/valge-kummut-ravenna-ra029-paulownia-puidust\/"},"modified":"2025-04-10T11:56:53","modified_gmt":"2025-04-10T11:56:53","slug":"valge-kummut-ravenna-ra029-lehtpuu-puidust","status":"publish","type":"product","link":"https:\/\/blankpage.ee\/_ruumist-ruumi\/pood\/valge-kummut-ravenna-ra029-lehtpuu-puidust\/","title":{"rendered":"Valge kummut Ravenna RA029, lehtpuu puidust"},"content":{"rendered":"<p>Ravenna RA029 sahtlikapp elutuppa. See Provencal stiilis sahtlikapp toob teie elutuppa elegantse ja ajatu ilme. Valge viimistlus koos tumeda pruuni pealispinnaga loob harmoonilise kontrasti, mis t\u00e4iendab teie kodu sisekujundust. Metallist k\u00e4epidemed ja rullitud jalad lisavad sellele m\u00f6\u00f6bliesemele iseloomu ja stiili.<\/p>\n<p>Ravenna kollektsiooni kuuluv sahtlikapp on valmistatud kvaliteetsest Paulownia puidust ja MDF-ist, tagades vastupidavuse ja pikaealisuse. See kapp pakub piisavalt hoiuruumi, et hoida teie elutuba organiseerituna ja korras. Sahtlikapp on osaliselt kokku pandud, mis t\u00e4hendab, et selle paigaldamine on kiire ja vaevatu.<\/p>\n<p>Omadused:<br \/>\n<strong>Materjal:<\/strong> Paulownia puit ja MDF.<br \/>\n<strong>V\u00e4rv:<\/strong> Valge viimistlus tumeda pruuni pealispinnaga.<br \/>\n<strong>M\u00f5\u00f5tmed:<\/strong> Laius 91 cm, s\u00fcgavus 40 cm, k\u00f5rgus 80 cm.<br \/>\n<strong>T\u00e4iendavad detailid:<\/strong> Metallist k\u00e4epidemed ja rullitud jalad.<br \/>\n<strong>Kokkupanek:<\/strong> Osaliselt kokku pandud, s\u00e4\u00e4stes aega ja vaeva.<\/p>\n<p>&nbsp;<\/p>\n","protected":false},"excerpt":{"rendered":"<p>Ravenna RA029 sahtlikapp elutuppa. See Provencal stiilis sahtlikapp toob teie elutuppa elegantse ja ajatu ilme. Valge viimistlus koos tumeda pruuni pealispinnaga loob harmoonilise kontrasti, mis t\u00e4iendab teie kodu sisekujundust. Metallist k\u00e4epidemed ja rullitud jalad lisavad sellele m\u00f6\u00f6bliesemele iseloomu ja stiili. Ravenna kollektsiooni kuuluv sahtlikapp on valmistatud kvaliteetsest Paulownia puidust ja MDF-ist, tagades vastupidavuse ja pikaealisuse. [&hellip;]<\/p>\n","protected":false},"featured_media":4924,"comment_status":"open","ping_status":"closed","template":"","meta":[],"product_brand":[],"product_cat":[81],"product_tag":[],"class_list":{"0":"post-4923","1":"product","2":"type-product","3":"status-publish","4":"has-post-thumbnail","6":"product_cat-kapid-riiulid-ja-kummutid","7":"product_shipping_class-livin-hill","8":"pa_kaepidemed-metall","9":"pa_kollektsioon-ravenna","10":"pa_materjal-paulownia-puit","11":"pa_sahtlite-arv-147","12":"pa_varv-valge","14":"first","15":"instock","16":"sale","17":"taxable","18":"shipping-taxable","19":"purchasable","20":"product-type-simple"},"_links":{"self":[{"href":"https:\/\/blankpage.ee\/_ruumist-ruumi\/wp-json\/wp\/v2\/product\/4923","targetHints":{"allow":["GET"]}}],"collection":[{"href":"https:\/\/blankpage.ee\/_ruumist-ruumi\/wp-json\/wp\/v2\/product"}],"about":[{"href":"https:\/\/blankpage.ee\/_ruumist-ruumi\/wp-json\/wp\/v2\/types\/product"}],"replies":[{"embeddable":true,"href":"https:\/\/blankpage.ee\/_ruumist-ruumi\/wp-json\/wp\/v2\/comments?post=4923"}],"wp:featuredmedia":[{"embeddable":true,"href":"https:\/\/blankpage.ee\/_ruumist-ruumi\/wp-json\/wp\/v2\/media\/4924"}],"wp:attachment":[{"href":"https:\/\/blankpage.ee\/_ruumist-ruumi\/wp-json\/wp\/v2\/media?parent=4923"}],"wp:term":[{"taxonomy":"product_brand","embeddable":true,"href":"https:\/\/blankpage.ee\/_ruumist-ruumi\/wp-json\/wp\/v2\/product_brand?post=4923"},{"taxonomy":"product_cat","embeddable":true,"href":"https:\/\/blankpage.ee\/_ruumist-ruumi\/wp-json\/wp\/v2\/product_cat?post=4923"},{"taxonomy":"product_tag","embeddable":true,"href":"https:\/\/blankpage.ee\/_ruumist-ruumi\/wp-json\/wp\/v2\/product_tag?post=4923"}],"curies":[{"name":"wp","href":"https:\/\/api.w.org\/{rel}","templated":true}]}}