{"id":4927,"date":"2024-11-01T09:30:02","date_gmt":"2024-11-01T09:30:02","guid":{"rendered":"https:\/\/ruumistruumi.ee\/pood\/beez-ookapp-rimini-ri113-paulownia-puidust\/"},"modified":"2025-07-15T18:41:32","modified_gmt":"2025-07-15T18:41:32","slug":"beez-ookapp-rimini-ri113-lehtpuu-puidust","status":"publish","type":"product","link":"https:\/\/blankpage.ee\/_ruumist-ruumi\/pood\/beez-ookapp-rimini-ri113-lehtpuu-puidust\/","title":{"rendered":"Bee\u017e \u00f6\u00f6kapp Rimini RI113, lehtpuu puidust"},"content":{"rendered":"<p>Rimini RI113 \u00f6\u00f6kapp magamistuppa. See Provencal stiilis kapp toob teie magamistuppa elegantse ja ajatu ilme. Kapi kreemikad nikerdused koos heleda pruuni pealispinnaga loovad harmoonilise ja kutsuva atmosf\u00e4\u00e4ri. Metallist karbikujulised k\u00e4epidemed ja kumerad jalad lisavad sellele stiilsele m\u00f6\u00f6bliesemele unikaalset iseloomu.<\/p>\n<p>Rimini RI113 \u00f6\u00f6kapp on valmistatud kvaliteetsest Paulownia puidust ja MDF-ist, tagades vastupidavuse ja pikaealisuse. Kapi \u00fcks uks pakub mugavat hoiuruumi, et hoida teie igap\u00e4evased esemed k\u00e4ep\u00e4rast. Kokkupandud, ei vaja paigaldust, s\u00e4\u00e4stab aega ja vaeva.<\/p>\n<p>Omadused:<br \/>\n<strong>Materjal:<\/strong> Paulownia puit ja MDF.<br \/>\n<strong>V\u00e4rv:<\/strong> Kreemikas korpus, hele pruun pealispind.<br \/>\n<strong>M\u00f5\u00f5tmed:<\/strong> Laius 45 cm, s\u00fcgavus 35 cm, k\u00f5rgus 69 cm.<br \/>\n<strong>T\u00e4iendavad detailid:<\/strong> Metallist k\u00e4epidemed ja kumerad jalad.<br \/>\n<strong>Kokkupanek:<\/strong> Kokkupandud, ei vaja paigaldust.<\/p>\n<p>&nbsp;<\/p>\n","protected":false},"excerpt":{"rendered":"<p>Rimini RI113 \u00f6\u00f6kapp magamistuppa. See Provencal stiilis kapp toob teie magamistuppa elegantse ja ajatu ilme. Kapi kreemikad nikerdused koos heleda pruuni pealispinnaga loovad harmoonilise ja kutsuva atmosf\u00e4\u00e4ri. Metallist karbikujulised k\u00e4epidemed ja kumerad jalad lisavad sellele stiilsele m\u00f6\u00f6bliesemele unikaalset iseloomu. Rimini RI113 \u00f6\u00f6kapp on valmistatud kvaliteetsest Paulownia puidust ja MDF-ist, tagades vastupidavuse ja pikaealisuse. Kapi \u00fcks [&hellip;]<\/p>\n","protected":false},"featured_media":4928,"comment_status":"open","ping_status":"closed","template":"","meta":[],"product_brand":[],"product_cat":[92],"product_tag":[],"class_list":{"0":"post-4927","1":"product","2":"type-product","3":"status-publish","4":"has-post-thumbnail","6":"product_cat-ookapid","7":"product_shipping_class-livin-hill","8":"pa_kaepidemed-metall","9":"pa_kollektsioon-rimini","10":"pa_materjal-paulownia-puit","11":"pa_sahtlite-arv-87","12":"pa_uste-arv-88","13":"pa_varv-beez","15":"first","16":"outofstock","17":"sale","18":"taxable","19":"shipping-taxable","20":"purchasable","21":"product-type-simple"},"_links":{"self":[{"href":"https:\/\/blankpage.ee\/_ruumist-ruumi\/wp-json\/wp\/v2\/product\/4927","targetHints":{"allow":["GET"]}}],"collection":[{"href":"https:\/\/blankpage.ee\/_ruumist-ruumi\/wp-json\/wp\/v2\/product"}],"about":[{"href":"https:\/\/blankpage.ee\/_ruumist-ruumi\/wp-json\/wp\/v2\/types\/product"}],"replies":[{"embeddable":true,"href":"https:\/\/blankpage.ee\/_ruumist-ruumi\/wp-json\/wp\/v2\/comments?post=4927"}],"wp:featuredmedia":[{"embeddable":true,"href":"https:\/\/blankpage.ee\/_ruumist-ruumi\/wp-json\/wp\/v2\/media\/4928"}],"wp:attachment":[{"href":"https:\/\/blankpage.ee\/_ruumist-ruumi\/wp-json\/wp\/v2\/media?parent=4927"}],"wp:term":[{"taxonomy":"product_brand","embeddable":true,"href":"https:\/\/blankpage.ee\/_ruumist-ruumi\/wp-json\/wp\/v2\/product_brand?post=4927"},{"taxonomy":"product_cat","embeddable":true,"href":"https:\/\/blankpage.ee\/_ruumist-ruumi\/wp-json\/wp\/v2\/product_cat?post=4927"},{"taxonomy":"product_tag","embeddable":true,"href":"https:\/\/blankpage.ee\/_ruumist-ruumi\/wp-json\/wp\/v2\/product_tag?post=4927"}],"curies":[{"name":"wp","href":"https:\/\/api.w.org\/{rel}","templated":true}]}}