{"id":4939,"date":"2024-11-01T09:31:20","date_gmt":"2024-11-01T09:31:20","guid":{"rendered":"https:\/\/ruumistruumi.ee\/pood\/helepruun-konsoollaud-loano-lo012-paulownia-puidust-metallist-jalad\/"},"modified":"2025-06-17T08:56:50","modified_gmt":"2025-06-17T08:56:50","slug":"helepruun-konsoollaud-loano-lo012-lehtpuu-puidust","status":"publish","type":"product","link":"https:\/\/blankpage.ee\/_ruumist-ruumi\/pood\/helepruun-konsoollaud-loano-lo012-lehtpuu-puidust\/","title":{"rendered":"Helepruun konsoollaud Loano LO012, lehtpuu puidust"},"content":{"rendered":"<p>Loano LO012 konsoollaud esikusse. Loano kollektsiooni kuuluv retrostiilis konsoollaud on valmistatud Paulownia puidust ja MDF-ist, millele lisavad elegantsi mustad metallist jalad. Laua lihtne disain on rikastatud kaunite mustriliste sahtli esipaneelidega ning metallist k\u00e4epidemetega.<\/p>\n<p>Loano konsoollaud pakub praktilist lahendust igasse esikusse, olles samal ajal ka stiilne sisustuselement. Selle naturaalses heledas puidutoonis pind ja mustad jalad loovad meeldiva kontrasti, mis sobib h\u00e4sti erinevatesse interj\u00f6\u00f6ridesse. Sahtlid on kaunistatud peene mustriga, lisades lauapinnale visuaalset huvi ja isikup\u00e4ra.<\/p>\n<p>Omadused:<br \/>\n<strong>Materjal:<\/strong> Paulownia puit, MDF ja metallist jalad.<br \/>\n<strong>V\u00e4rv:<\/strong> Naturaalselt hele puit ja mustad jalad.<br \/>\n<strong>M\u00f5\u00f5tmed:<\/strong> Laua laius 80 cm, s\u00fcgavus 36 cm, k\u00f5rgus 80 cm.<br \/>\n<strong>T\u00e4iendavad detailid:<\/strong> Metallist k\u00e4epidemed ja mustrilised sahtli esipaneelid.<br \/>\n<strong>Kokkupanek:<\/strong> Osaliselt kokku pandud, ei vaja paigaldust. S\u00e4\u00e4stab aega ja vaeva.<\/p>\n<p>&nbsp;<\/p>\n","protected":false},"excerpt":{"rendered":"<p>Loano LO012 konsoollaud esikusse. Loano kollektsiooni kuuluv retrostiilis konsoollaud on valmistatud Paulownia puidust ja MDF-ist, millele lisavad elegantsi mustad metallist jalad. Laua lihtne disain on rikastatud kaunite mustriliste sahtli esipaneelidega ning metallist k\u00e4epidemetega. Loano konsoollaud pakub praktilist lahendust igasse esikusse, olles samal ajal ka stiilne sisustuselement. Selle naturaalses heledas puidutoonis pind ja mustad jalad loovad [&hellip;]<\/p>\n","protected":false},"featured_media":4940,"comment_status":"open","ping_status":"closed","template":"","meta":[],"product_brand":[],"product_cat":[83],"product_tag":[],"class_list":{"0":"post-4939","1":"product","2":"type-product","3":"status-publish","4":"has-post-thumbnail","6":"product_cat-konsoollauad","7":"product_shipping_class-livin-hill","8":"pa_kaepidemed-metall","9":"pa_kollektsioon-loano","10":"pa_materjal-paulownia-puit","11":"pa_sahtlite-arv-74","12":"pa_varv-helepruun","14":"first","15":"instock","16":"sale","17":"taxable","18":"shipping-taxable","19":"purchasable","20":"product-type-simple"},"_links":{"self":[{"href":"https:\/\/blankpage.ee\/_ruumist-ruumi\/wp-json\/wp\/v2\/product\/4939","targetHints":{"allow":["GET"]}}],"collection":[{"href":"https:\/\/blankpage.ee\/_ruumist-ruumi\/wp-json\/wp\/v2\/product"}],"about":[{"href":"https:\/\/blankpage.ee\/_ruumist-ruumi\/wp-json\/wp\/v2\/types\/product"}],"replies":[{"embeddable":true,"href":"https:\/\/blankpage.ee\/_ruumist-ruumi\/wp-json\/wp\/v2\/comments?post=4939"}],"wp:featuredmedia":[{"embeddable":true,"href":"https:\/\/blankpage.ee\/_ruumist-ruumi\/wp-json\/wp\/v2\/media\/4940"}],"wp:attachment":[{"href":"https:\/\/blankpage.ee\/_ruumist-ruumi\/wp-json\/wp\/v2\/media?parent=4939"}],"wp:term":[{"taxonomy":"product_brand","embeddable":true,"href":"https:\/\/blankpage.ee\/_ruumist-ruumi\/wp-json\/wp\/v2\/product_brand?post=4939"},{"taxonomy":"product_cat","embeddable":true,"href":"https:\/\/blankpage.ee\/_ruumist-ruumi\/wp-json\/wp\/v2\/product_cat?post=4939"},{"taxonomy":"product_tag","embeddable":true,"href":"https:\/\/blankpage.ee\/_ruumist-ruumi\/wp-json\/wp\/v2\/product_tag?post=4939"}],"curies":[{"name":"wp","href":"https:\/\/api.w.org\/{rel}","templated":true}]}}