{"id":4945,"date":"2024-11-01T09:32:13","date_gmt":"2024-11-01T09:32:13","guid":{"rendered":"https:\/\/ruumistruumi.ee\/pood\/must-voodi-raam-adesso-adesk01-akatsiapuust\/"},"modified":"2025-04-10T11:56:55","modified_gmt":"2025-04-10T11:56:55","slug":"must-voodi-raam-adesso-adesk01-akatsiapuust","status":"publish","type":"product","link":"https:\/\/blankpage.ee\/_ruumist-ruumi\/pood\/must-voodi-raam-adesso-adesk01-akatsiapuust\/","title":{"rendered":"Must voodiraam Adesso ADESK01, akaatsiapuidust"},"content":{"rendered":"<p>Adesso ADESK01 voodiraam magamistuppa. See ainulaadne retrostiilis voodiraam on valmistatud kvaliteetsest harjatud eksootilisest akaatsiapuidust, pakkudes magamistoale elegantset ja ajatut ilmet. Voodipeatsel on 3D-struktuur, millel on puidu pinnal mitmekesised tekstuurid ja varjundid, luues visuaalselt huvitava fookuspunkti. MDF-plaadist raam t\u00e4iustab kogu disaini, pakkudes vastupidavust ja stiili.<\/p>\n<p>Adesso kollektsiooni kuuluv voodiraam on osaliselt kokku pandud, mis t\u00e4hendab, et paigaldus on kiire ja lihtne. Mustad metallist jalad lisavad voodile stabiilsust ja modernset aktsenti, sobitudes suurep\u00e4raselt erinevate interj\u00f6\u00f6ridega.<\/p>\n<p>Omadused:<br \/>\n<strong>Materjal:<\/strong> Harjatud akaatsiapuit ja MDF.<br \/>\n<strong>V\u00e4rv:<\/strong> Must, halli ja bee\u017ei varjundid, mustad jalad.<br \/>\n<strong>M\u00f5\u00f5tmed:<\/strong> Laius 187 cm, s\u00fcgavus 219 cm, k\u00f5rgus 125 cm.<br \/>\n<strong>T\u00e4iendavad detailid:<\/strong> Voodipeatsel 3D-struktuur, mis lisab ruumile isikup\u00e4ra.<br \/>\n<strong>Kokkupanek:<\/strong> Osaliselt kokku pandud, lihtsustades paigaldamist.<\/p>\n<p>&nbsp;<\/p>\n","protected":false},"excerpt":{"rendered":"<p>Adesso ADESK01 voodiraam magamistuppa. See ainulaadne retrostiilis voodiraam on valmistatud kvaliteetsest harjatud eksootilisest akaatsiapuidust, pakkudes magamistoale elegantset ja ajatut ilmet. Voodipeatsel on 3D-struktuur, millel on puidu pinnal mitmekesised tekstuurid ja varjundid, luues visuaalselt huvitava fookuspunkti. MDF-plaadist raam t\u00e4iustab kogu disaini, pakkudes vastupidavust ja stiili. Adesso kollektsiooni kuuluv voodiraam on osaliselt kokku pandud, mis t\u00e4hendab, et [&hellip;]<\/p>\n","protected":false},"featured_media":4946,"comment_status":"open","ping_status":"closed","template":"","meta":[],"product_brand":[],"product_cat":[156],"product_tag":[],"class_list":{"0":"post-4945","1":"product","2":"type-product","3":"status-publish","4":"has-post-thumbnail","6":"product_cat-voodid","7":"product_shipping_class-livin-hill","8":"pa_kollektsioon-adesso","9":"pa_materjal-akaatsiapuit","10":"pa_varv-must","12":"first","13":"instock","14":"sale","15":"taxable","16":"shipping-taxable","17":"purchasable","18":"product-type-simple"},"_links":{"self":[{"href":"https:\/\/blankpage.ee\/_ruumist-ruumi\/wp-json\/wp\/v2\/product\/4945","targetHints":{"allow":["GET"]}}],"collection":[{"href":"https:\/\/blankpage.ee\/_ruumist-ruumi\/wp-json\/wp\/v2\/product"}],"about":[{"href":"https:\/\/blankpage.ee\/_ruumist-ruumi\/wp-json\/wp\/v2\/types\/product"}],"replies":[{"embeddable":true,"href":"https:\/\/blankpage.ee\/_ruumist-ruumi\/wp-json\/wp\/v2\/comments?post=4945"}],"wp:featuredmedia":[{"embeddable":true,"href":"https:\/\/blankpage.ee\/_ruumist-ruumi\/wp-json\/wp\/v2\/media\/4946"}],"wp:attachment":[{"href":"https:\/\/blankpage.ee\/_ruumist-ruumi\/wp-json\/wp\/v2\/media?parent=4945"}],"wp:term":[{"taxonomy":"product_brand","embeddable":true,"href":"https:\/\/blankpage.ee\/_ruumist-ruumi\/wp-json\/wp\/v2\/product_brand?post=4945"},{"taxonomy":"product_cat","embeddable":true,"href":"https:\/\/blankpage.ee\/_ruumist-ruumi\/wp-json\/wp\/v2\/product_cat?post=4945"},{"taxonomy":"product_tag","embeddable":true,"href":"https:\/\/blankpage.ee\/_ruumist-ruumi\/wp-json\/wp\/v2\/product_tag?post=4945"}],"curies":[{"name":"wp","href":"https:\/\/api.w.org\/{rel}","templated":true}]}}