{"id":49512,"date":"2024-12-10T09:40:16","date_gmt":"2024-12-10T09:40:16","guid":{"rendered":"https:\/\/ruumistruumi.ee\/pood\/thalia-soogitool-helehallist-kangast-ja-kummipuust\/"},"modified":"2025-08-20T21:50:13","modified_gmt":"2025-08-20T21:50:13","slug":"thalia-soogitool-helehallist-kangast-ja-kummipuust","status":"publish","type":"product","link":"https:\/\/blankpage.ee\/_ruumist-ruumi\/pood\/thalia-soogitool-helehallist-kangast-ja-kummipuust\/","title":{"rendered":"Thalia s\u00f6\u00f6gitool, helehallist kangast ja kummipuust"},"content":{"rendered":"<h2>Thalia helehalli kanga s\u00f6\u00f6gitool<\/h2>\n<p>Thalia helehalli kanga s\u00f6\u00f6gitool kummipuu alusega j\u00e4tab p\u00fcsiva mulje.<\/p>\n<p>Sellel suurep\u00e4rasel k\u00e4sitoega s\u00f6\u00f6gitoolil kasutati kujunduses rafineeritud siluetti. Mugav iste v\u00f5imaldab pikaajaliselt istuda. See on ilmselge valik neile, kes otsivad nii mugavust kui ka stiili. Selle tulemusel lisab see igasse s\u00f6\u00f6gituppa stiili.<\/p>\n<h4>Mugav ja stiilne istumine<\/h4>\n<p>Thalia s\u00f6\u00f6gitoolil on kaunilt polsterdatud iste, mis pakub pehmet ja kutsuvat istumiskohta. Selle ergonoomiline disain k\u00e4sitoega tagab maksimaalse mugavuse, olles ideaalne pikemateks \u00f5htus\u00f6\u00f6kideks ja koosviibimisteks. Helehalli kangast istmeosa sobitub mitmesuguste interj\u00f6\u00f6ristiilidega, lisades igasse s\u00f6\u00f6gituppa elegantsi.<\/p>\n<h4>Elegantne ja praktiline disain<\/h4>\n<p>Thalia tool on praktilise automaatse tagasi p\u00f6\u00f6rdumise funktsiooniga, mist\u00f5ttu n\u00e4eb see alati korras ja korralik v\u00e4lja. Iseloomulikud k\u00e4sitoed ja kaunid torut\u00f6\u00f6tluse detailid t\u00e4iustavad selle rafineeritud v\u00e4limust, tehes sellest silmapaistva detaili igas keskkonnas. Tugev kummipuu alus tagab suurep\u00e4rase toe ja vastupidavuse.<\/p>\n<h4>Omadused<\/h4>\n<ul>\n<li>Iseloomulik k\u00e4situgi elegantse v\u00e4limuse saavutamiseks<\/li>\n<li>Praktiline automaatse tagasi p\u00f6\u00f6rdumise funktsioon<\/li>\n<li>Kaunis torut\u00f6\u00f6tlus<\/li>\n<li>Polsterdatud iste pehmeks istumiseks<\/li>\n<\/ul>\n","protected":false},"excerpt":{"rendered":"<p>Thalia helehalli kanga s\u00f6\u00f6gitool Thalia helehalli kanga s\u00f6\u00f6gitool kummipuu alusega j\u00e4tab p\u00fcsiva mulje. Sellel suurep\u00e4rasel k\u00e4sitoega s\u00f6\u00f6gitoolil kasutati kujunduses rafineeritud siluetti. Mugav iste v\u00f5imaldab pikaajaliselt istuda. See on ilmselge valik neile, kes otsivad nii mugavust kui ka stiili. Selle tulemusel lisab see igasse s\u00f6\u00f6gituppa stiili. Mugav ja stiilne istumine Thalia s\u00f6\u00f6gitoolil on kaunilt polsterdatud iste, [&hellip;]<\/p>\n","protected":false},"featured_media":49513,"comment_status":"open","ping_status":"open","template":"","meta":[],"product_brand":[],"product_cat":[108],"product_tag":[],"class_list":{"0":"post-49512","1":"product","2":"type-product","3":"status-publish","4":"has-post-thumbnail","6":"product_cat-soogitoolid","7":"product_shipping_class-furnicher","8":"pa_kollektsioon-thalia","9":"pa_materjal-kangas","10":"pa_varv-helehall","12":"first","13":"outofstock","14":"sale","15":"taxable","16":"shipping-taxable","17":"purchasable","18":"product-type-simple"},"_links":{"self":[{"href":"https:\/\/blankpage.ee\/_ruumist-ruumi\/wp-json\/wp\/v2\/product\/49512","targetHints":{"allow":["GET"]}}],"collection":[{"href":"https:\/\/blankpage.ee\/_ruumist-ruumi\/wp-json\/wp\/v2\/product"}],"about":[{"href":"https:\/\/blankpage.ee\/_ruumist-ruumi\/wp-json\/wp\/v2\/types\/product"}],"replies":[{"embeddable":true,"href":"https:\/\/blankpage.ee\/_ruumist-ruumi\/wp-json\/wp\/v2\/comments?post=49512"}],"wp:featuredmedia":[{"embeddable":true,"href":"https:\/\/blankpage.ee\/_ruumist-ruumi\/wp-json\/wp\/v2\/media\/49513"}],"wp:attachment":[{"href":"https:\/\/blankpage.ee\/_ruumist-ruumi\/wp-json\/wp\/v2\/media?parent=49512"}],"wp:term":[{"taxonomy":"product_brand","embeddable":true,"href":"https:\/\/blankpage.ee\/_ruumist-ruumi\/wp-json\/wp\/v2\/product_brand?post=49512"},{"taxonomy":"product_cat","embeddable":true,"href":"https:\/\/blankpage.ee\/_ruumist-ruumi\/wp-json\/wp\/v2\/product_cat?post=49512"},{"taxonomy":"product_tag","embeddable":true,"href":"https:\/\/blankpage.ee\/_ruumist-ruumi\/wp-json\/wp\/v2\/product_tag?post=49512"}],"curies":[{"name":"wp","href":"https:\/\/api.w.org\/{rel}","templated":true}]}}