{"id":49811,"date":"2024-12-14T10:09:19","date_gmt":"2024-12-14T10:09:19","guid":{"rendered":"https:\/\/ruumistruumi.ee\/?post_type=product&#038;p=49811"},"modified":"2025-08-21T08:21:46","modified_gmt":"2025-08-21T08:21:46","slug":"amzchef-zm5003-bk-blenderi-komplekt-must","status":"publish","type":"product","link":"https:\/\/blankpage.ee\/_ruumist-ruumi\/pood\/amzchef-zm5003-bk-blenderi-komplekt-must\/","title":{"rendered":"AMZCHEF ZM5003-BK blenderi komplekt (must)"},"content":{"rendered":"<h3>AAMZCHEF ZM5003-BK blenderi komplekt (must)<\/h3>\n<p>AMZCHEF ZM5003-BK blender pakub muljetavaldavat v\u00f5imsust kuni 1800 vatti ja mahutavust 1,85 liitrit, terad t\u00f6\u00f6tavad kuni 26 000 p\/min. See muudab erinevate toitude ja jookide valmistamise lihtsaks &#8211; alates smuutidest ja mahladest kuni kreemsuppideni. Samuti jahvatad edukalt teravilja v\u00f5i liha. T\u00e4iendav 600 ml pudel v\u00f5imaldab nautida maitsvaid jooke ka kodust eemal.<\/p>\n<p><img loading=\"lazy\" decoding=\"async\" class=\"alignnone size-medium_large wp-image-150859\" src=\"https:\/\/blankpage.ee\/_ruumist-ruumi\/wp-content\/uploads\/2024\/12\/AMZCHEF-ZM5003-BK-blenderi-komplekt-must-3-768x489.webp\" alt=\"AMZCHEF ZM5003-BK blenderi komplekt (must)\" width=\"768\" height=\"489\" srcset=\"https:\/\/blankpage.ee\/_ruumist-ruumi\/wp-content\/uploads\/2024\/12\/AMZCHEF-ZM5003-BK-blenderi-komplekt-must-3-768x489.webp 768w, https:\/\/blankpage.ee\/_ruumist-ruumi\/wp-content\/uploads\/2024\/12\/AMZCHEF-ZM5003-BK-blenderi-komplekt-must-3-400x255.webp 400w, https:\/\/blankpage.ee\/_ruumist-ruumi\/wp-content\/uploads\/2024\/12\/AMZCHEF-ZM5003-BK-blenderi-komplekt-must-3-922x587.webp 922w, https:\/\/blankpage.ee\/_ruumist-ruumi\/wp-content\/uploads\/2024\/12\/AMZCHEF-ZM5003-BK-blenderi-komplekt-must-3-150x96.webp 150w, https:\/\/blankpage.ee\/_ruumist-ruumi\/wp-content\/uploads\/2024\/12\/AMZCHEF-ZM5003-BK-blenderi-komplekt-must-3-64x41.webp 64w, https:\/\/blankpage.ee\/_ruumist-ruumi\/wp-content\/uploads\/2024\/12\/AMZCHEF-ZM5003-BK-blenderi-komplekt-must-3.webp 1000w\" sizes=\"auto, (max-width: 768px) 100vw, 768px\" \/><\/p>\n<h3>Intuitiivne kasutamine<\/h3>\n<p>Nutikas juhtpaneel v\u00f5imaldab seadme kasutamist t\u00e4ielikult isikup\u00e4rastada. Kasuta programme nagu smuuti, j\u00e4\u00e4 purustamine, segamine v\u00f5i pulsire\u017eiim, et saavutada iga valmistatava roa jaoks t\u00e4iuslik konsistents. Taimeri ekraan muudab protsessi kontrollimise lihtsaks.<\/p>\n<p><img loading=\"lazy\" decoding=\"async\" class=\"alignnone size-medium_large wp-image-150857\" src=\"https:\/\/blankpage.ee\/_ruumist-ruumi\/wp-content\/uploads\/2024\/12\/AMZCHEF-ZM5003-BK-blenderi-komplekt-must-5-768x489.webp\" alt=\"AMZCHEF ZM5003-BK blenderi komplekt (must)\" width=\"768\" height=\"489\" srcset=\"https:\/\/blankpage.ee\/_ruumist-ruumi\/wp-content\/uploads\/2024\/12\/AMZCHEF-ZM5003-BK-blenderi-komplekt-must-5-768x489.webp 768w, https:\/\/blankpage.ee\/_ruumist-ruumi\/wp-content\/uploads\/2024\/12\/AMZCHEF-ZM5003-BK-blenderi-komplekt-must-5-400x255.webp 400w, https:\/\/blankpage.ee\/_ruumist-ruumi\/wp-content\/uploads\/2024\/12\/AMZCHEF-ZM5003-BK-blenderi-komplekt-must-5-922x587.webp 922w, https:\/\/blankpage.ee\/_ruumist-ruumi\/wp-content\/uploads\/2024\/12\/AMZCHEF-ZM5003-BK-blenderi-komplekt-must-5-150x96.webp 150w, https:\/\/blankpage.ee\/_ruumist-ruumi\/wp-content\/uploads\/2024\/12\/AMZCHEF-ZM5003-BK-blenderi-komplekt-must-5-64x41.webp 64w, https:\/\/blankpage.ee\/_ruumist-ruumi\/wp-content\/uploads\/2024\/12\/AMZCHEF-ZM5003-BK-blenderi-komplekt-must-5.webp 1000w\" sizes=\"auto, (max-width: 768px) 100vw, 768px\" \/><\/p>\n<h3>Lihtne puhastamine<\/h3>\n<p>AMZCHEF mikseri puhtana hoidmine ei ole sulle keeruline. \u00dche nupuvajutusega automaatne puhastusfunktsioon s\u00e4\u00e4stab aega. Saad \u00fcksikuid komponente probleemideta n\u00f5udepesumasinas pesta.<\/p>\n<p><img loading=\"lazy\" decoding=\"async\" class=\"alignnone size-medium_large wp-image-150860\" src=\"https:\/\/blankpage.ee\/_ruumist-ruumi\/wp-content\/uploads\/2024\/12\/AMZCHEF-ZM5003-BK-blenderi-komplekt-must-4-768x489.webp\" alt=\"AMZCHEF ZM5003-BK blenderi komplekt (must)\" width=\"768\" height=\"489\" srcset=\"https:\/\/blankpage.ee\/_ruumist-ruumi\/wp-content\/uploads\/2024\/12\/AMZCHEF-ZM5003-BK-blenderi-komplekt-must-4-768x489.webp 768w, https:\/\/blankpage.ee\/_ruumist-ruumi\/wp-content\/uploads\/2024\/12\/AMZCHEF-ZM5003-BK-blenderi-komplekt-must-4-400x255.webp 400w, https:\/\/blankpage.ee\/_ruumist-ruumi\/wp-content\/uploads\/2024\/12\/AMZCHEF-ZM5003-BK-blenderi-komplekt-must-4-922x587.webp 922w, https:\/\/blankpage.ee\/_ruumist-ruumi\/wp-content\/uploads\/2024\/12\/AMZCHEF-ZM5003-BK-blenderi-komplekt-must-4-150x96.webp 150w, https:\/\/blankpage.ee\/_ruumist-ruumi\/wp-content\/uploads\/2024\/12\/AMZCHEF-ZM5003-BK-blenderi-komplekt-must-4-64x41.webp 64w, https:\/\/blankpage.ee\/_ruumist-ruumi\/wp-content\/uploads\/2024\/12\/AMZCHEF-ZM5003-BK-blenderi-komplekt-must-4.webp 1000w\" sizes=\"auto, (max-width: 768px) 100vw, 768px\" \/><\/p>\n<h3>V\u00f5imas mootor ja usaldusv\u00e4\u00e4rsed terad<\/h3>\n<p>1800W mootor ja kvaliteetsed terad tagavad kiire ja t\u00f5husa segamise ka k\u00f5ige raskemate koostisosade puhul. Saad h\u00f5lpsasti jahvatada j\u00e4\u00e4d, p\u00e4hkleid v\u00f5i teravilja, saavutades t\u00e4iusliku konsistentsi vaid m\u00f5ne sekundiga.<\/p>\n<p><img loading=\"lazy\" decoding=\"async\" class=\"alignnone size-medium_large wp-image-150858\" src=\"https:\/\/blankpage.ee\/_ruumist-ruumi\/wp-content\/uploads\/2024\/12\/AMZCHEF-ZM5003-BK-blenderi-komplekt-must-2-768x489.webp\" alt=\"AMZCHEF ZM5003-BK blenderi komplekt (must)\" width=\"768\" height=\"489\" srcset=\"https:\/\/blankpage.ee\/_ruumist-ruumi\/wp-content\/uploads\/2024\/12\/AMZCHEF-ZM5003-BK-blenderi-komplekt-must-2-768x489.webp 768w, https:\/\/blankpage.ee\/_ruumist-ruumi\/wp-content\/uploads\/2024\/12\/AMZCHEF-ZM5003-BK-blenderi-komplekt-must-2-400x255.webp 400w, https:\/\/blankpage.ee\/_ruumist-ruumi\/wp-content\/uploads\/2024\/12\/AMZCHEF-ZM5003-BK-blenderi-komplekt-must-2-922x587.webp 922w, https:\/\/blankpage.ee\/_ruumist-ruumi\/wp-content\/uploads\/2024\/12\/AMZCHEF-ZM5003-BK-blenderi-komplekt-must-2-150x96.webp 150w, https:\/\/blankpage.ee\/_ruumist-ruumi\/wp-content\/uploads\/2024\/12\/AMZCHEF-ZM5003-BK-blenderi-komplekt-must-2-64x41.webp 64w, https:\/\/blankpage.ee\/_ruumist-ruumi\/wp-content\/uploads\/2024\/12\/AMZCHEF-ZM5003-BK-blenderi-komplekt-must-2.webp 1000w\" sizes=\"auto, (max-width: 768px) 100vw, 768px\" \/><\/p>\n<h3>Komplektis:<\/h3>\n<ul class=\"list-disc\">\n<li>Korpus<\/li>\n<li>Mikser<\/li>\n<li>Mikseri kork<\/li>\n<li>Teradega alus<\/li>\n<li>Vajutaja<\/li>\n<li>600 ml pudel<\/li>\n<\/ul>\n<div class=\"table-wrapper\">\n<h3><\/h3>\n<table>\n<tbody>\n<tr>\n<th>Tootja<\/th>\n<td>AMZCHEF<\/td>\n<\/tr>\n<tr>\n<th>Tootja kood<\/th>\n<td>ZM5003-BK<\/td>\n<\/tr>\n<tr>\n<th>Kiirus<\/th>\n<td>kuni 26 000 p\/min<\/td>\n<\/tr>\n<tr>\n<th>Mahutavus<\/th>\n<td>1,85 l<\/td>\n<\/tr>\n<tr>\n<th>Pinge<\/th>\n<td>220-240V<\/td>\n<\/tr>\n<tr>\n<th>T\u00f6\u00f6 sagedus<\/th>\n<td>50Hz<\/td>\n<\/tr>\n<tr>\n<th>V\u00f5imsus<\/th>\n<td>1800 W<\/td>\n<\/tr>\n<tr>\n<th>M\u00f5\u00f5tmed<\/th>\n<td>18.5 x 9.05 x 7.08 tolli (mikser) \/ 9.2 x 4.7 tolli (pudel)<\/td>\n<\/tr>\n<tr>\n<th>V\u00e4rv<\/th>\n<td>must<\/td>\n<\/tr>\n<\/tbody>\n<\/table>\n<\/div>\n","protected":false},"excerpt":{"rendered":"<p>AAMZCHEF ZM5003-BK blenderi komplekt (must) AMZCHEF ZM5003-BK blender pakub muljetavaldavat v\u00f5imsust kuni 1800 vatti ja mahutavust 1,85 liitrit, terad t\u00f6\u00f6tavad kuni 26 000 p\/min. See muudab erinevate toitude ja jookide valmistamise lihtsaks &#8211; alates smuutidest ja mahladest kuni kreemsuppideni. Samuti jahvatad edukalt teravilja v\u00f5i liha. T\u00e4iendav 600 ml pudel v\u00f5imaldab nautida maitsvaid jooke ka kodust [&hellip;]<\/p>\n","protected":false},"featured_media":49812,"comment_status":"open","ping_status":"closed","template":"","meta":[],"product_brand":[],"product_cat":[816],"product_tag":[],"class_list":{"0":"post-49811","1":"product","2":"type-product","3":"status-publish","4":"has-post-thumbnail","6":"product_cat-blenderid","7":"product_shipping_class-innpro","9":"first","10":"instock","11":"sale","12":"taxable","13":"shipping-taxable","14":"purchasable","15":"product-type-simple"},"_links":{"self":[{"href":"https:\/\/blankpage.ee\/_ruumist-ruumi\/wp-json\/wp\/v2\/product\/49811","targetHints":{"allow":["GET"]}}],"collection":[{"href":"https:\/\/blankpage.ee\/_ruumist-ruumi\/wp-json\/wp\/v2\/product"}],"about":[{"href":"https:\/\/blankpage.ee\/_ruumist-ruumi\/wp-json\/wp\/v2\/types\/product"}],"replies":[{"embeddable":true,"href":"https:\/\/blankpage.ee\/_ruumist-ruumi\/wp-json\/wp\/v2\/comments?post=49811"}],"wp:featuredmedia":[{"embeddable":true,"href":"https:\/\/blankpage.ee\/_ruumist-ruumi\/wp-json\/wp\/v2\/media\/49812"}],"wp:attachment":[{"href":"https:\/\/blankpage.ee\/_ruumist-ruumi\/wp-json\/wp\/v2\/media?parent=49811"}],"wp:term":[{"taxonomy":"product_brand","embeddable":true,"href":"https:\/\/blankpage.ee\/_ruumist-ruumi\/wp-json\/wp\/v2\/product_brand?post=49811"},{"taxonomy":"product_cat","embeddable":true,"href":"https:\/\/blankpage.ee\/_ruumist-ruumi\/wp-json\/wp\/v2\/product_cat?post=49811"},{"taxonomy":"product_tag","embeddable":true,"href":"https:\/\/blankpage.ee\/_ruumist-ruumi\/wp-json\/wp\/v2\/product_tag?post=49811"}],"curies":[{"name":"wp","href":"https:\/\/api.w.org\/{rel}","templated":true}]}}