{"id":49865,"date":"2024-12-14T15:48:35","date_gmt":"2024-12-14T15:48:35","guid":{"rendered":"https:\/\/ruumistruumi.ee\/?post_type=product&#038;p=49865"},"modified":"2025-08-21T08:21:46","modified_gmt":"2025-08-21T08:21:46","slug":"juhtmevaba-varstolmuimeja-jimmy-jv85","status":"publish","type":"product","link":"https:\/\/blankpage.ee\/_ruumist-ruumi\/pood\/juhtmevaba-varstolmuimeja-jimmy-jv85\/","title":{"rendered":"Juhtmevaba varstolmuimeja JIMMY JV85"},"content":{"rendered":"<h3>Juhtmevaba varstolmuimeja JIMMY JV85<\/h3>\n<p>Praktilise LED-ekraaniga varustatud Jimmy JV85 juhtmeta tolmuimeja v\u00f5imaldab teil puhastada t\u00f5husalt ja mugavalt. Komplektis olevate vahetatavate harjade abil saate hoida oma kodu iga nurga s\u00e4ravalt puhtana. Sellel on 185AW imemisv\u00f5imsus ja t\u00f6\u00f6aeg kuni 60 minutit &#8211; vaadake, millega see teid veel \u00fcllatab. Jimmy br\u00e4nd on osa Xiaomi \u00f6kos\u00fcsteemist.<\/p>\n<p><img loading=\"lazy\" decoding=\"async\" class=\"alignnone size-medium_large wp-image-111825\" src=\"https:\/\/blankpage.ee\/_ruumist-ruumi\/wp-content\/uploads\/2024\/12\/Juhtmevaba-varstolmuimeja-JIMMY-JV85-1-768x489.jpg\" alt=\"Juhtmevaba varstolmuimeja JIMMY JV85\" width=\"768\" height=\"489\" srcset=\"https:\/\/blankpage.ee\/_ruumist-ruumi\/wp-content\/uploads\/2024\/12\/Juhtmevaba-varstolmuimeja-JIMMY-JV85-1-768x489.jpg 768w, https:\/\/blankpage.ee\/_ruumist-ruumi\/wp-content\/uploads\/2024\/12\/Juhtmevaba-varstolmuimeja-JIMMY-JV85-1-300x191.jpg 300w, https:\/\/blankpage.ee\/_ruumist-ruumi\/wp-content\/uploads\/2024\/12\/Juhtmevaba-varstolmuimeja-JIMMY-JV85-1-400x255.jpg 400w, https:\/\/blankpage.ee\/_ruumist-ruumi\/wp-content\/uploads\/2024\/12\/Juhtmevaba-varstolmuimeja-JIMMY-JV85-1-922x587.jpg 922w, https:\/\/blankpage.ee\/_ruumist-ruumi\/wp-content\/uploads\/2024\/12\/Juhtmevaba-varstolmuimeja-JIMMY-JV85-1-64x41.jpg 64w, https:\/\/blankpage.ee\/_ruumist-ruumi\/wp-content\/uploads\/2024\/12\/Juhtmevaba-varstolmuimeja-JIMMY-JV85-1.jpg 1000w\" sizes=\"auto, (max-width: 768px) 100vw, 768px\" \/><\/p>\n<h3>See saab mustusest jagu hetkega<\/h3>\n<p>100 000 p\/min harjadeta mootor tagab enneolematu tolmuimeja efektiivsuse. Muljetavaldava imemisv\u00f5imsuse eest vastutab ka patenteeritud ts\u00fcklonitehnoloogia, mis minimeerib ummistuste riski. K\u00f5ik see t\u00e4hendab, et Jimmy JV85 imeb hetkega \u00fcles puru, tolmu, juuksed ja isegi karvad.<\/p>\n<p><img loading=\"lazy\" decoding=\"async\" class=\"alignnone size-medium_large wp-image-111826\" src=\"https:\/\/blankpage.ee\/_ruumist-ruumi\/wp-content\/uploads\/2024\/12\/Juhtmevaba-varstolmuimeja-JIMMY-JV85-2-768x489.jpg\" alt=\"Juhtmevaba varstolmuimeja JIMMY JV85\" width=\"768\" height=\"489\" srcset=\"https:\/\/blankpage.ee\/_ruumist-ruumi\/wp-content\/uploads\/2024\/12\/Juhtmevaba-varstolmuimeja-JIMMY-JV85-2-768x489.jpg 768w, https:\/\/blankpage.ee\/_ruumist-ruumi\/wp-content\/uploads\/2024\/12\/Juhtmevaba-varstolmuimeja-JIMMY-JV85-2-300x191.jpg 300w, https:\/\/blankpage.ee\/_ruumist-ruumi\/wp-content\/uploads\/2024\/12\/Juhtmevaba-varstolmuimeja-JIMMY-JV85-2-400x255.jpg 400w, https:\/\/blankpage.ee\/_ruumist-ruumi\/wp-content\/uploads\/2024\/12\/Juhtmevaba-varstolmuimeja-JIMMY-JV85-2-922x587.jpg 922w, https:\/\/blankpage.ee\/_ruumist-ruumi\/wp-content\/uploads\/2024\/12\/Juhtmevaba-varstolmuimeja-JIMMY-JV85-2-64x41.jpg 64w, https:\/\/blankpage.ee\/_ruumist-ruumi\/wp-content\/uploads\/2024\/12\/Juhtmevaba-varstolmuimeja-JIMMY-JV85-2.jpg 1000w\" sizes=\"auto, (max-width: 768px) 100vw, 768px\" \/><\/p>\n<h3>See puhastab p\u00f5hjalikult igat t\u00fc\u00fcpi p\u00f5randad<\/h3>\n<p>50mm rullp\u00f5randahari p\u00fchib p\u00f5hjalikult \u00e4ra nii suuremad prahid kui ka k\u00f5ige v\u00e4iksemad tolmuosakesed. Selle ainulaadne k\u00f5vade ja pehmete harjaste kombinatsioon v\u00f5imaldab seda. Lisaks on sellel eelis, et juuksed ei j\u00e4\u00e4 selle hoolikalt l\u00e4bim\u00f5eldud disaini k\u00fclge kinni. Komplektis on ka lisarull, mis puhastab p\u00f5hjalikult teie kodu vaibad, kasutades nailon- ja kummiosi.<\/p>\n<p><img loading=\"lazy\" decoding=\"async\" class=\"alignnone size-medium_large wp-image-111823\" src=\"https:\/\/blankpage.ee\/_ruumist-ruumi\/wp-content\/uploads\/2024\/12\/Juhtmevaba-varstolmuimeja-JIMMY-JV85-7-768x489.jpg\" alt=\"Juhtmevaba varstolmuimeja JIMMY JV85\" width=\"768\" height=\"489\" srcset=\"https:\/\/blankpage.ee\/_ruumist-ruumi\/wp-content\/uploads\/2024\/12\/Juhtmevaba-varstolmuimeja-JIMMY-JV85-7-768x489.jpg 768w, https:\/\/blankpage.ee\/_ruumist-ruumi\/wp-content\/uploads\/2024\/12\/Juhtmevaba-varstolmuimeja-JIMMY-JV85-7-300x191.jpg 300w, https:\/\/blankpage.ee\/_ruumist-ruumi\/wp-content\/uploads\/2024\/12\/Juhtmevaba-varstolmuimeja-JIMMY-JV85-7-400x255.jpg 400w, https:\/\/blankpage.ee\/_ruumist-ruumi\/wp-content\/uploads\/2024\/12\/Juhtmevaba-varstolmuimeja-JIMMY-JV85-7-922x587.jpg 922w, https:\/\/blankpage.ee\/_ruumist-ruumi\/wp-content\/uploads\/2024\/12\/Juhtmevaba-varstolmuimeja-JIMMY-JV85-7-64x41.jpg 64w, https:\/\/blankpage.ee\/_ruumist-ruumi\/wp-content\/uploads\/2024\/12\/Juhtmevaba-varstolmuimeja-JIMMY-JV85-7.jpg 1000w\" sizes=\"auto, (max-width: 768px) 100vw, 768px\" \/><\/p>\n<h3>Erilised \u00fclesandeharjad<\/h3>\n<p>Mida veel komplektist leiate? Pragu hari tugitooli ja diivani s\u00fcvendite puhastamiseks, 2in1 hari m\u00f6\u00f6bli puhastamiseks ja madratsihari, et vabaneda tolmust ja lestadest teie voodis, diivanil ja voodipesul. Vahetage harju ja kasutage nende funktsionaalsust, et p\u00f5hjalikult hoolitseda oma kodu puhtuse eest.<\/p>\n<p><img loading=\"lazy\" decoding=\"async\" class=\"alignnone size-medium_large wp-image-111822\" src=\"https:\/\/blankpage.ee\/_ruumist-ruumi\/wp-content\/uploads\/2024\/12\/Juhtmevaba-varstolmuimeja-JIMMY-JV85-6-768x489.jpg\" alt=\"Juhtmevaba varstolmuimeja JIMMY JV85\" width=\"768\" height=\"489\" srcset=\"https:\/\/blankpage.ee\/_ruumist-ruumi\/wp-content\/uploads\/2024\/12\/Juhtmevaba-varstolmuimeja-JIMMY-JV85-6-768x489.jpg 768w, https:\/\/blankpage.ee\/_ruumist-ruumi\/wp-content\/uploads\/2024\/12\/Juhtmevaba-varstolmuimeja-JIMMY-JV85-6-300x191.jpg 300w, https:\/\/blankpage.ee\/_ruumist-ruumi\/wp-content\/uploads\/2024\/12\/Juhtmevaba-varstolmuimeja-JIMMY-JV85-6-400x255.jpg 400w, https:\/\/blankpage.ee\/_ruumist-ruumi\/wp-content\/uploads\/2024\/12\/Juhtmevaba-varstolmuimeja-JIMMY-JV85-6-922x587.jpg 922w, https:\/\/blankpage.ee\/_ruumist-ruumi\/wp-content\/uploads\/2024\/12\/Juhtmevaba-varstolmuimeja-JIMMY-JV85-6-64x41.jpg 64w, https:\/\/blankpage.ee\/_ruumist-ruumi\/wp-content\/uploads\/2024\/12\/Juhtmevaba-varstolmuimeja-JIMMY-JV85-6.jpg 1000w\" sizes=\"auto, (max-width: 768px) 100vw, 768px\" \/><\/p>\n<h3>Vastupidav aku<\/h3>\n<p>Jimmy JV85 aku koosneb 7-st 2500mAh rakust. Saate selle mugavalt lahti v\u00f5tta ja asendada, pikendades oma tolmuimeja eluiga. Seadme t\u00f6\u00f6aeg ulatub kuni 60 minutini. See on piisavalt pikk, et tolmuimejaga puhastada v\u00e4ike korter mitu korda v\u00f5i suur maja \u00fche korra. Lisaks v\u00f5imaldab spetsiaalne seinahoidik JV85 samaaegselt hoiustada ja laadida. Nii s\u00e4\u00e4state aega ja ruumi!<\/p>\n<p><img loading=\"lazy\" decoding=\"async\" class=\"alignnone size-medium_large wp-image-111827\" src=\"https:\/\/blankpage.ee\/_ruumist-ruumi\/wp-content\/uploads\/2024\/12\/Juhtmevaba-varstolmuimeja-JIMMY-JV85-3-768x489.jpg\" alt=\"Juhtmevaba varstolmuimeja JIMMY JV85\" width=\"768\" height=\"489\" srcset=\"https:\/\/blankpage.ee\/_ruumist-ruumi\/wp-content\/uploads\/2024\/12\/Juhtmevaba-varstolmuimeja-JIMMY-JV85-3-768x489.jpg 768w, https:\/\/blankpage.ee\/_ruumist-ruumi\/wp-content\/uploads\/2024\/12\/Juhtmevaba-varstolmuimeja-JIMMY-JV85-3-300x191.jpg 300w, https:\/\/blankpage.ee\/_ruumist-ruumi\/wp-content\/uploads\/2024\/12\/Juhtmevaba-varstolmuimeja-JIMMY-JV85-3-400x255.jpg 400w, https:\/\/blankpage.ee\/_ruumist-ruumi\/wp-content\/uploads\/2024\/12\/Juhtmevaba-varstolmuimeja-JIMMY-JV85-3-922x587.jpg 922w, https:\/\/blankpage.ee\/_ruumist-ruumi\/wp-content\/uploads\/2024\/12\/Juhtmevaba-varstolmuimeja-JIMMY-JV85-3-64x41.jpg 64w, https:\/\/blankpage.ee\/_ruumist-ruumi\/wp-content\/uploads\/2024\/12\/Juhtmevaba-varstolmuimeja-JIMMY-JV85-3.jpg 1000w\" sizes=\"auto, (max-width: 768px) 100vw, 768px\" \/><\/p>\n<h3>Sisseehitatud LED-ekraan<\/h3>\n<p>Selge LED-ekraan annab teile k\u00f5ige olulisemat teavet teie tolmuimeja kohta. See n\u00e4itab selle praegust olekut ja aku laetuse taset. Kui see langeb alla 10% puhastamise ajal, muutub vastav indikaator punaseks. K\u00f5ik see v\u00f5imaldab teil optimaalselt planeerida oma puhastamist ja muudab seadme kasutamise lihtsamaks.<\/p>\n<p><img loading=\"lazy\" decoding=\"async\" class=\"alignnone size-medium_large wp-image-111828\" src=\"https:\/\/blankpage.ee\/_ruumist-ruumi\/wp-content\/uploads\/2024\/12\/Juhtmevaba-varstolmuimeja-JIMMY-JV85-4-768x489.jpg\" alt=\"Juhtmevaba varstolmuimeja JIMMY JV85\" width=\"768\" height=\"489\" srcset=\"https:\/\/blankpage.ee\/_ruumist-ruumi\/wp-content\/uploads\/2024\/12\/Juhtmevaba-varstolmuimeja-JIMMY-JV85-4-768x489.jpg 768w, https:\/\/blankpage.ee\/_ruumist-ruumi\/wp-content\/uploads\/2024\/12\/Juhtmevaba-varstolmuimeja-JIMMY-JV85-4-300x191.jpg 300w, https:\/\/blankpage.ee\/_ruumist-ruumi\/wp-content\/uploads\/2024\/12\/Juhtmevaba-varstolmuimeja-JIMMY-JV85-4-400x255.jpg 400w, https:\/\/blankpage.ee\/_ruumist-ruumi\/wp-content\/uploads\/2024\/12\/Juhtmevaba-varstolmuimeja-JIMMY-JV85-4-922x587.jpg 922w, https:\/\/blankpage.ee\/_ruumist-ruumi\/wp-content\/uploads\/2024\/12\/Juhtmevaba-varstolmuimeja-JIMMY-JV85-4-64x41.jpg 64w, https:\/\/blankpage.ee\/_ruumist-ruumi\/wp-content\/uploads\/2024\/12\/Juhtmevaba-varstolmuimeja-JIMMY-JV85-4.jpg 1000w\" sizes=\"auto, (max-width: 768px) 100vw, 768px\" \/><\/p>\n<h3>Lihtne puhtana hoida<\/h3>\n<p>Jimmy JV85 on ka h\u00fcgieeni ja ohutuse k\u00fcsimus. Ainult \u00fche nupuvajutusega saate tolmukonteineri t\u00fchjendada. Nii v\u00e4hendate oma kokkupuudet mustusega. Veelgi enam, tolmukonteinerit, filtrit ja harjarulli saab pesta jooksva vee all. Sel viisil hoolitsete tolmuimeja ideaalse seisukorra eest, pikendate selle eluiga ja tagate endale h\u00fcgieenilise kasutamise.<\/p>\n<p><img loading=\"lazy\" decoding=\"async\" class=\"alignnone size-medium_large wp-image-111829\" src=\"https:\/\/blankpage.ee\/_ruumist-ruumi\/wp-content\/uploads\/2024\/12\/Juhtmevaba-varstolmuimeja-JIMMY-JV85-5-768x489.jpg\" alt=\"Juhtmevaba varstolmuimeja JIMMY JV85\" width=\"768\" height=\"489\" srcset=\"https:\/\/blankpage.ee\/_ruumist-ruumi\/wp-content\/uploads\/2024\/12\/Juhtmevaba-varstolmuimeja-JIMMY-JV85-5-768x489.jpg 768w, https:\/\/blankpage.ee\/_ruumist-ruumi\/wp-content\/uploads\/2024\/12\/Juhtmevaba-varstolmuimeja-JIMMY-JV85-5-300x191.jpg 300w, https:\/\/blankpage.ee\/_ruumist-ruumi\/wp-content\/uploads\/2024\/12\/Juhtmevaba-varstolmuimeja-JIMMY-JV85-5-400x255.jpg 400w, https:\/\/blankpage.ee\/_ruumist-ruumi\/wp-content\/uploads\/2024\/12\/Juhtmevaba-varstolmuimeja-JIMMY-JV85-5-922x587.jpg 922w, https:\/\/blankpage.ee\/_ruumist-ruumi\/wp-content\/uploads\/2024\/12\/Juhtmevaba-varstolmuimeja-JIMMY-JV85-5-64x41.jpg 64w, https:\/\/blankpage.ee\/_ruumist-ruumi\/wp-content\/uploads\/2024\/12\/Juhtmevaba-varstolmuimeja-JIMMY-JV85-5.jpg 1000w\" sizes=\"auto, (max-width: 768px) 100vw, 768px\" \/><\/p>\n<h3>Kerge, mugav, kasutajas\u00f5bralik<\/h3>\n<p>Jimmy kaubam\u00e4rgi tolmuimejaga puhastamine n\u00f5uab v\u00e4he pingutust ja v\u00f5ib olla t\u00f5eliselt nauditav. Juhtmeta disaini ja kerge kaaluga saate selle h\u00f5lpsasti \u00fcles v\u00f5tta ja lae tolmuimejaga puhastada ning viia see kuhu iganes soovite. Seadme teine eelis on selle ergonoomiline k\u00e4epide, mis leevendab teie randme ja muudab tolmuimejaga puhastamise mugavaks.<\/p>\n<p><img loading=\"lazy\" decoding=\"async\" class=\"alignnone size-medium_large wp-image-111824\" src=\"https:\/\/blankpage.ee\/_ruumist-ruumi\/wp-content\/uploads\/2024\/12\/Juhtmevaba-varstolmuimeja-JIMMY-JV85-8-768x489.jpg\" alt=\"Juhtmevaba varstolmuimeja JIMMY JV85\" width=\"768\" height=\"489\" srcset=\"https:\/\/blankpage.ee\/_ruumist-ruumi\/wp-content\/uploads\/2024\/12\/Juhtmevaba-varstolmuimeja-JIMMY-JV85-8-768x489.jpg 768w, https:\/\/blankpage.ee\/_ruumist-ruumi\/wp-content\/uploads\/2024\/12\/Juhtmevaba-varstolmuimeja-JIMMY-JV85-8-300x191.jpg 300w, https:\/\/blankpage.ee\/_ruumist-ruumi\/wp-content\/uploads\/2024\/12\/Juhtmevaba-varstolmuimeja-JIMMY-JV85-8-400x255.jpg 400w, https:\/\/blankpage.ee\/_ruumist-ruumi\/wp-content\/uploads\/2024\/12\/Juhtmevaba-varstolmuimeja-JIMMY-JV85-8-922x587.jpg 922w, https:\/\/blankpage.ee\/_ruumist-ruumi\/wp-content\/uploads\/2024\/12\/Juhtmevaba-varstolmuimeja-JIMMY-JV85-8-64x41.jpg 64w, https:\/\/blankpage.ee\/_ruumist-ruumi\/wp-content\/uploads\/2024\/12\/Juhtmevaba-varstolmuimeja-JIMMY-JV85-8.jpg 1000w\" sizes=\"auto, (max-width: 768px) 100vw, 768px\" \/><\/p>\n<h3>Karbis<\/h3>\n<ul>\n<li>K\u00e4sitolmuimeja x1<\/li>\n<li>Metalltoru x1<\/li>\n<li>Elektriline p\u00f5randahari x1<\/li>\n<li>Elektriline madratsihari x1<\/li>\n<li>Hari 2in1 x1<\/li>\n<li>Pragu hari 2in1 x1<\/li>\n<li>Laetav aku x1<\/li>\n<li>Laadija x1<\/li>\n<li>Laadimisk\u00e4epide x1<\/li>\n<li>Vaipade harjarull x1<\/li>\n<\/ul>\n<div class=\"table-wrapper\">\n<table>\n<tbody>\n<tr>\n<th>Br\u00e4nd<\/th>\n<td>Jimmy<\/td>\n<\/tr>\n<tr>\n<th>Mudel<\/th>\n<td>JV85<\/td>\n<\/tr>\n<tr>\n<th>Nimiv\u00f5imsus (W)<\/th>\n<td>500<\/td>\n<\/tr>\n<tr>\n<th>Nimipinge (V)<\/th>\n<td>25,2<\/td>\n<\/tr>\n<tr>\n<th>Akuspetsifikatsioon<\/th>\n<td>7 x 2.5 AH, 63 WH<\/td>\n<\/tr>\n<tr>\n<th>K\u00e4sitsi t\u00f6\u00f6aeg (min)<\/th>\n<td>12\/23\/60<\/td>\n<\/tr>\n<tr>\n<th>K\u00e4sitsi + elektrilise p\u00f5randapea t\u00f6\u00f6aeg (min)<\/th>\n<td>12\/20\/45<\/td>\n<\/tr>\n<tr>\n<th>Laadimisaeg (H)<\/th>\n<td>5<\/td>\n<\/tr>\n<tr>\n<th>Imemisv\u00f5imsus (AW)<\/th>\n<td>185<\/td>\n<\/tr>\n<tr>\n<th>Imemissurve (Kpa)<\/th>\n<td>23<\/td>\n<\/tr>\n<tr>\n<th>M\u00fcra (dBA)<\/th>\n<td>80<\/td>\n<\/tr>\n<tr>\n<th>Tolmu kogumise meetod<\/th>\n<td>Kaksik ts\u00fcklon<\/td>\n<\/tr>\n<tr>\n<th>Tolmu konteineri maht (L)<\/th>\n<td>0,6<\/td>\n<\/tr>\n<tr>\n<th>Kuva<\/th>\n<\/tr>\n<\/tbody>\n<\/table>\n<\/div>\n","protected":false},"excerpt":{"rendered":"<p>Juhtmevaba varstolmuimeja JIMMY JV85 Praktilise LED-ekraaniga varustatud Jimmy JV85 juhtmeta tolmuimeja v\u00f5imaldab teil puhastada t\u00f5husalt ja mugavalt. Komplektis olevate vahetatavate harjade abil saate hoida oma kodu iga nurga s\u00e4ravalt puhtana. Sellel on 185AW imemisv\u00f5imsus ja t\u00f6\u00f6aeg kuni 60 minutit &#8211; vaadake, millega see teid veel \u00fcllatab. Jimmy br\u00e4nd on osa Xiaomi \u00f6kos\u00fcsteemist. See saab mustusest [&hellip;]<\/p>\n","protected":false},"featured_media":49814,"comment_status":"closed","ping_status":"closed","template":"","meta":[],"product_brand":[],"product_cat":[813],"product_tag":[],"class_list":{"0":"post-49865","1":"product","2":"type-product","3":"status-publish","4":"has-post-thumbnail","6":"product_cat-varstolmuimejad","7":"product_shipping_class-innpro","9":"first","10":"instock","11":"sale","12":"taxable","13":"shipping-taxable","14":"purchasable","15":"product-type-simple"},"_links":{"self":[{"href":"https:\/\/blankpage.ee\/_ruumist-ruumi\/wp-json\/wp\/v2\/product\/49865","targetHints":{"allow":["GET"]}}],"collection":[{"href":"https:\/\/blankpage.ee\/_ruumist-ruumi\/wp-json\/wp\/v2\/product"}],"about":[{"href":"https:\/\/blankpage.ee\/_ruumist-ruumi\/wp-json\/wp\/v2\/types\/product"}],"replies":[{"embeddable":true,"href":"https:\/\/blankpage.ee\/_ruumist-ruumi\/wp-json\/wp\/v2\/comments?post=49865"}],"wp:featuredmedia":[{"embeddable":true,"href":"https:\/\/blankpage.ee\/_ruumist-ruumi\/wp-json\/wp\/v2\/media\/49814"}],"wp:attachment":[{"href":"https:\/\/blankpage.ee\/_ruumist-ruumi\/wp-json\/wp\/v2\/media?parent=49865"}],"wp:term":[{"taxonomy":"product_brand","embeddable":true,"href":"https:\/\/blankpage.ee\/_ruumist-ruumi\/wp-json\/wp\/v2\/product_brand?post=49865"},{"taxonomy":"product_cat","embeddable":true,"href":"https:\/\/blankpage.ee\/_ruumist-ruumi\/wp-json\/wp\/v2\/product_cat?post=49865"},{"taxonomy":"product_tag","embeddable":true,"href":"https:\/\/blankpage.ee\/_ruumist-ruumi\/wp-json\/wp\/v2\/product_tag?post=49865"}],"curies":[{"name":"wp","href":"https:\/\/api.w.org\/{rel}","templated":true}]}}