{"id":5011,"date":"2024-11-01T09:36:16","date_gmt":"2024-11-01T09:36:16","guid":{"rendered":"https:\/\/ruumistruumi.ee\/pood\/must-tv-alus-adesso-adesl01-akaatsiapuidust\/"},"modified":"2025-04-10T11:56:57","modified_gmt":"2025-04-10T11:56:57","slug":"must-tv-alus-adesso-adesl01-akaatsiapuidust","status":"publish","type":"product","link":"https:\/\/blankpage.ee\/_ruumist-ruumi\/pood\/must-tv-alus-adesso-adesl01-akaatsiapuidust\/","title":{"rendered":"Must TV-alus Adesso ADESL01, akaatsiapuidust"},"content":{"rendered":"<p>Adesso ADESL01 TV-alus elutuppa. See retro stiilis TV-alus on loodud, et lisada teie elutoale isikup\u00e4ra ja elegantsi. Erinevates toonides t\u00e4ispuidust esipaneelid annavad m\u00f6\u00f6bliesemele unikaalse v\u00e4limuse, mille 3D struktuur ja puidu tekstuur lisavad s\u00fcgavust ja iseloomu. Esipaneelide servad toimivad ka praktiliste k\u00e4epidemetena. Mustad metallist jalad lisavad stabiilsust ja modernset kontrasti.<\/p>\n<p>Adesso kollektsiooni kuuluv TV-alus on valmistatud kvaliteetsest akaatsiapuidust ja MDF-ist, tagades vastupidavuse ja pikaealisuse. Selle musta korpuse ja erinevates halli ja bee\u017ei toonides esipaneelidega m\u00f6\u00f6bliese sobib ideaalselt teie elutoa keskpunktiks. Alusel on \u00fcks uks ja kaks riiulit, pakkudes piisavalt hoiuruumi meediaseadmete ja muude esemete jaoks. Milled k\u00e4epidemed lisavad funktsionaalsust ja stiili.<\/p>\n<p>Omadused:<br \/>\n<strong>Materjal:<\/strong> Akaatsiapuit, MDF, metallist jalad.<br \/>\n<strong>V\u00e4rv:<\/strong> Must korpus, halli ja bee\u017ei toonides esipaneelid, mustad jalad.<br \/>\n<strong>M\u00f5\u00f5tmed:<\/strong> Laius 150 cm, s\u00fcgavus 45 cm, k\u00f5rgus 55 cm.<br \/>\n<strong>T\u00e4iendavad detailid:<\/strong> 1 uks, 2 riiulit, milled k\u00e4epidemed.<br \/>\n<strong>Kokkupanek:<\/strong> Kokkupandud, ei vaja paigaldust. S\u00e4\u00e4stab aega ja vaeva.<\/p>\n<p>&nbsp;<\/p>\n","protected":false},"excerpt":{"rendered":"<p>Adesso ADESL01 TV-alus elutuppa. See retro stiilis TV-alus on loodud, et lisada teie elutoale isikup\u00e4ra ja elegantsi. Erinevates toonides t\u00e4ispuidust esipaneelid annavad m\u00f6\u00f6bliesemele unikaalse v\u00e4limuse, mille 3D struktuur ja puidu tekstuur lisavad s\u00fcgavust ja iseloomu. Esipaneelide servad toimivad ka praktiliste k\u00e4epidemetena. Mustad metallist jalad lisavad stabiilsust ja modernset kontrasti. Adesso kollektsiooni kuuluv TV-alus on valmistatud [&hellip;]<\/p>\n","protected":false},"featured_media":5012,"comment_status":"open","ping_status":"closed","template":"","meta":[],"product_brand":[],"product_cat":[85],"product_tag":[],"class_list":{"0":"post-5011","1":"product","2":"type-product","3":"status-publish","4":"has-post-thumbnail","6":"product_cat-tv-alused","7":"product_shipping_class-livin-hill","8":"pa_kaepidemed-freesitud-kaepidemed","9":"pa_kollektsioon-adesso","10":"pa_materjal-akaatsiapuit","11":"pa_riiulite-arv-76","12":"pa_uste-arv-88","13":"pa_varv-must","15":"first","16":"instock","17":"sale","18":"taxable","19":"shipping-taxable","20":"purchasable","21":"product-type-simple"},"_links":{"self":[{"href":"https:\/\/blankpage.ee\/_ruumist-ruumi\/wp-json\/wp\/v2\/product\/5011","targetHints":{"allow":["GET"]}}],"collection":[{"href":"https:\/\/blankpage.ee\/_ruumist-ruumi\/wp-json\/wp\/v2\/product"}],"about":[{"href":"https:\/\/blankpage.ee\/_ruumist-ruumi\/wp-json\/wp\/v2\/types\/product"}],"replies":[{"embeddable":true,"href":"https:\/\/blankpage.ee\/_ruumist-ruumi\/wp-json\/wp\/v2\/comments?post=5011"}],"wp:featuredmedia":[{"embeddable":true,"href":"https:\/\/blankpage.ee\/_ruumist-ruumi\/wp-json\/wp\/v2\/media\/5012"}],"wp:attachment":[{"href":"https:\/\/blankpage.ee\/_ruumist-ruumi\/wp-json\/wp\/v2\/media?parent=5011"}],"wp:term":[{"taxonomy":"product_brand","embeddable":true,"href":"https:\/\/blankpage.ee\/_ruumist-ruumi\/wp-json\/wp\/v2\/product_brand?post=5011"},{"taxonomy":"product_cat","embeddable":true,"href":"https:\/\/blankpage.ee\/_ruumist-ruumi\/wp-json\/wp\/v2\/product_cat?post=5011"},{"taxonomy":"product_tag","embeddable":true,"href":"https:\/\/blankpage.ee\/_ruumist-ruumi\/wp-json\/wp\/v2\/product_tag?post=5011"}],"curies":[{"name":"wp","href":"https:\/\/api.w.org\/{rel}","templated":true}]}}