{"id":5019,"date":"2024-11-01T09:36:48","date_gmt":"2024-11-01T09:36:48","guid":{"rendered":"https:\/\/ruumistruumi.ee\/pood\/must-raamatukapp-adesso-adesl02-akaatsiapuidust\/"},"modified":"2025-04-10T11:56:57","modified_gmt":"2025-04-10T11:56:57","slug":"must-raamaturiiul-adesso-adesl02-akaatsiapuidust","status":"publish","type":"product","link":"https:\/\/blankpage.ee\/_ruumist-ruumi\/pood\/must-raamaturiiul-adesso-adesl02-akaatsiapuidust\/","title":{"rendered":"Must raamaturiiul Adesso ADESL02, akaatsiapuidust"},"content":{"rendered":"<p>Adesso ADESL02 raamaturiiul kodukontorisse. See retrostiilis raamaturiiul toob teie ruumi elegantsi ja funktsionaalsust. Originaalsed t\u00e4ispuidust esipaneelid erinevates toonides loovad ainulaadse 3D-struktuuri ja mitmekesise puidutekstuuri, mis toimivad ka praktiliste servak\u00e4epidemetena. Raamaturiiuli must MDF-korpus ja mustad metallist jalad lisavad sellele modernset ja stiilset ilmet.<\/p>\n<p>Raamaturiiulil on kuus riiulit ja kaks ust, pakkudes rohkelt hoiuruumi teie raamatutele ja dekoratiivesemetele. Milled k\u00e4epidemed annavad m\u00f6\u00f6bliesemele veelgi rohkem isikup\u00e4ra ja mugavust. Kokkupandud, ei vaja paigaldust. S\u00e4\u00e4stab aega ja vaeva.<\/p>\n<p>Omadused:<br \/>\n<strong>Materjal:<\/strong> Akaatsiapuit, MDF, metallist jalad.<br \/>\n<strong>V\u00e4rv:<\/strong> Must, halli ja bee\u017ei erinevad toonid, mustad jalad.<br \/>\n<strong>M\u00f5\u00f5tmed:<\/strong> Laius 90 cm, s\u00fcgavus 35 cm, k\u00f5rgus 195 cm.<br \/>\n<strong>T\u00e4iendavad detailid:<\/strong> 2 ust, 6 riiulit, milled k\u00e4epidemed.<br \/>\n<strong>Kokkupanek:<\/strong> Kokkupandud, ei vaja paigaldust.<\/p>\n<p>&nbsp;<\/p>\n","protected":false},"excerpt":{"rendered":"<p>Adesso ADESL02 raamaturiiul kodukontorisse. See retrostiilis raamaturiiul toob teie ruumi elegantsi ja funktsionaalsust. Originaalsed t\u00e4ispuidust esipaneelid erinevates toonides loovad ainulaadse 3D-struktuuri ja mitmekesise puidutekstuuri, mis toimivad ka praktiliste servak\u00e4epidemetena. Raamaturiiuli must MDF-korpus ja mustad metallist jalad lisavad sellele modernset ja stiilset ilmet. Raamaturiiulil on kuus riiulit ja kaks ust, pakkudes rohkelt hoiuruumi teie raamatutele ja [&hellip;]<\/p>\n","protected":false},"featured_media":5020,"comment_status":"open","ping_status":"closed","template":"","meta":[],"product_brand":[],"product_cat":[97],"product_tag":[],"class_list":{"0":"post-5019","1":"product","2":"type-product","3":"status-publish","4":"has-post-thumbnail","6":"product_cat-raamaturiiulid","7":"product_shipping_class-livin-hill","8":"pa_kaepidemed-freesitud-kaepidemed","9":"pa_kollektsioon-adesso","10":"pa_materjal-akaatsiapuit","11":"pa_riiulite-arv-106","12":"pa_uste-arv-94","13":"pa_varv-must","15":"first","16":"instock","17":"sale","18":"taxable","19":"shipping-taxable","20":"purchasable","21":"product-type-simple"},"_links":{"self":[{"href":"https:\/\/blankpage.ee\/_ruumist-ruumi\/wp-json\/wp\/v2\/product\/5019","targetHints":{"allow":["GET"]}}],"collection":[{"href":"https:\/\/blankpage.ee\/_ruumist-ruumi\/wp-json\/wp\/v2\/product"}],"about":[{"href":"https:\/\/blankpage.ee\/_ruumist-ruumi\/wp-json\/wp\/v2\/types\/product"}],"replies":[{"embeddable":true,"href":"https:\/\/blankpage.ee\/_ruumist-ruumi\/wp-json\/wp\/v2\/comments?post=5019"}],"wp:featuredmedia":[{"embeddable":true,"href":"https:\/\/blankpage.ee\/_ruumist-ruumi\/wp-json\/wp\/v2\/media\/5020"}],"wp:attachment":[{"href":"https:\/\/blankpage.ee\/_ruumist-ruumi\/wp-json\/wp\/v2\/media?parent=5019"}],"wp:term":[{"taxonomy":"product_brand","embeddable":true,"href":"https:\/\/blankpage.ee\/_ruumist-ruumi\/wp-json\/wp\/v2\/product_brand?post=5019"},{"taxonomy":"product_cat","embeddable":true,"href":"https:\/\/blankpage.ee\/_ruumist-ruumi\/wp-json\/wp\/v2\/product_cat?post=5019"},{"taxonomy":"product_tag","embeddable":true,"href":"https:\/\/blankpage.ee\/_ruumist-ruumi\/wp-json\/wp\/v2\/product_tag?post=5019"}],"curies":[{"name":"wp","href":"https:\/\/api.w.org\/{rel}","templated":true}]}}