{"id":5027,"date":"2024-11-01T09:37:20","date_gmt":"2024-11-01T09:37:20","guid":{"rendered":"https:\/\/ruumistruumi.ee\/pood\/must-vitriinkapp-adesso-adesl03-akatsiapuust\/"},"modified":"2025-04-10T11:56:57","modified_gmt":"2025-04-10T11:56:57","slug":"must-vitriinkapp-adesso-adesl03-akatsiapuust","status":"publish","type":"product","link":"https:\/\/blankpage.ee\/_ruumist-ruumi\/pood\/must-vitriinkapp-adesso-adesl03-akatsiapuust\/","title":{"rendered":"Must vitriinkapp Adesso ADESL03, akaatsiapuidust"},"content":{"rendered":"<p>Adesso ADESL03 vitriinkapp elutuppa. See retrostiilis vitriinkapp toob ruumi isikup\u00e4ra t\u00e4nu oma originaalsetele t\u00e4ispuidust esipaneelidele, mis on mitmesugustes toonides. Esipaneelidel on 3D struktuur ja varieeruv puidupinna tekstuur, mis toimivad ka praktiliste servak\u00e4epidemetena. Kapi must metallist jalad lisavad sellele modernset elegantsi.<\/p>\n<p>Adesso kollektsiooni vitriinkapp on valmistatud akaatsiapuust ja MDF-ist, millele lisavad tugevust mustad metallist jalad. Kapi korpus on must, mis loob kauni kontrasti esipaneelide hallide ja bee\u017eide varjunditega. Kapp on varustatud nelja ukse ja kolme riiuliga, pakkudes piisavalt ruumi esemete organiseerimiseks ja esitlemiseks. Riiulid on praktilised ja v\u00f5imaldavad esemeid h\u00f5lpsasti paigutada ning korrastada.<\/p>\n<p>Omadused:<br \/>\n<strong>Materjal:<\/strong> Akaatsiapuit, MDF, metallist jalad.<br \/>\n<strong>V\u00e4rv:<\/strong> Must, halli ja bee\u017ei varjundid, mustad jalad.<br \/>\n<strong>M\u00f5\u00f5tmed:<\/strong> Laius 100 cm, s\u00fcgavus 45 cm, k\u00f5rgus 195 cm.<br \/>\n<strong>T\u00e4iendavad detailid:<\/strong> Neli ust, kolm riiulit, freesitud k\u00e4epidemed, metallist jalad.<br \/>\n<strong>Kokkupanek:<\/strong> Kokkupandud, ei vaja paigaldust. S\u00e4\u00e4stab aega ja vaeva.<\/p>\n<p>&nbsp;<\/p>\n","protected":false},"excerpt":{"rendered":"<p>Adesso ADESL03 vitriinkapp elutuppa. See retrostiilis vitriinkapp toob ruumi isikup\u00e4ra t\u00e4nu oma originaalsetele t\u00e4ispuidust esipaneelidele, mis on mitmesugustes toonides. Esipaneelidel on 3D struktuur ja varieeruv puidupinna tekstuur, mis toimivad ka praktiliste servak\u00e4epidemetena. Kapi must metallist jalad lisavad sellele modernset elegantsi. Adesso kollektsiooni vitriinkapp on valmistatud akaatsiapuust ja MDF-ist, millele lisavad tugevust mustad metallist jalad. Kapi [&hellip;]<\/p>\n","protected":false},"featured_media":5028,"comment_status":"open","ping_status":"closed","template":"","meta":[],"product_brand":[],"product_cat":[73],"product_tag":[],"class_list":{"0":"post-5027","1":"product","2":"type-product","3":"status-publish","4":"has-post-thumbnail","6":"product_cat-vitriinkapid","7":"product_shipping_class-livin-hill","8":"pa_kaepidemed-freesitud-kaepidemed","9":"pa_kollektsioon-adesso","10":"pa_materjal-akaatsiapuit","11":"pa_riiulite-arv-89","12":"pa_uste-arv-75","13":"pa_varv-must","15":"first","16":"instock","17":"sale","18":"taxable","19":"shipping-taxable","20":"purchasable","21":"product-type-simple"},"_links":{"self":[{"href":"https:\/\/blankpage.ee\/_ruumist-ruumi\/wp-json\/wp\/v2\/product\/5027","targetHints":{"allow":["GET"]}}],"collection":[{"href":"https:\/\/blankpage.ee\/_ruumist-ruumi\/wp-json\/wp\/v2\/product"}],"about":[{"href":"https:\/\/blankpage.ee\/_ruumist-ruumi\/wp-json\/wp\/v2\/types\/product"}],"replies":[{"embeddable":true,"href":"https:\/\/blankpage.ee\/_ruumist-ruumi\/wp-json\/wp\/v2\/comments?post=5027"}],"wp:featuredmedia":[{"embeddable":true,"href":"https:\/\/blankpage.ee\/_ruumist-ruumi\/wp-json\/wp\/v2\/media\/5028"}],"wp:attachment":[{"href":"https:\/\/blankpage.ee\/_ruumist-ruumi\/wp-json\/wp\/v2\/media?parent=5027"}],"wp:term":[{"taxonomy":"product_brand","embeddable":true,"href":"https:\/\/blankpage.ee\/_ruumist-ruumi\/wp-json\/wp\/v2\/product_brand?post=5027"},{"taxonomy":"product_cat","embeddable":true,"href":"https:\/\/blankpage.ee\/_ruumist-ruumi\/wp-json\/wp\/v2\/product_cat?post=5027"},{"taxonomy":"product_tag","embeddable":true,"href":"https:\/\/blankpage.ee\/_ruumist-ruumi\/wp-json\/wp\/v2\/product_tag?post=5027"}],"curies":[{"name":"wp","href":"https:\/\/api.w.org\/{rel}","templated":true}]}}