{"id":50377,"date":"2025-02-21T12:36:31","date_gmt":"2025-02-21T12:36:31","guid":{"rendered":"https:\/\/ruumistruumi.ee\/pood\/nahahoolduskomplekt\/"},"modified":"2025-08-20T21:25:20","modified_gmt":"2025-08-20T21:25:20","slug":"nahahoolduskomplekt","status":"publish","type":"product","link":"https:\/\/blankpage.ee\/_ruumist-ruumi\/pood\/nahahoolduskomplekt\/","title":{"rendered":"Nahahoolduskomplekt"},"content":{"rendered":"<h2>Nahahoolduskomplekt: Hoolitse oma naha eest professionaalselt<\/h2>\n<p>Kui soovid, et sinu nahkm\u00f6\u00f6bel v\u00f5i -esemed s\u00e4ilitaksid oma luksusliku v\u00e4limuse ja pehmuse, on see <strong>nahahoolduskomplekt<\/strong> ideaalne valik. Komplekt sisaldab kvaliteetseid puhastus- ja hooldusvahendeid, mis puhastavad nahka s\u00fcgavuti, toidavad seda ning pakuvad t\u00f5husat kaitset mustuse, niiskuse, naha\u00f5lide, higi ja UV-kiirguse eest.<\/p>\n<h4>T\u00f5hus hooldus erinevatele nahat\u00fc\u00fcpidele<\/h4>\n<p>See nahahoolduskomplekt sobib depigmenteeritud, pool-aniliinist ja sileda aniliinnahaga toodete hooldamiseks. See ei sobi lihvitud nahat\u00fc\u00fcpidele, nagu nubuk, seemisnahk v\u00f5i vahaga ja\/v\u00f5i \u00f5liga viimistletud nahad. Kui sa pole kindel, kas komplekt sobib sinu nahkesemele, k\u00fcsi n\u00f5u meie klienditoelt.<\/p>\n<h4>Lihtne kasutamine pikaajaliste tulemuste saavutamiseks<\/h4>\n<p>Alusta <strong>Natural Leather Cleaner<\/strong>-iga, et eemaldada plekid ja mustus ning vabastada pind varasemast saastunud kaitsekihist. Seej\u00e4rel kanna \u00f5huke kiht <strong>Leather Protector<\/strong>-it, mis mitte ainult ei hoia eemal mustust ja rasva, vaid ka toidab nahka, aidates s\u00e4ilitada selle loomuliku elastsuse ja pehmuse. Kuivamisaeg on vaid 15 minutit, ning \u00fche istekoha hooldamiseks kulub keskmiselt 15 ml toodet. Parima tulemuse saavutamiseks soovitame puhastada ja kaitsta nahka kaks korda aastas.<\/p>\n<h4>Komplekti sisu ja eelised<\/h4>\n<ul>\n<li>75 ml pudel <strong>Leather Care &#038; Protect<\/strong>-i<\/li>\n<li>75 ml pudel <strong>Natural Leather Cleaner<\/strong>-it<\/li>\n<li>Puhastuslapp ja kahepoolne puhastussvamm<\/li>\n<li>Ei sobi nubuki, seemisnaha ega vahaga viimistletud nahale<\/li>\n<li>\u00d6konoomne ja t\u00f5hus kasutamine<\/li>\n<\/ul>\n<p>Hoia oma nahkm\u00f6\u00f6bel ja -tooted kaunina pikaks ajaks \u2013 vali endale kvaliteetne <strong>nahahoolduskomplekt<\/strong>!<\/p>\n<div class=\"desc-attributes\"><strong>Valik<\/strong>: M\u00f6\u00f6bli hooldus<\/div>\n","protected":false},"excerpt":{"rendered":"<p>Nahahoolduskomplekt: Hoolitse oma naha eest professionaalselt Kui soovid, et sinu nahkm\u00f6\u00f6bel v\u00f5i -esemed s\u00e4ilitaksid oma luksusliku v\u00e4limuse ja pehmuse, on see nahahoolduskomplekt ideaalne valik. Komplekt sisaldab kvaliteetseid puhastus- ja hooldusvahendeid, mis puhastavad nahka s\u00fcgavuti, toidavad seda ning pakuvad t\u00f5husat kaitset mustuse, niiskuse, naha\u00f5lide, higi ja UV-kiirguse eest. T\u00f5hus hooldus erinevatele nahat\u00fc\u00fcpidele See nahahoolduskomplekt sobib depigmenteeritud, [&hellip;]<\/p>\n","protected":false},"featured_media":50378,"comment_status":"open","ping_status":"open","template":"","meta":[],"product_brand":[],"product_cat":[866],"product_tag":[],"class_list":{"0":"post-50377","1":"product","2":"type-product","3":"status-publish","4":"has-post-thumbnail","6":"product_cat-kontoritoolid","7":"product_shipping_class-furnicher","8":"pa_kollektsioon-leather","10":"first","11":"instock","12":"sale","13":"taxable","14":"shipping-taxable","15":"purchasable","16":"product-type-simple"},"_links":{"self":[{"href":"https:\/\/blankpage.ee\/_ruumist-ruumi\/wp-json\/wp\/v2\/product\/50377","targetHints":{"allow":["GET"]}}],"collection":[{"href":"https:\/\/blankpage.ee\/_ruumist-ruumi\/wp-json\/wp\/v2\/product"}],"about":[{"href":"https:\/\/blankpage.ee\/_ruumist-ruumi\/wp-json\/wp\/v2\/types\/product"}],"replies":[{"embeddable":true,"href":"https:\/\/blankpage.ee\/_ruumist-ruumi\/wp-json\/wp\/v2\/comments?post=50377"}],"wp:featuredmedia":[{"embeddable":true,"href":"https:\/\/blankpage.ee\/_ruumist-ruumi\/wp-json\/wp\/v2\/media\/50378"}],"wp:attachment":[{"href":"https:\/\/blankpage.ee\/_ruumist-ruumi\/wp-json\/wp\/v2\/media?parent=50377"}],"wp:term":[{"taxonomy":"product_brand","embeddable":true,"href":"https:\/\/blankpage.ee\/_ruumist-ruumi\/wp-json\/wp\/v2\/product_brand?post=50377"},{"taxonomy":"product_cat","embeddable":true,"href":"https:\/\/blankpage.ee\/_ruumist-ruumi\/wp-json\/wp\/v2\/product_cat?post=50377"},{"taxonomy":"product_tag","embeddable":true,"href":"https:\/\/blankpage.ee\/_ruumist-ruumi\/wp-json\/wp\/v2\/product_tag?post=50377"}],"curies":[{"name":"wp","href":"https:\/\/api.w.org\/{rel}","templated":true}]}}