{"id":5057,"date":"2024-11-01T09:39:36","date_gmt":"2024-11-01T09:39:36","guid":{"rendered":"https:\/\/ruumistruumi.ee\/pood\/must-konsoollaud-adesso-adesl08-akatsiapuust\/"},"modified":"2025-04-10T11:56:58","modified_gmt":"2025-04-10T11:56:58","slug":"must-konsoollaud-adesso-adesl08-akatsiapuust","status":"publish","type":"product","link":"https:\/\/blankpage.ee\/_ruumist-ruumi\/pood\/must-konsoollaud-adesso-adesl08-akatsiapuust\/","title":{"rendered":"Must konsoollaud Adesso ADESL08, akaatsiapuidust"},"content":{"rendered":"<p>Adesso ADESL08 konsoollaud esikusse. See retrostiilis konsoollaud on osa Adesso kollektsioonist, pakkudes esikusse ainulaadset ja stiilset t\u00e4iendust. Laua esipaneelid on valmistatud erinevatest t\u00e4ispuidust toonidest, mille 3D-struktuur ja puidu pinna varieeruv tekstuur loovad visuaalselt p\u00f5neva ja praktilise lahenduse, kuna need toimivad ka k\u00e4epidemetena. Mustad metallist jalad lisavad lauale modernset ja elegantset v\u00e4limust.<\/p>\n<p>Adesso ADESL08 konsoollaud on loodud, et pakkuda nii funktsionaalsust kui ka esteetilist naudingut. Selle laia 140 cm pikkuse ja 35 cm s\u00fcgavuse lauaplaadi k\u00f5rgus on 80 cm, mis sobib ideaalselt esikusse, pakkudes piisavalt ruumi v\u00f5tmete, postide ja teiste igap\u00e4evaste esemete hoidmiseks. Laua must korpus ja erinevates halli ja bee\u017ei toonides esipaneelid lisavad ruumile s\u00fcgavust ja isikup\u00e4ra.<\/p>\n<p>Omadused:<br \/>\n<strong>Materjal:<\/strong> Akaatsiapuit, MDF ja metallist jalad.<br \/>\n<strong>V\u00e4rv:<\/strong> Must, halli ja bee\u017ei toonides esipaneelid, mustad jalad.<br \/>\n<strong>M\u00f5\u00f5tmed:<\/strong> Laius 140 cm, s\u00fcgavus 35 cm, k\u00f5rgus 80 cm.<br \/>\n<strong>T\u00e4iendavad detailid:<\/strong> Freesitud k\u00e4epidemed ja metallist jalad.<br \/>\n<strong>Kokkupanek:<\/strong> Osaliselt kokku pandud, s\u00e4\u00e4stab aega ja vaeva.<\/p>\n<p>&nbsp;<\/p>\n","protected":false},"excerpt":{"rendered":"<p>Adesso ADESL08 konsoollaud esikusse. See retrostiilis konsoollaud on osa Adesso kollektsioonist, pakkudes esikusse ainulaadset ja stiilset t\u00e4iendust. Laua esipaneelid on valmistatud erinevatest t\u00e4ispuidust toonidest, mille 3D-struktuur ja puidu pinna varieeruv tekstuur loovad visuaalselt p\u00f5neva ja praktilise lahenduse, kuna need toimivad ka k\u00e4epidemetena. Mustad metallist jalad lisavad lauale modernset ja elegantset v\u00e4limust. Adesso ADESL08 konsoollaud on [&hellip;]<\/p>\n","protected":false},"featured_media":5058,"comment_status":"open","ping_status":"closed","template":"","meta":[],"product_brand":[],"product_cat":[83],"product_tag":[],"class_list":{"0":"post-5057","1":"product","2":"type-product","3":"status-publish","4":"has-post-thumbnail","6":"product_cat-konsoollauad","7":"product_shipping_class-livin-hill","8":"pa_kaepidemed-freesitud-kaepidemed","9":"pa_kollektsioon-adesso","10":"pa_materjal-akaatsiapuit","11":"pa_sahtlite-arv-95","12":"pa_varv-must","14":"first","15":"instock","16":"sale","17":"taxable","18":"shipping-taxable","19":"purchasable","20":"product-type-simple"},"_links":{"self":[{"href":"https:\/\/blankpage.ee\/_ruumist-ruumi\/wp-json\/wp\/v2\/product\/5057","targetHints":{"allow":["GET"]}}],"collection":[{"href":"https:\/\/blankpage.ee\/_ruumist-ruumi\/wp-json\/wp\/v2\/product"}],"about":[{"href":"https:\/\/blankpage.ee\/_ruumist-ruumi\/wp-json\/wp\/v2\/types\/product"}],"replies":[{"embeddable":true,"href":"https:\/\/blankpage.ee\/_ruumist-ruumi\/wp-json\/wp\/v2\/comments?post=5057"}],"wp:featuredmedia":[{"embeddable":true,"href":"https:\/\/blankpage.ee\/_ruumist-ruumi\/wp-json\/wp\/v2\/media\/5058"}],"wp:attachment":[{"href":"https:\/\/blankpage.ee\/_ruumist-ruumi\/wp-json\/wp\/v2\/media?parent=5057"}],"wp:term":[{"taxonomy":"product_brand","embeddable":true,"href":"https:\/\/blankpage.ee\/_ruumist-ruumi\/wp-json\/wp\/v2\/product_brand?post=5057"},{"taxonomy":"product_cat","embeddable":true,"href":"https:\/\/blankpage.ee\/_ruumist-ruumi\/wp-json\/wp\/v2\/product_cat?post=5057"},{"taxonomy":"product_tag","embeddable":true,"href":"https:\/\/blankpage.ee\/_ruumist-ruumi\/wp-json\/wp\/v2\/product_tag?post=5057"}],"curies":[{"name":"wp","href":"https:\/\/api.w.org\/{rel}","templated":true}]}}