{"id":5062,"date":"2024-11-01T09:40:06","date_gmt":"2024-11-01T09:40:06","guid":{"rendered":"https:\/\/ruumistruumi.ee\/pood\/tumedpruun-voodi-raam-ashton-astq01-akatsiapuust\/"},"modified":"2025-07-15T18:41:34","modified_gmt":"2025-07-15T18:41:34","slug":"tumedpruun-voodiraam-ashton-astq01-akaatsiapuidust","status":"publish","type":"product","link":"https:\/\/blankpage.ee\/_ruumist-ruumi\/pood\/tumedpruun-voodiraam-ashton-astq01-akaatsiapuidust\/","title":{"rendered":"Tumedpruun voodiraam Ashton ASTQ01, akaatsiapuidust"},"content":{"rendered":"<p>Ashton ASTQ01 voodiraam magamistuppa. See stiilne voodiraam on valmistatud vastupidavast harjatud akaatsiapuidust, mille disainis on \u00fchendatud retro, vintage ja boho stiilid. Kauni tumeda pruuni tooniga voodiraam on t\u00e4ielikult puidust ja sellel on kalasabamustriga inkrusteeringud, mis lisavad isikup\u00e4ra ja elegantsi. Voodiraam ei sisalda p\u00f5hja ega madratsit, v\u00f5imaldades valida just teie vajadustele vastavad lisad.<\/p>\n<p>Omadused:<br \/>\n<strong>Materjal:<\/strong> Akaatsiapuit<br \/>\n<strong>V\u00e4rv:<\/strong> Tume pruun<br \/>\n<strong>M\u00f5\u00f5tmed:<\/strong> Laius 145 cm, s\u00fcgavus 212 cm, k\u00f5rgus 130 cm<br \/>\n<strong>T\u00e4iendavad detailid:<\/strong> Inkrusteeritud esipaneelid<br \/>\n<strong>Kokkupanek:<\/strong> Osaliselt kokku pandud, lihtsustades paigaldust ja s\u00e4\u00e4stes aega ning vaeva.<\/p>\n<p>&nbsp;<\/p>\n","protected":false},"excerpt":{"rendered":"<p>Ashton ASTQ01 voodiraam magamistuppa. See stiilne voodiraam on valmistatud vastupidavast harjatud akaatsiapuidust, mille disainis on \u00fchendatud retro, vintage ja boho stiilid. Kauni tumeda pruuni tooniga voodiraam on t\u00e4ielikult puidust ja sellel on kalasabamustriga inkrusteeringud, mis lisavad isikup\u00e4ra ja elegantsi. Voodiraam ei sisalda p\u00f5hja ega madratsit, v\u00f5imaldades valida just teie vajadustele vastavad lisad. Omadused: Materjal: Akaatsiapuit [&hellip;]<\/p>\n","protected":false},"featured_media":5063,"comment_status":"open","ping_status":"closed","template":"","meta":[],"product_brand":[],"product_cat":[156],"product_tag":[],"class_list":{"0":"post-5062","1":"product","2":"type-product","3":"status-publish","4":"has-post-thumbnail","6":"product_cat-voodid","7":"product_shipping_class-livin-hill","8":"pa_kollektsioon-ashton","9":"pa_materjal-akaatsiapuit","10":"pa_varv-tumepruun","12":"first","13":"outofstock","14":"sale","15":"taxable","16":"shipping-taxable","17":"purchasable","18":"product-type-simple"},"_links":{"self":[{"href":"https:\/\/blankpage.ee\/_ruumist-ruumi\/wp-json\/wp\/v2\/product\/5062","targetHints":{"allow":["GET"]}}],"collection":[{"href":"https:\/\/blankpage.ee\/_ruumist-ruumi\/wp-json\/wp\/v2\/product"}],"about":[{"href":"https:\/\/blankpage.ee\/_ruumist-ruumi\/wp-json\/wp\/v2\/types\/product"}],"replies":[{"embeddable":true,"href":"https:\/\/blankpage.ee\/_ruumist-ruumi\/wp-json\/wp\/v2\/comments?post=5062"}],"wp:featuredmedia":[{"embeddable":true,"href":"https:\/\/blankpage.ee\/_ruumist-ruumi\/wp-json\/wp\/v2\/media\/5063"}],"wp:attachment":[{"href":"https:\/\/blankpage.ee\/_ruumist-ruumi\/wp-json\/wp\/v2\/media?parent=5062"}],"wp:term":[{"taxonomy":"product_brand","embeddable":true,"href":"https:\/\/blankpage.ee\/_ruumist-ruumi\/wp-json\/wp\/v2\/product_brand?post=5062"},{"taxonomy":"product_cat","embeddable":true,"href":"https:\/\/blankpage.ee\/_ruumist-ruumi\/wp-json\/wp\/v2\/product_cat?post=5062"},{"taxonomy":"product_tag","embeddable":true,"href":"https:\/\/blankpage.ee\/_ruumist-ruumi\/wp-json\/wp\/v2\/product_tag?post=5062"}],"curies":[{"name":"wp","href":"https:\/\/api.w.org\/{rel}","templated":true}]}}