{"id":5070,"date":"2024-11-01T09:41:02","date_gmt":"2024-11-01T09:41:02","guid":{"rendered":"https:\/\/ruumistruumi.ee\/pood\/tumepruun-ookapp-ashton-astb02-akatsiapuust\/"},"modified":"2025-07-15T18:41:35","modified_gmt":"2025-07-15T18:41:35","slug":"tumepruun-ookapp-ashton-astb02-akaatsiapuidust","status":"publish","type":"product","link":"https:\/\/blankpage.ee\/_ruumist-ruumi\/pood\/tumepruun-ookapp-ashton-astb02-akaatsiapuidust\/","title":{"rendered":"Tumepruun \u00f6\u00f6kapp Ashton ASTB02, akaatsiapuidust"},"content":{"rendered":"<p>Ashton ASTB02 \u00f6\u00f6kapp magamistuppa. See stiilne \u00f6\u00f6kapp on valmistatud tugevast harjatud akaatsiapuidust, mille disainis on \u00fchendatud retro, vintage ja boho stiilid. Kapi kaunis tumepruun toon koos messingiv\u00e4rvi k\u00e4epidemetega loob elegantse ja ajatu ilme. \u00d6\u00f6kapp on varustatud kahe sahtliga, millest \u00fclemisel on pilkup\u00fc\u00fcdev kalasabamuster.<\/p>\n<p>Omadused:<br \/>\n<strong>Materjal:<\/strong> Tugev akaatsiapuit.<br \/>\n<strong>V\u00e4rv:<\/strong> Tumepruun.<br \/>\n<strong>M\u00f5\u00f5tmed:<\/strong> Laius 60 cm, s\u00fcgavus 45 cm, k\u00f5rgus 60 cm.<br \/>\n<strong>T\u00e4iendavad detailid:<\/strong> Metallist k\u00e4epidemed ja inkrusteeritud esipaneelid.<br \/>\n<strong>Kokkupanek:<\/strong> Kokkupandud, ei vaja paigaldust. S\u00e4\u00e4stab aega ja vaeva.<\/p>\n<p>&nbsp;<\/p>\n","protected":false},"excerpt":{"rendered":"<p>Ashton ASTB02 \u00f6\u00f6kapp magamistuppa. See stiilne \u00f6\u00f6kapp on valmistatud tugevast harjatud akaatsiapuidust, mille disainis on \u00fchendatud retro, vintage ja boho stiilid. Kapi kaunis tumepruun toon koos messingiv\u00e4rvi k\u00e4epidemetega loob elegantse ja ajatu ilme. \u00d6\u00f6kapp on varustatud kahe sahtliga, millest \u00fclemisel on pilkup\u00fc\u00fcdev kalasabamuster. Omadused: Materjal: Tugev akaatsiapuit. V\u00e4rv: Tumepruun. M\u00f5\u00f5tmed: Laius 60 cm, s\u00fcgavus 45 [&hellip;]<\/p>\n","protected":false},"featured_media":5071,"comment_status":"open","ping_status":"closed","template":"","meta":[],"product_brand":[],"product_cat":[92],"product_tag":[],"class_list":{"0":"post-5070","1":"product","2":"type-product","3":"status-publish","4":"has-post-thumbnail","6":"product_cat-ookapid","7":"product_shipping_class-livin-hill","8":"pa_kaepidemed-metall","9":"pa_kollektsioon-ashton","10":"pa_materjal-akaatsiapuit","11":"pa_sahtlite-arv-74","12":"pa_varv-tumepruun","14":"first","15":"outofstock","16":"sale","17":"taxable","18":"shipping-taxable","19":"purchasable","20":"product-type-simple"},"_links":{"self":[{"href":"https:\/\/blankpage.ee\/_ruumist-ruumi\/wp-json\/wp\/v2\/product\/5070","targetHints":{"allow":["GET"]}}],"collection":[{"href":"https:\/\/blankpage.ee\/_ruumist-ruumi\/wp-json\/wp\/v2\/product"}],"about":[{"href":"https:\/\/blankpage.ee\/_ruumist-ruumi\/wp-json\/wp\/v2\/types\/product"}],"replies":[{"embeddable":true,"href":"https:\/\/blankpage.ee\/_ruumist-ruumi\/wp-json\/wp\/v2\/comments?post=5070"}],"wp:featuredmedia":[{"embeddable":true,"href":"https:\/\/blankpage.ee\/_ruumist-ruumi\/wp-json\/wp\/v2\/media\/5071"}],"wp:attachment":[{"href":"https:\/\/blankpage.ee\/_ruumist-ruumi\/wp-json\/wp\/v2\/media?parent=5070"}],"wp:term":[{"taxonomy":"product_brand","embeddable":true,"href":"https:\/\/blankpage.ee\/_ruumist-ruumi\/wp-json\/wp\/v2\/product_brand?post=5070"},{"taxonomy":"product_cat","embeddable":true,"href":"https:\/\/blankpage.ee\/_ruumist-ruumi\/wp-json\/wp\/v2\/product_cat?post=5070"},{"taxonomy":"product_tag","embeddable":true,"href":"https:\/\/blankpage.ee\/_ruumist-ruumi\/wp-json\/wp\/v2\/product_tag?post=5070"}],"curies":[{"name":"wp","href":"https:\/\/api.w.org\/{rel}","templated":true}]}}