{"id":50827,"date":"2025-02-21T12:34:08","date_gmt":"2025-02-21T12:34:08","guid":{"rendered":"https:\/\/ruumistruumi.ee\/pood\/dublini-tugitool-beez-jamedakoeline-boucle-kangas\/"},"modified":"2025-08-20T21:32:07","modified_gmt":"2025-08-20T21:32:07","slug":"dublin-tugitool-beez-buklee","status":"publish","type":"product","link":"https:\/\/blankpage.ee\/_ruumist-ruumi\/pood\/dublin-tugitool-beez-buklee\/","title":{"rendered":"Dublin tugitool, bee\u017e buklee"},"content":{"rendered":"<h2>Dublin tugitool, bee\u017e buklee \u2013 luksuslik ja stiilne valik<\/h2>\n<p><strong>Dublin tugitool<\/strong> \u00fchendab endas kaasaegse disaini ja erakordse mugavuse, pakkudes t\u00e4iuslikku istumiselamust igas elutoas v\u00f5i puhkenurgas. Selle elegantne bee\u017e bukleekangas ja mustad jalad loovad kontrastse, ent harmoonilise koosluse, mis t\u00e4iendab igasugust sisekujundust.<\/p>\n<h3>Eksklusiivne disain ja kvaliteetne materjal<\/h3>\n<p>Tugitooli kaunis bee\u017e bukleekangas lisab interj\u00f6\u00f6rile soojust ja pehmust. T\u00e4nu selle vastupidavale kangale ja kvaliteetsele viimistlusele peab tool vastu igap\u00e4evasele kasutamisele ning s\u00e4ilitab oma esteetilise v\u00f5lu aastaid. Mustad jalad annavad toolile j\u00f5ulise visuaalse efekti, samal ajal lisades sellele stabiilsust ning tugevust.<\/p>\n<h3>Ergonoomiline ja mugav istumiskogemus<\/h3>\n<p><strong>Dublin tugitooli<\/strong> ergonoomiline kuju tagab suurep\u00e4rase toe ja mugavuse. 44,5 cm k\u00f5rgusel asuv iste sobib ideaalselt l\u00f5\u00f5gastumiseks ning 52 cm s\u00fcgavune istumisosa pakub piisavalt ruumi maksimaalseks mugavuseks. K\u00e4etoed lisavad toestust ja aitavad saavutada optimaalse istumisasendi.<\/p>\n<h3>Peamised omadused<\/h3>\n<ul>\n<li>Kaasaegne ja stiilne disain<\/li>\n<li>Eksklusiivne bee\u017e bukleekangas<\/li>\n<li>Mustad jalad tugevuse ja elegantsuse lisamiseks<\/li>\n<li>Mugavad k\u00e4etoed t\u00e4iendavaks toestuseks<\/li>\n<li>Vastupidav ja kvaliteetne konstruktsioon<\/li>\n<\/ul>\n<p>Lisage oma koju ajatu ja stiilne <strong>Dublin tugitool<\/strong>, mis pakub nii esteetilist kvaliteeti kui ka erakordset istumismugavust!<\/p>\n<div class=\"desc-attributes\"><strong>Laius<\/strong>: 70 cm<br \/>\n<strong>K\u00f5rgus<\/strong>: 98 cm<br \/>\n<strong>S\u00fcgavus<\/strong>: 76 cm<br \/>\n<strong>Istme k\u00f5rgus<\/strong>: 44.5 cm<br \/>\n<strong>Iste s\u00fcgavus<\/strong>: 52 cm<br \/>\n<strong>K\u00e4etoe k\u00f5rgus<\/strong>: 62 cm<br \/>\n<strong>Tootet\u00fc\u00fcp<\/strong>: Tugitool<br \/>\n<strong>Valik<\/strong>: Dublin<br \/>\n<strong>V\u00e4rvus<\/strong>: Bee\u017e<br \/>\n<strong>Jalgade v\u00e4rvus<\/strong>: Must<br \/>\n<strong>Materjal<\/strong>: Kangas<br \/>\n<strong>Eriomadused<\/strong>: K\u00e4etugedega<br \/>\n<strong>Kokkupanek<\/strong>: Osadena tarnitav, vajab kokkupanekut<br \/>\n<strong>Garantii<\/strong>: 2 aastat<\/div>\n","protected":false},"excerpt":{"rendered":"<p>Dublin tugitool, bee\u017e buklee \u2013 luksuslik ja stiilne valik Dublin tugitool \u00fchendab endas kaasaegse disaini ja erakordse mugavuse, pakkudes t\u00e4iuslikku istumiselamust igas elutoas v\u00f5i puhkenurgas. Selle elegantne bee\u017e bukleekangas ja mustad jalad loovad kontrastse, ent harmoonilise koosluse, mis t\u00e4iendab igasugust sisekujundust. Eksklusiivne disain ja kvaliteetne materjal Tugitooli kaunis bee\u017e bukleekangas lisab interj\u00f6\u00f6rile soojust ja pehmust. [&hellip;]<\/p>\n","protected":false},"featured_media":50828,"comment_status":"open","ping_status":"open","template":"","meta":[],"product_brand":[],"product_cat":[424],"product_tag":[],"class_list":{"0":"post-50827","1":"product","2":"type-product","3":"status-publish","4":"has-post-thumbnail","6":"product_cat-tugitoolid-ja-lounge-toolid","7":"product_shipping_class-furnicher","8":"pa_kollektsioon-dublin","9":"pa_peamine-materjal-kangas","10":"pa_varv-beez","12":"first","13":"outofstock","14":"sale","15":"taxable","16":"shipping-taxable","17":"purchasable","18":"product-type-simple"},"_links":{"self":[{"href":"https:\/\/blankpage.ee\/_ruumist-ruumi\/wp-json\/wp\/v2\/product\/50827","targetHints":{"allow":["GET"]}}],"collection":[{"href":"https:\/\/blankpage.ee\/_ruumist-ruumi\/wp-json\/wp\/v2\/product"}],"about":[{"href":"https:\/\/blankpage.ee\/_ruumist-ruumi\/wp-json\/wp\/v2\/types\/product"}],"replies":[{"embeddable":true,"href":"https:\/\/blankpage.ee\/_ruumist-ruumi\/wp-json\/wp\/v2\/comments?post=50827"}],"wp:featuredmedia":[{"embeddable":true,"href":"https:\/\/blankpage.ee\/_ruumist-ruumi\/wp-json\/wp\/v2\/media\/50828"}],"wp:attachment":[{"href":"https:\/\/blankpage.ee\/_ruumist-ruumi\/wp-json\/wp\/v2\/media?parent=50827"}],"wp:term":[{"taxonomy":"product_brand","embeddable":true,"href":"https:\/\/blankpage.ee\/_ruumist-ruumi\/wp-json\/wp\/v2\/product_brand?post=50827"},{"taxonomy":"product_cat","embeddable":true,"href":"https:\/\/blankpage.ee\/_ruumist-ruumi\/wp-json\/wp\/v2\/product_cat?post=50827"},{"taxonomy":"product_tag","embeddable":true,"href":"https:\/\/blankpage.ee\/_ruumist-ruumi\/wp-json\/wp\/v2\/product_tag?post=50827"}],"curies":[{"name":"wp","href":"https:\/\/api.w.org\/{rel}","templated":true}]}}