{"id":50854,"date":"2024-12-17T13:50:41","date_gmt":"2024-12-17T13:50:41","guid":{"rendered":"https:\/\/ruumistruumi.ee\/pood\/ripptool-harry-musta-varvi-puuvillast-puidust-valmistatud\/"},"modified":"2025-08-20T21:50:05","modified_gmt":"2025-08-20T21:50:05","slug":"ripptool-harry-musta-varvi-triibuline-puuvillane-kangas","status":"publish","type":"product","link":"https:\/\/blankpage.ee\/_ruumist-ruumi\/pood\/ripptool-harry-musta-varvi-triibuline-puuvillane-kangas\/","title":{"rendered":"Ripptool Harry, musta v\u00e4rvi triibuline puuvillane kangas"},"content":{"rendered":"<h2>Ripptool Harry, musta v\u00e4rvi triibuline puuvillane kangas<\/h2>\n<p>Kogege l\u00f5\u00f5gastuse tipphetke Harry v\u00f5rkkiige tooliga, mis on meisterlikult valmistatud pol\u00fcestri ja puuvilla segust ning mida toetab vastupidav lehisepuit. See stiilne rippuv tool, millel on peen must, hall ja valge v\u00e4rvikombinatsioon, sobib ideaalselt igasse v\u00e4lis- v\u00f5i siseruumi.<\/p>\n<h4>Stiilne ja vastupidav konstruktsioon<\/h4>\n<p>Harry v\u00f5rkkiige tool on loodud pakkuma nii esteetilist ilu kui ka vastupidavust. Kvaliteetse pol\u00fcestri ja puuvilla kasutamine tagab pehme ja mugava tunde, samas lehisepuidust raam pakub tugevat tuge. Tooli elegantne must, hall ja valge v\u00e4rvipalett sobib h\u00f5lpsasti iga sisustusega, muutes selle mitmek\u00fclgseks valikuks eluruumi v\u00f5i aia avardamiseks.<\/p>\n<h4>Ideaalne l\u00f5\u00f5gastumiseks v\u00e4litingimustes<\/h4>\n<p>Maksimaalse kandev\u00f5imega 120 kg on Harry v\u00f5rkkiige tool ideaalne neile, kes soovivad lisada oma v\u00e4litingimustesse l\u00f5\u00f5gastust. Olgu see siis riputatud aias oleva puu k\u00fclge v\u00f5i verandal olevale talale, kutsub see v\u00f5rkkiige tool teid \u00fcles nautima l\u00f5\u00f5gastavaid tunde vabas \u00f5hus puhtas mugavuses. Oma disainilt sobib see ka siseruumides kasutamiseks, luues hubase lugemisnurgakese v\u00f5i ainulaadse istumisv\u00f5imaluse igas ruumis.<\/p>\n<h4>Omadused<\/h4>\n<ul>\n<li>Valmistatud vastupidavast pol\u00fcestri ja puuvilla segust<\/li>\n<li>Toetatud tugeva lehisepuiduga<\/li>\n<li>\u0160ikk must, hall ja valge v\u00e4rvikombinatsioon<\/li>\n<li>Maksimaalne kaalupiirang 120 kg<\/li>\n<li>Ideaalne nii sise- kui v\u00e4listingimustes kasutamiseks<\/li>\n<li>Lihtne riputada ja kasutada<\/li>\n<\/ul>\n","protected":false},"excerpt":{"rendered":"<p>Ripptool Harry, musta v\u00e4rvi triibuline puuvillane kangas Kogege l\u00f5\u00f5gastuse tipphetke Harry v\u00f5rkkiige tooliga, mis on meisterlikult valmistatud pol\u00fcestri ja puuvilla segust ning mida toetab vastupidav lehisepuit. See stiilne rippuv tool, millel on peen must, hall ja valge v\u00e4rvikombinatsioon, sobib ideaalselt igasse v\u00e4lis- v\u00f5i siseruumi. Stiilne ja vastupidav konstruktsioon Harry v\u00f5rkkiige tool on loodud pakkuma nii [&hellip;]<\/p>\n","protected":false},"featured_media":50855,"comment_status":"closed","ping_status":"closed","template":"","meta":[],"product_brand":[],"product_cat":[1681],"product_tag":[],"class_list":{"0":"post-50854","1":"product","2":"type-product","3":"status-publish","4":"has-post-thumbnail","6":"product_cat-ripp-toolid-terrassile","7":"product_shipping_class-furnicher","8":"pa_materjal-kangas","9":"pa_tooli-korgus-porandast-1055","10":"pa_tooli-laius-1054","11":"pa_tooli-sugavus-1056","12":"pa_varv-must","14":"first","15":"instock","16":"sale","17":"taxable","18":"shipping-taxable","19":"purchasable","20":"product-type-simple"},"_links":{"self":[{"href":"https:\/\/blankpage.ee\/_ruumist-ruumi\/wp-json\/wp\/v2\/product\/50854","targetHints":{"allow":["GET"]}}],"collection":[{"href":"https:\/\/blankpage.ee\/_ruumist-ruumi\/wp-json\/wp\/v2\/product"}],"about":[{"href":"https:\/\/blankpage.ee\/_ruumist-ruumi\/wp-json\/wp\/v2\/types\/product"}],"replies":[{"embeddable":true,"href":"https:\/\/blankpage.ee\/_ruumist-ruumi\/wp-json\/wp\/v2\/comments?post=50854"}],"wp:featuredmedia":[{"embeddable":true,"href":"https:\/\/blankpage.ee\/_ruumist-ruumi\/wp-json\/wp\/v2\/media\/50855"}],"wp:attachment":[{"href":"https:\/\/blankpage.ee\/_ruumist-ruumi\/wp-json\/wp\/v2\/media?parent=50854"}],"wp:term":[{"taxonomy":"product_brand","embeddable":true,"href":"https:\/\/blankpage.ee\/_ruumist-ruumi\/wp-json\/wp\/v2\/product_brand?post=50854"},{"taxonomy":"product_cat","embeddable":true,"href":"https:\/\/blankpage.ee\/_ruumist-ruumi\/wp-json\/wp\/v2\/product_cat?post=50854"},{"taxonomy":"product_tag","embeddable":true,"href":"https:\/\/blankpage.ee\/_ruumist-ruumi\/wp-json\/wp\/v2\/product_tag?post=50854"}],"curies":[{"name":"wp","href":"https:\/\/api.w.org\/{rel}","templated":true}]}}