{"id":5093,"date":"2024-11-01T09:42:44","date_gmt":"2024-11-01T09:42:44","guid":{"rendered":"https:\/\/ruumistruumi.ee\/pood\/tumedpruun-kummut-ashton-astb04-akatsiapuust\/"},"modified":"2025-04-10T11:56:59","modified_gmt":"2025-04-10T11:56:59","slug":"tumepruun-kummut-ashton-astb04-akaatsiapuidust","status":"publish","type":"product","link":"https:\/\/blankpage.ee\/_ruumist-ruumi\/pood\/tumepruun-kummut-ashton-astb04-akaatsiapuidust\/","title":{"rendered":"Tumepruun kummut Ashton ASTB04, akaatsiapuidust"},"content":{"rendered":"<p>Ashton ASTB04 kummut elutuppa. See stiilne kummut on valmistatud tugevast harjatud akaatsiapuidust ning selle disainis on \u00fchendatud retro, vintage ja boho stiilid. Kaunis tumepruun toon koos messingiv\u00e4rvi k\u00e4epidemetega lisab ruumile soojust ja isikup\u00e4ra. Kummutil on kuus sahtlit, millest \u00fclemisel on kalasabamuster, pakkudes elegantset hoiustamisv\u00f5imalust.<\/p>\n<p>Omadused:<br \/>\n<strong>Materjal:<\/strong> Tugev akaatsiapuit.<br \/>\n<strong>V\u00e4rv:<\/strong> Tumepruun, messingiv\u00e4rvi k\u00e4epidemed.<br \/>\n<strong>M\u00f5\u00f5tmed:<\/strong> Laius 155 cm, s\u00fcgavus 45 cm, k\u00f5rgus 80 cm.<br \/>\n<strong>T\u00e4iendavad detailid:<\/strong> Metallist k\u00e4epidemed, intarsia esipaneelid.<br \/>\n<strong>Kokkupanek:<\/strong> Kokkupandud, ei vaja paigaldust. S\u00e4\u00e4stab aega ja vaeva.<\/p>\n<p>&nbsp;<\/p>\n","protected":false},"excerpt":{"rendered":"<p>Ashton ASTB04 kummut elutuppa. See stiilne kummut on valmistatud tugevast harjatud akaatsiapuidust ning selle disainis on \u00fchendatud retro, vintage ja boho stiilid. Kaunis tumepruun toon koos messingiv\u00e4rvi k\u00e4epidemetega lisab ruumile soojust ja isikup\u00e4ra. Kummutil on kuus sahtlit, millest \u00fclemisel on kalasabamuster, pakkudes elegantset hoiustamisv\u00f5imalust. Omadused: Materjal: Tugev akaatsiapuit. V\u00e4rv: Tumepruun, messingiv\u00e4rvi k\u00e4epidemed. M\u00f5\u00f5tmed: Laius 155 [&hellip;]<\/p>\n","protected":false},"featured_media":5094,"comment_status":"open","ping_status":"closed","template":"","meta":[],"product_brand":[],"product_cat":[81],"product_tag":[],"class_list":{"0":"post-5093","1":"product","2":"type-product","3":"status-publish","4":"has-post-thumbnail","6":"product_cat-kapid-riiulid-ja-kummutid","7":"product_shipping_class-livin-hill","8":"pa_kaepidemed-metall","9":"pa_kollektsioon-ashton","10":"pa_materjal-akaatsiapuit","11":"pa_sahtlite-arv-100","12":"pa_varv-tumepruun","14":"first","15":"instock","16":"sale","17":"taxable","18":"shipping-taxable","19":"purchasable","20":"product-type-simple"},"_links":{"self":[{"href":"https:\/\/blankpage.ee\/_ruumist-ruumi\/wp-json\/wp\/v2\/product\/5093","targetHints":{"allow":["GET"]}}],"collection":[{"href":"https:\/\/blankpage.ee\/_ruumist-ruumi\/wp-json\/wp\/v2\/product"}],"about":[{"href":"https:\/\/blankpage.ee\/_ruumist-ruumi\/wp-json\/wp\/v2\/types\/product"}],"replies":[{"embeddable":true,"href":"https:\/\/blankpage.ee\/_ruumist-ruumi\/wp-json\/wp\/v2\/comments?post=5093"}],"wp:featuredmedia":[{"embeddable":true,"href":"https:\/\/blankpage.ee\/_ruumist-ruumi\/wp-json\/wp\/v2\/media\/5094"}],"wp:attachment":[{"href":"https:\/\/blankpage.ee\/_ruumist-ruumi\/wp-json\/wp\/v2\/media?parent=5093"}],"wp:term":[{"taxonomy":"product_brand","embeddable":true,"href":"https:\/\/blankpage.ee\/_ruumist-ruumi\/wp-json\/wp\/v2\/product_brand?post=5093"},{"taxonomy":"product_cat","embeddable":true,"href":"https:\/\/blankpage.ee\/_ruumist-ruumi\/wp-json\/wp\/v2\/product_cat?post=5093"},{"taxonomy":"product_tag","embeddable":true,"href":"https:\/\/blankpage.ee\/_ruumist-ruumi\/wp-json\/wp\/v2\/product_tag?post=5093"}],"curies":[{"name":"wp","href":"https:\/\/api.w.org\/{rel}","templated":true}]}}