{"id":50981,"date":"2024-12-17T13:52:19","date_gmt":"2024-12-17T13:52:19","guid":{"rendered":"https:\/\/ruumistruumi.ee\/pood\/lounge-tool-oue-note-naturaalne-puit-ja-rotang\/"},"modified":"2025-08-20T21:50:03","modified_gmt":"2025-08-20T21:50:03","slug":"lounge-tool-oue-note-naturaalne-puit-ja-rotang","status":"publish","type":"product","link":"https:\/\/blankpage.ee\/_ruumist-ruumi\/pood\/lounge-tool-oue-note-naturaalne-puit-ja-rotang\/","title":{"rendered":"Lounge tool \u00f5ue Note, naturaalne puit ja rotang"},"content":{"rendered":"<h2>Lounge tool \u00f5ue Note, naturaalne puit ja rotang<\/h2>\n<p>Tutvustame Note lounge tooli, mis on valmistatud naturaalsest tiikpuust ja rotangist &#8211; ideaalne valik neile, kes hindavad j\u00e4tkusuutlikkust ja mugavust.<\/p>\n<h4>K\u00e4sit\u00f6\u00f6 ja j\u00e4tkusuutlikkus<\/h4>\n<p>See lounge too \u00fchendab unikaalselt \u00f6koloogilised materjalid ja loomuliku ilu, t\u00e4iustab mistahes eluruumi v\u00f5i \u00f5ueala. Detailit\u00e4pne viimistlus ja p\u00fchendumus j\u00e4tkusuutlikkusele on viinud Note\u00a0 lounge tooli valmistamiseni vastupidavast ja ilmastikukindlast naturaalsest tiikpuust.<\/p>\n<h4>Kvaliteetsed materjalid pikaajaliseks vastupidavuseks<\/h4>\n<p>Selle kujunduse t\u00e4iendab v\u00e4rske ja naturaalne rotangist iste ja seljatugi. Selle madal profiil ja lai istepakuvad hubast ja kutsuvat ruumi, mis on ideaalne l\u00f5\u00f5gastumiseks. Kogege mugavust ja j\u00e4tkusuutlikkust Note tooliga. See on \u00f6koloogiline ja stiilne t\u00e4iendus teie koduse sisekujunduse v\u00f5i \u00f5uete ala jaoks.<\/p>\n<h4>Omadused<\/h4>\n<ul>\n<li>Vastupidav naturaalsest tiikpuust konstruktsioon<\/li>\n<li>\u00d6koloogilised ja j\u00e4tkusuutlikud materjalid<\/li>\n<li>Ilmastikukindel \u00f5ues kasutamiseks<\/li>\n<li>Mugav rotangist iste ja seljatugi<\/li>\n<li>Madal profiil ja lai iste<\/li>\n<li>Ideaalne sise- ja \u00f5ueruumidesse<\/li>\n<\/ul>\n","protected":false},"excerpt":{"rendered":"<p>Lounge tool \u00f5ue Note, naturaalne puit ja rotang Tutvustame Note lounge tooli, mis on valmistatud naturaalsest tiikpuust ja rotangist &#8211; ideaalne valik neile, kes hindavad j\u00e4tkusuutlikkust ja mugavust. K\u00e4sit\u00f6\u00f6 ja j\u00e4tkusuutlikkus See lounge too \u00fchendab unikaalselt \u00f6koloogilised materjalid ja loomuliku ilu, t\u00e4iustab mistahes eluruumi v\u00f5i \u00f5ueala. Detailit\u00e4pne viimistlus ja p\u00fchendumus j\u00e4tkusuutlikkusele on viinud Note\u00a0 lounge [&hellip;]<\/p>\n","protected":false},"featured_media":50982,"comment_status":"closed","ping_status":"closed","template":"","meta":[],"product_brand":[],"product_cat":[1687],"product_tag":[],"class_list":{"0":"post-50981","1":"product","2":"type-product","3":"status-publish","4":"has-post-thumbnail","6":"product_cat-tugitoolid-ja-lounge-toolid-terrassile","7":"product_shipping_class-furnicher","8":"pa_istme-korgus-porandast-1087","9":"pa_istme-sugavus-1095","10":"pa_materjal-puit","11":"pa_tooli-korgus-porandast-1033","12":"pa_tooli-laius-1094","13":"pa_tooli-sugavus-1022","14":"pa_varv-naturaalne","16":"first","17":"instock","18":"sale","19":"taxable","20":"shipping-taxable","21":"purchasable","22":"product-type-simple"},"_links":{"self":[{"href":"https:\/\/blankpage.ee\/_ruumist-ruumi\/wp-json\/wp\/v2\/product\/50981","targetHints":{"allow":["GET"]}}],"collection":[{"href":"https:\/\/blankpage.ee\/_ruumist-ruumi\/wp-json\/wp\/v2\/product"}],"about":[{"href":"https:\/\/blankpage.ee\/_ruumist-ruumi\/wp-json\/wp\/v2\/types\/product"}],"replies":[{"embeddable":true,"href":"https:\/\/blankpage.ee\/_ruumist-ruumi\/wp-json\/wp\/v2\/comments?post=50981"}],"wp:featuredmedia":[{"embeddable":true,"href":"https:\/\/blankpage.ee\/_ruumist-ruumi\/wp-json\/wp\/v2\/media\/50982"}],"wp:attachment":[{"href":"https:\/\/blankpage.ee\/_ruumist-ruumi\/wp-json\/wp\/v2\/media?parent=50981"}],"wp:term":[{"taxonomy":"product_brand","embeddable":true,"href":"https:\/\/blankpage.ee\/_ruumist-ruumi\/wp-json\/wp\/v2\/product_brand?post=50981"},{"taxonomy":"product_cat","embeddable":true,"href":"https:\/\/blankpage.ee\/_ruumist-ruumi\/wp-json\/wp\/v2\/product_cat?post=50981"},{"taxonomy":"product_tag","embeddable":true,"href":"https:\/\/blankpage.ee\/_ruumist-ruumi\/wp-json\/wp\/v2\/product_tag?post=50981"}],"curies":[{"name":"wp","href":"https:\/\/api.w.org\/{rel}","templated":true}]}}